{"id":708,"date":"2016-09-25T22:27:57","date_gmt":"2016-09-25T20:27:57","guid":{"rendered":"http:\/\/metaversa.de\/web\/?page_id=708"},"modified":"2017-10-19T21:32:33","modified_gmt":"2017-10-19T19:32:33","slug":"robo-battle-workshop-zur-codeweek","status":"publish","type":"page","link":"http:\/\/metaversa.de\/web\/projekte\/medien\/robo-battle-workshop-zur-codeweek\/","title":{"rendered":"Robo Battle &#8211; Workshop zur Codeweek"},"content":{"rendered":"<p><a href=\"http:\/\/metaversa.de\/web\/wp-content\/uploads\/2016\/09\/robobattle.jpg\"><img loading=\"lazy\" decoding=\"async\" class=\"alignnone size-medium wp-image-710\" src=\"http:\/\/metaversa.de\/web\/wp-content\/uploads\/2016\/09\/robobattle-600x408.jpg\" alt=\"robobattle\" width=\"600\" height=\"408\" srcset=\"http:\/\/metaversa.de\/web\/wp-content\/uploads\/2016\/09\/robobattle-600x408.jpg 600w, http:\/\/metaversa.de\/web\/wp-content\/uploads\/2016\/09\/robobattle-768x522.jpg 768w, http:\/\/metaversa.de\/web\/wp-content\/uploads\/2016\/09\/robobattle-1024x696.jpg 1024w\" sizes=\"auto, (max-width: 600px) 100vw, 600px\" \/><\/a><\/p>\n<p><strong>Roboter programmieren mit Scratch<\/strong><\/p>\n<p>Scratch ist eine blockbasierte Programmiersprache, die sich sehr schnell erlernen l\u00e4sst, jedoch auch sehr komplexe M\u00f6glichkeiten bietet, um beispielsweise eigene Spiele zu programmieren. Besonders attraktiv und motivierend ist es, Roboter wie z.B. den mBot von <a href=\"http:\/\/www.makeblock.com\">Makeblock<\/a> mit Scratch zu programmieren. Der mBot ist Modular aufgebaut und verf\u00fcgt \u00fcber zahlreiche Sensoren, die als als Ausl\u00f6ser f\u00fcr verschiedene Roboteraktionen programmiert werden k\u00f6nnen.<\/p>\n<p>Bei unserem dreist\u00fcndigen &#8222;Robo Battle&#8220;-Workshop spielen zwei oder drei Gruppen gegeneinander und versuchen f\u00fcr ihren Roboter ein Programm schreiben, mit dem er vorgegebene Aufgabe besser und schneller erledigt als der Roboter des Spielgegners.<\/p>\n<p>Vorkenntnisse zur Teilnahme sind nicht erforderlich. Nach einer Einf\u00fchrung in die grundlegenden Programmierbefehle von Scratch werden die M\u00f6glichkeiten der mBots demonstriert und die mBots k\u00f6nnen praktisch ausprobiert werden.<\/p>\n<p><a href=\"http:\/\/codeweek.de\"><img loading=\"lazy\" decoding=\"async\" class=\"alignright wp-image-715 size-full\" src=\"http:\/\/metaversa.de\/web\/wp-content\/uploads\/2016\/09\/Badge_de.png\" alt=\"badge_de\" width=\"300\" height=\"105\" \/><\/a>Zielgruppe: 12 &#8211; 18 Jahre<br \/>\n<strong>Zeit: 18. Oktober 2016, 15 &#8211; 18 Uhr<\/strong><br \/>\nOrt: Metaversa e.V., Crellestr. 19-20, 10827 Berlin (Sch\u00f6neberg, S-Bhf. Julius-Leber-Br\u00fccke)<br \/>\nAnmeldung per Mail an lange@metaversa.de<\/p>\n<p>&nbsp;<\/p>\n<figure id=\"attachment_711\" aria-describedby=\"caption-attachment-711\" style=\"width: 600px\" class=\"wp-caption alignnone\"><a href=\"http:\/\/metaversa.de\/web\/wp-content\/uploads\/2016\/09\/spielfeld.jpg\"><img loading=\"lazy\" decoding=\"async\" class=\"size-medium wp-image-711\" src=\"http:\/\/metaversa.de\/web\/wp-content\/uploads\/2016\/09\/spielfeld-600x436.jpg\" alt=\"Spielfeld\" width=\"600\" height=\"436\" srcset=\"http:\/\/metaversa.de\/web\/wp-content\/uploads\/2016\/09\/spielfeld-600x436.jpg 600w, http:\/\/metaversa.de\/web\/wp-content\/uploads\/2016\/09\/spielfeld-768x557.jpg 768w, http:\/\/metaversa.de\/web\/wp-content\/uploads\/2016\/09\/spielfeld-1024x743.jpg 1024w, http:\/\/metaversa.de\/web\/wp-content\/uploads\/2016\/09\/spielfeld.jpg 1200w\" sizes=\"auto, (max-width: 600px) 100vw, 600px\" \/><\/a><figcaption id=\"caption-attachment-711\" class=\"wp-caption-text\">Spielfeld<\/figcaption><\/figure>\n","protected":false},"excerpt":{"rendered":"<p>Roboter programmieren mit Scratch Scratch ist eine blockbasierte Programmiersprache, die sich sehr schnell erlernen l\u00e4sst, jedoch auch sehr komplexe M\u00f6glichkeiten bietet, um beispielsweise eigene Spiele zu programmieren. Besonders attraktiv und motivierend ist es, Roboter wie z.B. den mBot von Makeblock<\/p>\n","protected":false},"author":1,"featured_media":0,"parent":305,"menu_order":0,"comment_status":"closed","ping_status":"closed","template":"","meta":{"jetpack_post_was_ever_published":false,"footnotes":""},"tags":[30,32],"class_list":["post-708","page","type-page","status-publish","hentry","tag-coding","tag-roboter"],"jetpack_sharing_enabled":true,"jetpack_shortlink":"https:\/\/wp.me\/P7Se2K-bq","_links":{"self":[{"href":"http:\/\/metaversa.de\/web\/wp-json\/wp\/v2\/pages\/708","targetHints":{"allow":["GET"]}}],"collection":[{"href":"http:\/\/metaversa.de\/web\/wp-json\/wp\/v2\/pages"}],"about":[{"href":"http:\/\/metaversa.de\/web\/wp-json\/wp\/v2\/types\/page"}],"author":[{"embeddable":true,"href":"http:\/\/metaversa.de\/web\/wp-json\/wp\/v2\/users\/1"}],"replies":[{"embeddable":true,"href":"http:\/\/metaversa.de\/web\/wp-json\/wp\/v2\/comments?post=708"}],"version-history":[{"count":5,"href":"http:\/\/metaversa.de\/web\/wp-json\/wp\/v2\/pages\/708\/revisions"}],"predecessor-version":[{"id":717,"href":"http:\/\/metaversa.de\/web\/wp-json\/wp\/v2\/pages\/708\/revisions\/717"}],"up":[{"embeddable":true,"href":"http:\/\/metaversa.de\/web\/wp-json\/wp\/v2\/pages\/305"}],"wp:attachment":[{"href":"http:\/\/metaversa.de\/web\/wp-json\/wp\/v2\/media?parent=708"}],"wp:term":[{"taxonomy":"post_tag","embeddable":true,"href":"http:\/\/metaversa.de\/web\/wp-json\/wp\/v2\/tags?post=708"}],"curies":[{"name":"wp","href":"https:\/\/api.w.org\/{rel}","templated":true}]}}