{"id":704,"date":"2017-01-21T19:36:55","date_gmt":"2017-01-21T17:36:55","guid":{"rendered":"http:\/\/metaversa.de\/web\/?page_id=704"},"modified":"2017-01-21T19:36:55","modified_gmt":"2017-01-21T17:36:55","slug":"cybermobbing-projekttag-fuer-schulen","status":"publish","type":"page","link":"http:\/\/metaversa.de\/web\/cybermobbing-projekttag-fuer-schulen\/","title":{"rendered":"Cybermobbing-Projekttag f\u00fcr Schulen"},"content":{"rendered":"<p>Beim\u00a0Projekttag &#8222;Cybermobbing&#8220; geht es darum, Chancen und Risiken der Nutzung von Smartphones zu\u00a0erarbeiten\u00a0und f\u00fcr die Gefahren von\u00a0Cybermobbing zu sensibilisieren. Ziel ist es, bei den beteiligten Sch\u00fcler_innen die F\u00e4higkeit zur Empathie, also das \u201eSich-hereinversetzen-in-den-anderen\u201c zu f\u00f6rdern, indem sie in verschiedenen \u00dcbungen lernen andere Perspektiven zu \u00fcbernehmen. Die Sch\u00fcler_innen erarbeiten gemeinsam Probleml\u00f6sungen und gestalten Informationsplakate.<\/p>\n<p>Die Pr\u00e4sentation der Ergebnisse findet am gleichen Tag bei einem Elternabend der teilnehmenden Klassen statt.\u00a0Nach einem kurzen Input durch einen Medienp\u00e4dagogen von Metaversa e.V. stellen\u00a0jeweils 3-4 Sch\u00fcler_innen\u00a0aus jeder Klasse die Ergebnisse des Projekttags vor. Anschlie\u00dfend besteht\u00a0Gelegenheit, eigene Fragen zum Thema Smartphonenutzung zu stellen und sich mit anderen Eltern auszutauschen.<\/p>\n<p>Ablauf:<br \/>\n1. Stunde<br \/>\na)Begr\u00fc\u00dfung,<br \/>\nb) Eigene Mediennutzung<br \/>\nc) Chancen und Gefahren, Kleingruppenarbeit, pro Gruppe drei Karten Chancen, drei Gefahren<br \/>\nd) Wie sch\u00fctze ich mich?<\/p>\n<p>2.\/3, Stunde<br \/>\na.) Film \u201eLet&#8217;s fight it together\u201c ansehen<br \/>\nb.) Blitzlicht<br \/>\nc.) Kleingruppen\u00a0besprechen die Rollen<br \/>\nd ) Talkshow als Rollenspiel<br \/>\ne) m\u00f6gliche L\u00f6sungen zeigen<br \/>\nf) Auswertung der Talkshow<\/p>\n<p>4. StundePlakatgestaltung<br \/>\na) Kleingruppen<br \/>\n&#8211; Wie kann man sich vor (Cyber)mobbing sch\u00fctzen?<br \/>\n&#8211; Was ist strafbar?\u00a0Was kann man tun, wenn man betroffen ist?\u00a0Was sind die Folgen f\u00fcr die Opfer?\u00a0Was sind Motive von Mobbern?<br \/>\n&#8211; Regeln f\u00fcr die Klasse<\/p>\n<p>5. Stunde<\/p>\n<p>a) Pr\u00e4sentation<br \/>\nb)\u00a0Abschlussrunde\/Auswertungsbogen<\/p>\n<p>Kosten:\u00a0Projekttag inklusive Elternabend f\u00fcr bis zu 20 Sch\u00fcler_innen, 300,- Euro inkl. MwSt., f\u00fcr 20-30 Sch\u00fcler_innen: 500,- Euro inkl. MwSt.<\/p>\n<p>Der Projekttag ist geeignet f\u00fcr Sch\u00fcler_innen der 4. bis\u00a06. Klassen.<\/p>\n<p>Wir f\u00fchren die Projekttage auch mit mehreren Klassen parallel durch. Wir beraten Schulen\u00a0auch zu M\u00f6glichkeiten der F\u00f6rderung.<\/p>\n","protected":false},"excerpt":{"rendered":"<p>Beim\u00a0Projekttag &#8222;Cybermobbing&#8220; geht es darum, Chancen und Risiken der Nutzung von Smartphones zu\u00a0erarbeiten\u00a0und f\u00fcr die Gefahren von\u00a0Cybermobbing zu sensibilisieren. Ziel ist es, bei den beteiligten Sch\u00fcler_innen die F\u00e4higkeit zur Empathie, also das \u201eSich-hereinversetzen-in-den-anderen\u201c zu f\u00f6rdern, indem sie in verschiedenen \u00dcbungen<\/p>\n","protected":false},"author":1,"featured_media":0,"parent":0,"menu_order":0,"comment_status":"closed","ping_status":"closed","template":"","meta":{"jetpack_post_was_ever_published":false,"footnotes":""},"tags":[4,5],"class_list":["post-704","page","type-page","status-publish","hentry","tag-internet","tag-schule"],"jetpack_sharing_enabled":true,"jetpack_shortlink":"https:\/\/wp.me\/P7Se2K-bm","_links":{"self":[{"href":"http:\/\/metaversa.de\/web\/wp-json\/wp\/v2\/pages\/704","targetHints":{"allow":["GET"]}}],"collection":[{"href":"http:\/\/metaversa.de\/web\/wp-json\/wp\/v2\/pages"}],"about":[{"href":"http:\/\/metaversa.de\/web\/wp-json\/wp\/v2\/types\/page"}],"author":[{"embeddable":true,"href":"http:\/\/metaversa.de\/web\/wp-json\/wp\/v2\/users\/1"}],"replies":[{"embeddable":true,"href":"http:\/\/metaversa.de\/web\/wp-json\/wp\/v2\/comments?post=704"}],"version-history":[{"count":3,"href":"http:\/\/metaversa.de\/web\/wp-json\/wp\/v2\/pages\/704\/revisions"}],"predecessor-version":[{"id":762,"href":"http:\/\/metaversa.de\/web\/wp-json\/wp\/v2\/pages\/704\/revisions\/762"}],"wp:attachment":[{"href":"http:\/\/metaversa.de\/web\/wp-json\/wp\/v2\/media?parent=704"}],"wp:term":[{"taxonomy":"post_tag","embeddable":true,"href":"http:\/\/metaversa.de\/web\/wp-json\/wp\/v2\/tags?post=704"}],"curies":[{"name":"wp","href":"https:\/\/api.w.org\/{rel}","templated":true}]}}