{"id":681,"date":"2016-07-13T15:43:50","date_gmt":"2016-07-13T13:43:50","guid":{"rendered":"http:\/\/metaversa.de\/web\/?page_id=681"},"modified":"2016-07-13T21:35:43","modified_gmt":"2016-07-13T19:35:43","slug":"tabletlabor-unterrichtsideen-fuer-die-grundschule","status":"publish","type":"page","link":"http:\/\/metaversa.de\/web\/projekte\/mobiles-lernen\/tabletlabor-unterrichtsideen-fuer-die-grundschule\/","title":{"rendered":"Tabletlabor &#8211; Unterrichtsideen f\u00fcr die Grundschule"},"content":{"rendered":"<p>Das Tabletlabor ist ein zweit\u00e4giger Workshop f\u00fcr 5. und 6. Klassen, bei denen Sch\u00fcler_innen gemeinsam mit ihren Lehrer_innen den Einsatz von Tablets im Unterricht erproben.<\/p>\n<p>Mit dem Konzept des &#8222;Tabletlabor&#8220; zeigen wir unterschiedliche M\u00f6glichkeiten auf, wie unkompliziert und ohne vertiefte Technikkenntnisse digitale Medien im Fachunterricht eingesetzt werden k\u00f6nnen. Gleichzeitig bringen wir den Sch\u00fcler_innen Tablets als Lernwerkzeuge n\u00e4her, mit denen sie eigenst\u00e4ndig und kreativ arbeiten k\u00f6nnen. Dabei werden die Sch\u00fcler_innen selber in die Rolle von Lehrer_innen versetzt und leiten Kleingruppen von anderen Sch\u00fcler_innen in produktorientierten Unterrichtseinheiten an.<\/p>\n<p>Medienkompetenz wird auf verschiedenen Ebenen vermittelt. Die Sch\u00fcler_innen lernen die Bedienung der Tablets und verschiedener Apps kennen. Sie produzieren Filme, Comics und Pr\u00e4sentationen. Sie reflektieren aber ebenso dar\u00fcber, wie digitale Medien sie bei Lernprozessen unterst\u00fctzen k\u00f6nnen.\u00a0Medienkompetenz wird auch den beteiligten Lehrer_innen vermittelt. Durch die gemeinsame Vorbereitung und Arbeit im Team mit den Sch\u00fcler_innen k\u00f6nnen Ber\u00fchrungs\u00e4ngste schneller abgebaut werden. Die Lehrer_innen lernen verschiedene Unterrichtsmethoden zum Einsatz mobiler Medien kennen.<\/p>\n<p>Auch die Eltern werden im Projekt eingebunden. Bei einem Elternabend pr\u00e4sentieren die Sch\u00fcler_innen ihre Ergebnisse und zeigen den Eltern auch ganz praktisch die eingesetzen Apps an den Tablets. Neben einem fahclichen Input erhalten die Eltern die Gelegenheit sich \u00fcber Tablets und Handys als Lernwerkzeuge auszutauschen. Ziel ist es, mit dem Tabletlabor unter Einbeziehung aller Gruppen an der Schule eine Auseinandersetzung \u00fcber den sinnvollen Einsatz digitaler Medien im Unterricht zu f\u00fchren.<\/p>\n<p><a href=\"http:\/\/metaversa.de\/web\/wp-content\/uploads\/2016\/07\/tabletlabor2.jpg\"><img loading=\"lazy\" decoding=\"async\" src=\"http:\/\/metaversa.de\/web\/wp-content\/uploads\/2016\/07\/tabletlabor2-600x448.jpg\" alt=\"tabletlabor2\" width=\"600\" height=\"448\" class=\"alignnone size-medium wp-image-691\" srcset=\"http:\/\/metaversa.de\/web\/wp-content\/uploads\/2016\/07\/tabletlabor2-600x448.jpg 600w, http:\/\/metaversa.de\/web\/wp-content\/uploads\/2016\/07\/tabletlabor2-768x573.jpg 768w, http:\/\/metaversa.de\/web\/wp-content\/uploads\/2016\/07\/tabletlabor2-1024x765.jpg 1024w, http:\/\/metaversa.de\/web\/wp-content\/uploads\/2016\/07\/tabletlabor2.jpg 1200w\" sizes=\"auto, (max-width: 600px) 100vw, 600px\" \/><\/a><\/p>\n<p>Ablauf<\/p>\n<p>Im Vorfeld wurde mit den Lehrer_innen die Inhalte der vier Unterrichtseinheiten besprochen, um einen Bezug zum aktuellen Lehrplan herzustellen.<br \/>\nAm ersten Projekttag werden ca. 4-6 Sch\u00fcler_innen aus jeder Klasse gemeinsam mit ihren Lehrer_innen in der Umsetzung eines der folgenden vier Einsatzszenarien (Labore) geschult:\u00a0Dokumentation eines physikalischen Versuchs mit Book\u00a0Crestor,\u00a0Erstellen eines Fremdsprachencomics mit Comic Life,\u00a0Erstellen eines Films \u00fcber Windenergie mit iMovie,\u00a0Erstellen einer Pr\u00e4sentation \u00fcber Kinderrechte mit Puppet Als.<\/p>\n<p>Alle Labore beinhalten Themen, die den Rahmenlehrpl\u00e4nen der Grundschule f\u00fcr die F\u00e4cher Geografie, Deutsch, Naturwissenschaften, Fremdsprachen, Geschichte und politische Bildung entnommen sind. Im Hinblick auf die neuen Rahmenlehrpl\u00e4ne in Berlin-Brandenburg mit dem Basiscurriculum \u201eMedienbildung\u201c werden in den Laboren Kompetenzen aus den Bereichen Information, Pr\u00e4sentation und Produktion vermittelt.<\/p>\n<p>Die Sch\u00fcler_innen teilen sich in vier Expert_innengruppen, die sich jeweils einem der vier Laborse zugeordnet werden. Sie machen sich mit der Technik vertraut, probieren den Ablauf der Unterrichtseinheit aus und lernen Methoden kennen, wie sie die Sch\u00fcler_innen am folgenden Tag anleiten und unterst\u00fctzen k\u00f6nnen.<\/p>\n<p>Am Abend des ersten Tages wird ein Elternabend f\u00fcr alle Eltern der 5. und 6. Klassen angeboten, bei denen wir mit den Eltern \u00fcber Chancen und Risiken der Nutzung mobiler digitaler Medien diskutierten und bei dem die Sch\u00fcler_innen den Eltern ihre Ergebnisse und ihr Labor vorstellen.<\/p>\n<p><a href=\"http:\/\/metaversa.de\/web\/wp-content\/uploads\/2016\/07\/tabletlabor1.jpg\"><img loading=\"lazy\" decoding=\"async\" src=\"http:\/\/metaversa.de\/web\/wp-content\/uploads\/2016\/07\/tabletlabor1-600x400.jpg\" alt=\"tabletlabor1\" width=\"600\" height=\"400\" class=\"alignnone size-medium wp-image-690\" srcset=\"http:\/\/metaversa.de\/web\/wp-content\/uploads\/2016\/07\/tabletlabor1-600x400.jpg 600w, http:\/\/metaversa.de\/web\/wp-content\/uploads\/2016\/07\/tabletlabor1-768x512.jpg 768w, http:\/\/metaversa.de\/web\/wp-content\/uploads\/2016\/07\/tabletlabor1-1024x683.jpg 1024w, http:\/\/metaversa.de\/web\/wp-content\/uploads\/2016\/07\/tabletlabor1.jpg 1200w\" sizes=\"auto, (max-width: 600px) 100vw, 600px\" \/><\/a><\/p>\n<p>Am zweiten Projekttag verteilen sich die Sch\u00fclerexpert_innengruppen auf die Klassen und setzen dort in zwei Schulstunden ihr \u201eLabor\u201c um. Dabei wurde jede der Klassen wiederum in vier Kleingruppen geteilt, die jeweils eines der Experimente des Tabletlabors durchf\u00fchren. In der dritte Stunde findet eine ausf\u00fchrliche Auswertung mit den Klassen statt.<\/p>\n<p>In einem zweiten Durchgang \u00fcber drei Schulstunden werden weitere Klassen einbezogen. Im Anschluss findet eine Gesamtauswertung mit den Sch\u00fclerexpert_innen und den Lehrer_innen statt.<\/p>\n<p>Ergebnisse\/Beobachtungen<\/p>\n<p>Das Tabletlabor wurde erstmalig am 7.\/8. April 2016 in Prenzlau durchgef\u00fchrt. Es wurde im Rahmen des F\u00f6rderpreises &#8222;Medienkompetenz st\u00e4rkt Brandenburg&#8220; von der Medienanstalt Berlin-Brandenburg (mabb) gef\u00f6rdert.<\/p>\n<p>Unsere Beobachtungen des Projekts waren durchweg positiv. Die Schulung der Sch\u00fclerexpert_innen verlief sehr erfolgreich. Alle Sch\u00fcler_innen arbeiteten sehr konzentriert und motiviert mit. Sie nahmen ihre Aufgabe als Expert_innen sehr ernst und unterst\u00fctzten sich bei Fragen und Problemen gegenseitig. Auch von \u00e4lteren Sch\u00fcler_innen wurden sie akzeptiert und respektiert.<\/p>\n<p>Konzept und Ablaufplanung haben insgesamt sehr gut funktioniert. Die von uns aufge-stellten Ziele konnten alle erreicht werden. Mit dem Tabletlabor wurde ein Konzept entwickelt, dass f\u00fcr Grundschulen einen Einstieg bietet, um die Einsatzm\u00f6glichkeiten mobiler digitale Medien im Unterricht kennenzulernen und dabei sowohl Lehrer_innen, wie auch Sch\u00fcler_innen und Eltern einzubeziehen.<\/p>\n<figure id=\"attachment_689\" aria-describedby=\"caption-attachment-689\" style=\"width: 600px\" class=\"wp-caption alignnone\"><a href=\"http:\/\/metaversa.de\/web\/wp-content\/uploads\/2016\/07\/kinderrechte.jpg\"><img loading=\"lazy\" decoding=\"async\" src=\"http:\/\/metaversa.de\/web\/wp-content\/uploads\/2016\/07\/kinderrechte-600x417.jpg\" alt=\"Film zum Thema Kinderrechte (App: Puppet Pals)\" width=\"600\" height=\"417\" class=\"size-medium wp-image-689\" srcset=\"http:\/\/metaversa.de\/web\/wp-content\/uploads\/2016\/07\/kinderrechte-600x417.jpg 600w, http:\/\/metaversa.de\/web\/wp-content\/uploads\/2016\/07\/kinderrechte-768x533.jpg 768w, http:\/\/metaversa.de\/web\/wp-content\/uploads\/2016\/07\/kinderrechte.jpg 880w\" sizes=\"auto, (max-width: 600px) 100vw, 600px\" \/><\/a><figcaption id=\"caption-attachment-689\" class=\"wp-caption-text\">Film zum Thema Kinderrechte (App: Puppet Pals)<\/figcaption><\/figure>\n<figure id=\"attachment_688\" aria-describedby=\"caption-attachment-688\" style=\"width: 425px\" class=\"wp-caption alignnone\"><a href=\"http:\/\/metaversa.de\/web\/wp-content\/uploads\/2016\/07\/englisch_comic.jpg\"><img loading=\"lazy\" decoding=\"async\" src=\"http:\/\/metaversa.de\/web\/wp-content\/uploads\/2016\/07\/englisch_comic-425x600.jpg\" alt=\"Englischsprachiger Comic zum Thema &quot;Tagesablauf&quot; (App: Comic Life)\" width=\"425\" height=\"600\" class=\"size-medium wp-image-688\" srcset=\"http:\/\/metaversa.de\/web\/wp-content\/uploads\/2016\/07\/englisch_comic-425x600.jpg 425w, http:\/\/metaversa.de\/web\/wp-content\/uploads\/2016\/07\/englisch_comic.jpg 591w\" sizes=\"auto, (max-width: 425px) 100vw, 425px\" \/><\/a><figcaption id=\"caption-attachment-688\" class=\"wp-caption-text\">Englischsprachiger Comic zum Thema &#8222;Tagesablauf&#8220; (App: Comic Life)<\/figcaption><\/figure>\n","protected":false},"excerpt":{"rendered":"<p>Das Tabletlabor ist ein zweit\u00e4giger Workshop f\u00fcr 5. und 6. Klassen, bei denen Sch\u00fcler_innen gemeinsam mit ihren Lehrer_innen den Einsatz von Tablets im Unterricht erproben. Mit dem Konzept des &#8222;Tabletlabor&#8220; zeigen wir unterschiedliche M\u00f6glichkeiten auf, wie unkompliziert und ohne vertiefte<\/p>\n","protected":false},"author":1,"featured_media":0,"parent":33,"menu_order":0,"comment_status":"closed","ping_status":"closed","template":"","meta":{"jetpack_post_was_ever_published":false,"footnotes":""},"tags":[17,5],"class_list":["post-681","page","type-page","status-publish","hentry","tag-mobiles-lernen","tag-schule"],"jetpack_sharing_enabled":true,"jetpack_shortlink":"https:\/\/wp.me\/P7Se2K-aZ","_links":{"self":[{"href":"http:\/\/metaversa.de\/web\/wp-json\/wp\/v2\/pages\/681","targetHints":{"allow":["GET"]}}],"collection":[{"href":"http:\/\/metaversa.de\/web\/wp-json\/wp\/v2\/pages"}],"about":[{"href":"http:\/\/metaversa.de\/web\/wp-json\/wp\/v2\/types\/page"}],"author":[{"embeddable":true,"href":"http:\/\/metaversa.de\/web\/wp-json\/wp\/v2\/users\/1"}],"replies":[{"embeddable":true,"href":"http:\/\/metaversa.de\/web\/wp-json\/wp\/v2\/comments?post=681"}],"version-history":[{"count":4,"href":"http:\/\/metaversa.de\/web\/wp-json\/wp\/v2\/pages\/681\/revisions"}],"predecessor-version":[{"id":685,"href":"http:\/\/metaversa.de\/web\/wp-json\/wp\/v2\/pages\/681\/revisions\/685"}],"up":[{"embeddable":true,"href":"http:\/\/metaversa.de\/web\/wp-json\/wp\/v2\/pages\/33"}],"wp:attachment":[{"href":"http:\/\/metaversa.de\/web\/wp-json\/wp\/v2\/media?parent=681"}],"wp:term":[{"taxonomy":"post_tag","embeddable":true,"href":"http:\/\/metaversa.de\/web\/wp-json\/wp\/v2\/tags?post=681"}],"curies":[{"name":"wp","href":"https:\/\/api.w.org\/{rel}","templated":true}]}}