{"id":599,"date":"2015-07-16T10:25:58","date_gmt":"2015-07-16T08:25:58","guid":{"rendered":"http:\/\/metaversa.de\/web\/?page_id=599"},"modified":"2018-04-16T09:58:24","modified_gmt":"2018-04-16T07:58:24","slug":"netzspionage-leicht-gemacht","status":"publish","type":"page","link":"http:\/\/metaversa.de\/web\/projekte\/mobiles-lernen\/netzspionage-leicht-gemacht\/","title":{"rendered":"Netzspionage &#8211; leicht gemacht!"},"content":{"rendered":"<p><strong>Ferienworkshop 18.-20.8.2014<\/strong><\/p>\n<p>Dank GPS und \u00f6ffentlichen Profilen in Facebook, Twitter oder anderen Netzwerken verraten manche Handynutzer mehr als ihnen lieb ist. Absichtlich oder unabsichtlich mit Ortskoordinaten versehene Fotos geben so den aktuellen Aufenthaltsort des\/der HandybesitzerIn Preis. In einem dreit\u00e4gigen Ferienworkshop mit sechs\u00a0Jugendlichen begaben wir uns und mit Kamera an beliebte Orte in Berlin und versuchten \u00a0NutzerInnen \u00fcber ihre bei Instagram hochgeladenen Fotos ausfindig zu machen und anzusprechen. Daraus entstand ein lustiger aber auch lehrreicher Film \u00fcber Privatsph\u00e4re und Datenschutz.<\/p>\n<p><strong>Ablauf<\/strong><\/p>\n<p>Am ersten Tag wurde der Kurzfilm von Jack Vale \u201eSocial Media Experiment\u201c gesehen, aus dem sich die Idee zum Workshop ergeben hat. Diskustiert wurde \u00fcber Chancen und Gefahren der Ortungsdienste bei Handys und Tablets. Anhand der Fotocommunity Instagram wurde mit Tablets ausprobiert, wie sich Nutzer in der Umgebung orten lassen.<\/p>\n<p>Am zweiten Tag wurden Ideen zum Film und das Storyboard entwickelt. Die Aufnahmen f\u00fcr den Film entstanden zwischen Potsdamer Platz und Brandenburger Tor. Am dritten Tag wurde das Filmmaterial geschnitten. Zus\u00e4tzlich zu den Orginalaufnahmen und Interviews vor Ort wurde ein Erkl\u00e4rfilm entwickelt, der erkl\u00e4rt, wie z.B. beim Netzwerk Instagram eine Ortung der Nutzer_innen m\u00f6glich wird.<\/p>\n<p>(Update: Die im Film beschriebenen M\u00f6glichkeiten zur Ortung funktionieren nicht mehr, da Twitter seine APIs ge\u00e4ndert hat)<\/p>\n<p>Der entstandene knapp f\u00fcnfmin\u00fctige Film stie\u00df nach der Ver\u00f6ffentlichung auf Youtube bereits auf gro\u00dfes Interesse. Im Juni 2015 hat der Film den\u00a03. Preis beim Wettbewerb &#8222;<a href=\"https:\/\/www.sicher-im-netz.de\/news\/preistraeger-mydigitalworld-2015-ausgezeichnet\">MyDigitalWorld<\/a>&#8220; gewonnen.<\/p>\n<p><iframe loading=\"lazy\" src=\"https:\/\/www.youtube.com\/embed\/Mz3E8S3QP0w?rel=0\" width=\"560\" height=\"315\" frameborder=\"0\" allowfullscreen=\"allowfullscreen\"><\/iframe><\/p>\n<p>Eine CC-Version des Films zum Einsatz in der Bildung etc. bieten wir hier zum Download an: <a href=\"http:\/\/www.metaversa.de\/web\/doks\/Netzspionage_cc.mov\">Netzspionage_cc.mov<\/a> (344 MB).\u00a0Der Film ist lizenziert unter einer Creative Commons Namensnennung &#8211; Weitergabe unter gleichen Bedingungen 4.0 International Lizenz.<\/p>\n<p>Gef\u00f6rdert von <a href=\"http:\/\/berlinimpuls.de\">BerlinImPuls<\/a><\/p>\n","protected":false},"excerpt":{"rendered":"<p>Ferienworkshop 18.-20.8.2014 Dank GPS und \u00f6ffentlichen Profilen in Facebook, Twitter oder anderen Netzwerken verraten manche Handynutzer mehr als ihnen lieb ist. Absichtlich oder unabsichtlich mit Ortskoordinaten versehene Fotos geben so den aktuellen Aufenthaltsort des\/der HandybesitzerIn Preis. In einem dreit\u00e4gigen Ferienworkshop<\/p>\n","protected":false},"author":1,"featured_media":0,"parent":33,"menu_order":0,"comment_status":"closed","ping_status":"closed","template":"","meta":{"jetpack_post_was_ever_published":false,"footnotes":""},"tags":[16,4,17,8],"class_list":["post-599","page","type-page","status-publish","hentry","tag-datenschutz","tag-internet","tag-mobiles-lernen","tag-video"],"jetpack_sharing_enabled":true,"jetpack_shortlink":"https:\/\/wp.me\/P7Se2K-9F","_links":{"self":[{"href":"http:\/\/metaversa.de\/web\/wp-json\/wp\/v2\/pages\/599","targetHints":{"allow":["GET"]}}],"collection":[{"href":"http:\/\/metaversa.de\/web\/wp-json\/wp\/v2\/pages"}],"about":[{"href":"http:\/\/metaversa.de\/web\/wp-json\/wp\/v2\/types\/page"}],"author":[{"embeddable":true,"href":"http:\/\/metaversa.de\/web\/wp-json\/wp\/v2\/users\/1"}],"replies":[{"embeddable":true,"href":"http:\/\/metaversa.de\/web\/wp-json\/wp\/v2\/comments?post=599"}],"version-history":[{"count":5,"href":"http:\/\/metaversa.de\/web\/wp-json\/wp\/v2\/pages\/599\/revisions"}],"predecessor-version":[{"id":969,"href":"http:\/\/metaversa.de\/web\/wp-json\/wp\/v2\/pages\/599\/revisions\/969"}],"up":[{"embeddable":true,"href":"http:\/\/metaversa.de\/web\/wp-json\/wp\/v2\/pages\/33"}],"wp:attachment":[{"href":"http:\/\/metaversa.de\/web\/wp-json\/wp\/v2\/media?parent=599"}],"wp:term":[{"taxonomy":"post_tag","embeddable":true,"href":"http:\/\/metaversa.de\/web\/wp-json\/wp\/v2\/tags?post=599"}],"curies":[{"name":"wp","href":"https:\/\/api.w.org\/{rel}","templated":true}]}}