{"id":48,"date":"2014-04-02T15:10:24","date_gmt":"2014-04-02T13:10:24","guid":{"rendered":"http:\/\/metaversa.de\/web\/?page_id=48"},"modified":"2014-06-09T21:56:37","modified_gmt":"2014-06-09T19:56:37","slug":"antidiskriminierung","status":"publish","type":"page","link":"http:\/\/metaversa.de\/web\/projekte\/antidiskriminierung\/","title":{"rendered":"Antidiskriminierung"},"content":{"rendered":"<p><a title=\"\u201e\u2026auf dem Weg zu einem toleranten Brandenburg\u201c\" href=\"http:\/\/metaversa.de\/web\/projekte\/antidiskriminierung\/auf-dem-weg-zu-einem-toleranten-brandenburg\/\">Auf dem Weg zu einem Toleranten Brandenburg<\/a>\u00a0(2008)<br \/>\nMitte 2008 feierte das Handlungskonzept &#8222;Tolerantes Brandenburg &#8212; f\u00fcr eine starke und lebendige Demokratie&#8220; 10j\u00e4hriges Jubil\u00e4um. Zeit f\u00fcr einen R\u00fcckblick und Reflexion: eine Auseinandersetzung mit dem Alltag 2008 in Brandenburg.<\/p>\n<p><a title=\"Medienwerkstatt f\u00fcr Toleranz \u2013 \u201cfair denken\u201d\" href=\"http:\/\/metaversa.de\/web\/projekte\/antidiskriminierung\/medienwerkstatt-fuer-toleranz-fair-denken\/\">Medienwerkstatt f\u00fcr Toleranz &#8211; Videoworkshop:\u00a0&#8222;fair denken&#8220;<\/a>\u00a0(2008)<br \/>\nKetzin ist ein kleines, sch\u00f6nes St\u00e4dtchen an der Havel inmitten von Brandenburg. Die Videogruppe versuchte sich ein ganz eigenes Bild dieser beschaulichen Stadt zu machen \u2013 einer Stadt mit sowohl guten als (vielleicht) auch weniger guten Seiten.<\/p>\n<p><a title=\"Radioworkshops\" href=\"http:\/\/metaversa.de\/web\/projekte\/antidiskriminierung\/radioworkshops\/\">Radioworkshops<\/a>\u00a0(2004 &#8211; 2007)<br \/>\nZwischen 2004 und 2007 f\u00fchrte Metaversa mehrere Radioworkshops zu den Themen Demokratie, Rechtsextremismus, Antidiskriminierung und Berufsbildung durch.<\/p>\n<p><a title=\"Unsere Zungen sprechen viele Sprachen\" href=\"http:\/\/metaversa.de\/web\/projekte\/antidiskriminierung\/unsere-zungen-sprechen-viele-sprachen\/\">Unsere Zungen sprechen viele Sprachen<\/a>\u00a0(2006)<br \/>\nAcht M\u00e4dchen, zum Teil mit Migrationshintergrund im Alter zwischen 10 und 16 Jahren schreiben Geschichten und vertonen sie.<\/p>\n<p><a title=\"\u201cNeue Heimat\u201d\" href=\"http:\/\/metaversa.de\/web\/projekte\/antidiskriminierung\/neue-heimat\/\">Neue Heimat<\/a>\u00a0(2008)<br \/>\nMigranten in Lichtenberg gestern und heute &#8211; Eine Videodokumentation von Sch\u00fclern und Sch\u00fclerinnen in 10315 Lichtenberg-Mitte<\/p>\n<p><a title=\"Israel in Berlin \u2013 60 Jahre Gr\u00fcndung des Staates Israel\" href=\"http:\/\/metaversa.de\/web\/projekte\/antidiskriminierung\/israel-in-berlin-60-jahre-gruendung-des-staates-israel\/\">60 Jahre Israel<\/a>\u00a0(2008 &#8211; 2009)<br \/>\nBei dem Projekt begegnen sich Jugendliche zwischen Oktober und Dezember 2008 und reflektieren, zu erst einmal, ihr eigenes Israelbild, um dann in einem zweiten Schritt die Bilder anderer kennenzulernen.<\/p>\n<p><a title=\"\u201cDenk Mal!\u201d\" href=\"http:\/\/metaversa.de\/web\/projekte\/antidiskriminierung\/denk-mal\/\">Denk Mal!\u00a0<\/a>(2008)<br \/>\nJugendliche aus Klein K\u00f6ris werfen einen kritischen Blick auf Brandenburger Kriegerdenkm\u00e4ler.<\/p>\n<p><a title=\"\u201cVielfalt statt Einfalt\u201d\" href=\"http:\/\/metaversa.de\/web\/projekte\/antidiskriminierung\/vielfalt-statt-einfalt\/\">Vielfalt statt Einfalt<\/a>\u00a0(2008-2009)<br \/>\nJugendliche zweier Moabiter Schulen setzen sich in einer Projektwoche im Februar 2009 in verschiedenen Workshops mit der Vielfalt ihres Kiezes auseinander.<\/p>\n<p><a title=\"Man warf mich in ein Lager\" href=\"http:\/\/metaversa.de\/web\/projekte\/antidiskriminierung\/man-warf-mich-in-ein-lager-in-einen-verdammten-ort\/\">Man warf mich in ein Lager..<\/a>\u00a0(2009)<br \/>\nIn unmittelbarer Nachbarschaft des StadtGutes Blankenfelde im Norden Berlins befand sich von 1942 bis 1945 ein sog. Durchgangs- bzw. Sterbelager f\u00fcr arbeitsunf\u00e4hige Ostarbeiter\/innen.<\/p>\n<p><a title=\"Einblicke Filmprojekt\" href=\"http:\/\/metaversa.de\/web\/projekte\/antidiskriminierung\/einblicke-filmprojekt\/\">Einblicke Filmprojekt<\/a>\u00a0(2010)<br \/>\nFilmische Collage aus Selbstportraits von M\u00e4dchen aus Berlin mit verschiedenen kulturellen Wurzeln<\/p>\n","protected":false},"excerpt":{"rendered":"<p>Auf dem Weg zu einem Toleranten Brandenburg\u00a0(2008) Mitte 2008 feierte das Handlungskonzept &#8222;Tolerantes Brandenburg &#8212; f\u00fcr eine starke und lebendige Demokratie&#8220; 10j\u00e4hriges Jubil\u00e4um. Zeit f\u00fcr einen R\u00fcckblick und Reflexion: eine Auseinandersetzung mit dem Alltag 2008 in Brandenburg. Medienwerkstatt f\u00fcr Toleranz<\/p>\n","protected":false},"author":1,"featured_media":0,"parent":27,"menu_order":0,"comment_status":"closed","ping_status":"closed","template":"","meta":{"jetpack_post_was_ever_published":false,"footnotes":""},"tags":[],"class_list":["post-48","page","type-page","status-publish","hentry"],"jetpack_sharing_enabled":true,"jetpack_shortlink":"https:\/\/wp.me\/P7Se2K-M","_links":{"self":[{"href":"http:\/\/metaversa.de\/web\/wp-json\/wp\/v2\/pages\/48","targetHints":{"allow":["GET"]}}],"collection":[{"href":"http:\/\/metaversa.de\/web\/wp-json\/wp\/v2\/pages"}],"about":[{"href":"http:\/\/metaversa.de\/web\/wp-json\/wp\/v2\/types\/page"}],"author":[{"embeddable":true,"href":"http:\/\/metaversa.de\/web\/wp-json\/wp\/v2\/users\/1"}],"replies":[{"embeddable":true,"href":"http:\/\/metaversa.de\/web\/wp-json\/wp\/v2\/comments?post=48"}],"version-history":[{"count":7,"href":"http:\/\/metaversa.de\/web\/wp-json\/wp\/v2\/pages\/48\/revisions"}],"predecessor-version":[{"id":372,"href":"http:\/\/metaversa.de\/web\/wp-json\/wp\/v2\/pages\/48\/revisions\/372"}],"up":[{"embeddable":true,"href":"http:\/\/metaversa.de\/web\/wp-json\/wp\/v2\/pages\/27"}],"wp:attachment":[{"href":"http:\/\/metaversa.de\/web\/wp-json\/wp\/v2\/media?parent=48"}],"wp:term":[{"taxonomy":"post_tag","embeddable":true,"href":"http:\/\/metaversa.de\/web\/wp-json\/wp\/v2\/tags?post=48"}],"curies":[{"name":"wp","href":"https:\/\/api.w.org\/{rel}","templated":true}]}}