{"id":451,"date":"2014-07-04T22:56:56","date_gmt":"2014-07-04T20:56:56","guid":{"rendered":"http:\/\/metaversa.de\/web\/?page_id=451"},"modified":"2015-06-19T16:01:40","modified_gmt":"2015-06-19T14:01:40","slug":"netzlotsen","status":"publish","type":"page","link":"http:\/\/metaversa.de\/web\/projekte\/medien\/netzlotsen\/","title":{"rendered":"Netzlotsen@"},"content":{"rendered":"<p>Netzlotsen ist eine Projektwoche, die in Berliner und Brandenburger Grundschulen mit 5. oder 6. Klassen durchgef\u00fchrt wird. Es handelte sich dabei um ein intergeneratives Projekt, bei dem auch die Gro\u00dfeltern und Eltern der Sch\u00fcler_innen eingebunden werden.<\/p>\n<p>Ziel des Projekts ist es, den Sch\u00fcler_innen und ihren Gro\u00dfeltern Medienkompetenz zu vermitteln. Durch die Situation selber Lehrer_in sein zu k\u00f6nnen, erweitern die Sch\u00fcler_innen ihre sozialen Kompetenzen und lernen Methoden kennen, wie sie anderen zuh\u00f6ren, auf sie eingehen und Wissen weitervermitteln k\u00f6nnen. Die Sch\u00fcler_innen k\u00f6nnen sich mit ihrem neu erworbenen Wissen \u00fcber Nutzung und auch Risiken des Internets als kompetente Kinder und Enkel pr\u00e4sentieren. Aber nicht nur die Gro\u00dfeltern k\u00f6nnen von den Kindern lernen, sondern die Sch\u00fcler_innen haben die M\u00f6glichkeit die Medienwelt der Gro\u00dfeltern kennenzulernen.<\/p>\n<p>An den ersten vier Projekttagen setzen sich die Sch\u00fcler_innen mit den Chancen und Gefahren der Internetkommunikation auseinander, erfahren ein intensives Recherchetraining und lernen die notwendigen Methoden kennen, um ihr Wissen als \u201cNetzlotsen\u201d an andere weiterzugeben. Die Gro\u00dfeltern der Sch\u00fcler_innen nehmen am letzten Projekttag teil. Dann geben die Sch\u00fcler_innen ihr neu erworbenes Wissen an die Gro\u00dfeltern weiter und f\u00fchren mit ihnen ein Internetrecherchetraining durch.<\/p>\n<p>\u201enetzlotsen@\u201c ist ein Projekt der Medienanstalt Berlin-Brandenburg (mabb) und wurde bereits 2011 erfolgreich an einer Grundschule in Wusterhausen und 2013 in Hohen-Neuendorf durchgef\u00fchrt. Beim Wettbewerb \u201cWege ins Netz\u201d des Bundesministeriums f\u00fcr Wirtschaft und Technologie belegte \u201enetzlotsen@wusterhausen\u201c 2011 in der Kategorie \u201eErste Wege ins Netz: Interneteinsteiger begeistern\u201c den 3. Platz. Durch die F\u00f6rderung der mabb entstehen der Grundschule keine Kosten. Das Projekt wird von zwei Medienp\u00e4dagog_innen von Metaversa e.V. vor Ort durchgef\u00fchrt.<\/p>\n<p>In 2014 wurde das Projekt in der M\u00fcggelheimer Grundschule und der Mosaik-Grundschule Hohen-Neuendorf durchgef\u00fchrt. In 2015 finden drei Projektwochen in Berlin-Britz, L\u00fcbben und Neuruppin statt.<\/p>\n<p><a href=\"http:\/\/metaversa.de\/web\/wp-content\/uploads\/2014\/07\/fotobanner1.jpg\"><img loading=\"lazy\" decoding=\"async\" class=\"alignleft size-medium wp-image-455\" src=\"http:\/\/metaversa.de\/web\/wp-content\/uploads\/2014\/07\/fotobanner1-600x101.jpg\" alt=\"fotobanner\" width=\"600\" height=\"101\" srcset=\"http:\/\/metaversa.de\/web\/wp-content\/uploads\/2014\/07\/fotobanner1-600x101.jpg 600w, http:\/\/metaversa.de\/web\/wp-content\/uploads\/2014\/07\/fotobanner1-1024x173.jpg 1024w, http:\/\/metaversa.de\/web\/wp-content\/uploads\/2014\/07\/fotobanner1.jpg 1600w\" sizes=\"auto, (max-width: 600px) 100vw, 600px\" \/><\/a><\/p>\n","protected":false},"excerpt":{"rendered":"<p>Netzlotsen ist eine Projektwoche, die in Berliner und Brandenburger Grundschulen mit 5. oder 6. Klassen durchgef\u00fchrt wird. Es handelte sich dabei um ein intergeneratives Projekt, bei dem auch die Gro\u00dfeltern und Eltern der Sch\u00fcler_innen eingebunden werden. Ziel des Projekts ist<\/p>\n","protected":false},"author":1,"featured_media":0,"parent":305,"menu_order":0,"comment_status":"closed","ping_status":"closed","template":"","meta":{"jetpack_post_was_ever_published":false,"footnotes":""},"tags":[25,4,5],"class_list":["post-451","page","type-page","status-publish","hentry","tag-intergenerativ","tag-internet","tag-schule"],"jetpack_sharing_enabled":true,"jetpack_shortlink":"https:\/\/wp.me\/P7Se2K-7h","_links":{"self":[{"href":"http:\/\/metaversa.de\/web\/wp-json\/wp\/v2\/pages\/451","targetHints":{"allow":["GET"]}}],"collection":[{"href":"http:\/\/metaversa.de\/web\/wp-json\/wp\/v2\/pages"}],"about":[{"href":"http:\/\/metaversa.de\/web\/wp-json\/wp\/v2\/types\/page"}],"author":[{"embeddable":true,"href":"http:\/\/metaversa.de\/web\/wp-json\/wp\/v2\/users\/1"}],"replies":[{"embeddable":true,"href":"http:\/\/metaversa.de\/web\/wp-json\/wp\/v2\/comments?post=451"}],"version-history":[{"count":7,"href":"http:\/\/metaversa.de\/web\/wp-json\/wp\/v2\/pages\/451\/revisions"}],"predecessor-version":[{"id":590,"href":"http:\/\/metaversa.de\/web\/wp-json\/wp\/v2\/pages\/451\/revisions\/590"}],"up":[{"embeddable":true,"href":"http:\/\/metaversa.de\/web\/wp-json\/wp\/v2\/pages\/305"}],"wp:attachment":[{"href":"http:\/\/metaversa.de\/web\/wp-json\/wp\/v2\/media?parent=451"}],"wp:term":[{"taxonomy":"post_tag","embeddable":true,"href":"http:\/\/metaversa.de\/web\/wp-json\/wp\/v2\/tags?post=451"}],"curies":[{"name":"wp","href":"https:\/\/api.w.org\/{rel}","templated":true}]}}