{"id":39,"date":"2014-04-02T15:07:22","date_gmt":"2014-04-02T13:07:22","guid":{"rendered":"http:\/\/metaversa.de\/web\/?page_id=39"},"modified":"2014-06-09T21:56:49","modified_gmt":"2014-06-09T19:56:49","slug":"berufsbildung","status":"publish","type":"page","link":"http:\/\/metaversa.de\/web\/projekte\/berufsbildung\/","title":{"rendered":"Berufsbildung"},"content":{"rendered":"<p><a title=\"Gro\u00dfe Pause \u2013 die Schulhofsoap\" href=\"http:\/\/metaversa.de\/web\/projekte\/berufsbildung\/grosse-pause-die-schulhofsoap\/\">Gro\u00dfe Pause &#8211;\u00a0Schulhofsoap<\/a>\u00a0(2008)<br \/>\nF\u00fcnf Gruppen aus Berliner Jugendeinrichtungen konkurrierten in einem Wettbewerb um die beste Werbung f\u00fcr die fiktive Fernsehsoap &#8222;Gro\u00dfe Pause&#8220;.<\/p>\n<p><a title=\"Welcome to the Jungle \u2013 Praxistest f\u00fcr Jugendliche\" href=\"http:\/\/metaversa.de\/web\/projekte\/berufsbildung\/welcome-to-the-jungle-praxistest-fuer-jugendliche\/\">Welcome To The Jungle\u00a0<\/a>(2008)<br \/>\nDer in Form eines TV-Features erstellte Film \u201aWelcome to the Jungle\u2019 gew\u00e4hrt dem Zuschauenden einen teilweise sehr pers\u00f6nlichen Einblick in Berufsw\u00fcnsche von drei Jugendlichen.<\/p>\n<p><a title=\"Die vernetzte Kuh\" href=\"http:\/\/metaversa.de\/web\/projekte\/berufsbildung\/die-vernetzte-kuh\/\">Die vernetzte Kuh<\/a>\u00a0(2010)<br \/>\nIn Videobeitr\u00e4gen und einer Sendung im ALEX (Offener Kanal Berlin) dokumentieren den Einzug der Informationstechnologie in die Landwirtschaft.<\/p>\n","protected":false},"excerpt":{"rendered":"<p>Gro\u00dfe Pause &#8211;\u00a0Schulhofsoap\u00a0(2008) F\u00fcnf Gruppen aus Berliner Jugendeinrichtungen konkurrierten in einem Wettbewerb um die beste Werbung f\u00fcr die fiktive Fernsehsoap &#8222;Gro\u00dfe Pause&#8220;. Welcome To The Jungle\u00a0(2008) Der in Form eines TV-Features erstellte Film \u201aWelcome to the Jungle\u2019 gew\u00e4hrt dem Zuschauenden<\/p>\n","protected":false},"author":1,"featured_media":0,"parent":27,"menu_order":0,"comment_status":"closed","ping_status":"closed","template":"","meta":{"jetpack_post_was_ever_published":false,"footnotes":""},"tags":[],"class_list":["post-39","page","type-page","status-publish","hentry"],"jetpack_sharing_enabled":true,"jetpack_shortlink":"https:\/\/wp.me\/P7Se2K-D","_links":{"self":[{"href":"http:\/\/metaversa.de\/web\/wp-json\/wp\/v2\/pages\/39","targetHints":{"allow":["GET"]}}],"collection":[{"href":"http:\/\/metaversa.de\/web\/wp-json\/wp\/v2\/pages"}],"about":[{"href":"http:\/\/metaversa.de\/web\/wp-json\/wp\/v2\/types\/page"}],"author":[{"embeddable":true,"href":"http:\/\/metaversa.de\/web\/wp-json\/wp\/v2\/users\/1"}],"replies":[{"embeddable":true,"href":"http:\/\/metaversa.de\/web\/wp-json\/wp\/v2\/comments?post=39"}],"version-history":[{"count":5,"href":"http:\/\/metaversa.de\/web\/wp-json\/wp\/v2\/pages\/39\/revisions"}],"predecessor-version":[{"id":377,"href":"http:\/\/metaversa.de\/web\/wp-json\/wp\/v2\/pages\/39\/revisions\/377"}],"up":[{"embeddable":true,"href":"http:\/\/metaversa.de\/web\/wp-json\/wp\/v2\/pages\/27"}],"wp:attachment":[{"href":"http:\/\/metaversa.de\/web\/wp-json\/wp\/v2\/media?parent=39"}],"wp:term":[{"taxonomy":"post_tag","embeddable":true,"href":"http:\/\/metaversa.de\/web\/wp-json\/wp\/v2\/tags?post=39"}],"curies":[{"name":"wp","href":"https:\/\/api.w.org\/{rel}","templated":true}]}}