{"id":37,"date":"2014-04-02T15:06:34","date_gmt":"2014-04-02T13:06:34","guid":{"rendered":"http:\/\/metaversa.de\/web\/?page_id=37"},"modified":"2014-09-30T13:24:17","modified_gmt":"2014-09-30T11:24:17","slug":"zeitzeuginnen","status":"publish","type":"page","link":"http:\/\/metaversa.de\/web\/projekte\/zeitzeuginnen\/","title":{"rendered":"ZeitzeugInnen"},"content":{"rendered":"<p><a title=\"Zeitzeugengeschichte.de\" href=\"http:\/\/metaversa.de\/web\/projekte\/zeitzeuginnen\/zeitzeugengeschichte-de\/\">zeitzeugengeschichte.de<\/a>\u00a0(seit 2006)<br \/>\nJugendliche und junge Erwachsene interviewen Zeitzeug\/innen des NS-Regimes, bearbeiten die aufgenommenen Interviews, erstellen Themenclips und stellen sie auf das Webportal zeitzeugengeschichte.de<\/p>\n<p><a title=\"\u201cNeue Heimat\u201d\" href=\"http:\/\/metaversa.de\/web\/projekte\/antidiskriminierung\/neue-heimat\/\">&#8222;Neue Heimat&#8220;<\/a>\u00a0(2008)<br \/>\nMigranten in Lichtenberg gestern und heute &#8211; Eine Videodokumentation von Sch\u00fclern und Sch\u00fclerinnen in 10315 Lichtenberg-Mitte<br \/>\nGeschichte wird f\u00fcr Jugendliche spielerisch erfahrbar<br \/>\nFilmische Collage aus Selbstportraits von M\u00e4dchen aus Berlin mit verschiedenen kulturellen Wurzeln<\/p>\n<p><a title=\"\u201eDamals waren wir Nummern, heute sind wir Menschen\u201c\" href=\"http:\/\/metaversa.de\/web\/projekte\/zeitzeuginnen\/damals-waren-wir-nummern-heute-sind-wir-menschen\/\">Damals waren wir Nummern, heute sind wir Menschen<\/a>\u00a0(2008)<br \/>\nEin Film von Sch\u00fclerInnen in Berlin-Lichterfelde \u00fcber das KZ-Au\u00dfenlager Lichterfelde, in dem Zeitzeugen \u00fcber den Alltag, die Ern\u00e4hrung, die Arbeit oder die ihnen widerfahrenen Gewaltt\u00e4tigkeiten in dem Sachsenhausener Au\u00dfenlager sprechen.<\/p>\n<p><a title=\"Auf Spurensuche des Nationalsozialismus\" href=\"http:\/\/metaversa.de\/web\/projekte\/internationales\/279-2\/\">Auf Spurensuche des Nationalsozialismus<\/a>\u00a0(2007)<br \/>\nVom 13.10.07- 21.10.07 fand in Berlin eine europ\u00e4ische Jugendbegegnung von schwul-lesbischen-bisexuellen und Transgender Jugendlichen aus Estland, Tschechische Republik, Niederlande und Deutschland statt.<\/p>\n<p><a title=\"Erinnern f\u00fcr die Zukunft\" href=\"http:\/\/metaversa.de\/web\/projekte\/zeitzeuginnen\/erinnern-fuer-die-zukunft\/\">Erinnern f\u00fcr die Zukunft<\/a> (2007)<br \/>\nAm 8. Mai 2007 versammelten sich ehemalige Gefangene des Au\u00dfenlagers Lichterfelde (KZ Sachsenhausen) um an das Grauen des Nationalsozialismus zu erinnern. Metaversa dokumentierte per Video diesen Tag und interviewten mehrere Zeitzeugen.<\/p>\n<p>&nbsp;<\/p>\n","protected":false},"excerpt":{"rendered":"<p>zeitzeugengeschichte.de\u00a0(seit 2006) Jugendliche und junge Erwachsene interviewen Zeitzeug\/innen des NS-Regimes, bearbeiten die aufgenommenen Interviews, erstellen Themenclips und stellen sie auf das Webportal zeitzeugengeschichte.de &#8222;Neue Heimat&#8220;\u00a0(2008) Migranten in Lichtenberg gestern und heute &#8211; Eine Videodokumentation von Sch\u00fclern und Sch\u00fclerinnen in 10315<\/p>\n","protected":false},"author":1,"featured_media":0,"parent":27,"menu_order":0,"comment_status":"closed","ping_status":"closed","template":"","meta":{"jetpack_post_was_ever_published":false,"footnotes":""},"tags":[],"class_list":["post-37","page","type-page","status-publish","hentry"],"jetpack_sharing_enabled":true,"jetpack_shortlink":"https:\/\/wp.me\/P7Se2K-B","_links":{"self":[{"href":"http:\/\/metaversa.de\/web\/wp-json\/wp\/v2\/pages\/37","targetHints":{"allow":["GET"]}}],"collection":[{"href":"http:\/\/metaversa.de\/web\/wp-json\/wp\/v2\/pages"}],"about":[{"href":"http:\/\/metaversa.de\/web\/wp-json\/wp\/v2\/types\/page"}],"author":[{"embeddable":true,"href":"http:\/\/metaversa.de\/web\/wp-json\/wp\/v2\/users\/1"}],"replies":[{"embeddable":true,"href":"http:\/\/metaversa.de\/web\/wp-json\/wp\/v2\/comments?post=37"}],"version-history":[{"count":5,"href":"http:\/\/metaversa.de\/web\/wp-json\/wp\/v2\/pages\/37\/revisions"}],"predecessor-version":[{"id":526,"href":"http:\/\/metaversa.de\/web\/wp-json\/wp\/v2\/pages\/37\/revisions\/526"}],"up":[{"embeddable":true,"href":"http:\/\/metaversa.de\/web\/wp-json\/wp\/v2\/pages\/27"}],"wp:attachment":[{"href":"http:\/\/metaversa.de\/web\/wp-json\/wp\/v2\/media?parent=37"}],"wp:term":[{"taxonomy":"post_tag","embeddable":true,"href":"http:\/\/metaversa.de\/web\/wp-json\/wp\/v2\/tags?post=37"}],"curies":[{"name":"wp","href":"https:\/\/api.w.org\/{rel}","templated":true}]}}