{"id":361,"date":"2014-06-06T21:38:29","date_gmt":"2014-06-06T19:38:29","guid":{"rendered":"http:\/\/metaversa.de\/web\/?page_id=361"},"modified":"2025-04-19T17:37:24","modified_gmt":"2025-04-19T15:37:24","slug":"reise-durch-die-mediengalaxie","status":"publish","type":"page","link":"http:\/\/metaversa.de\/web\/projekte\/medien\/reise-durch-die-mediengalaxie\/","title":{"rendered":"Reise durch die Mediengalaxie"},"content":{"rendered":"<p><strong>Schulaktionstage zur F\u00f6rderung von Medienkompetenz von Familien.<\/strong><\/p>\n<p><a href=\"http:\/\/metaversa.de\/web\/wp-content\/uploads\/2014\/05\/mediengalaxie_140.jpg\"><img loading=\"lazy\" decoding=\"async\" class=\"alignright size-full wp-image-179\" src=\"http:\/\/metaversa.de\/web\/wp-content\/uploads\/2014\/05\/mediengalaxie_140.jpg\" alt=\"mediengalaxie_140\" width=\"140\" height=\"52\" \/><\/a><\/p>\n<p>Der Aktionstag &#8222;Reise durch die Mediengalaxie&#8220; f\u00fchrt 80 &#8211; 150 Sch\u00fcler*innen der 5. und 6. Klassen einer Grundschule zusammen mit Eltern und Geschwistern an einem Nachmittag f\u00fcr 2-3 Stunden durch einen Spiel- und Aktionsparcours zum Thema Medien. Mit dem Ansteuern von Aktionsbasen in den Klassenr\u00e4umen und Fluren der Schule und der L\u00f6sung verschiedener Aufgaben zum Thema &#8222;Mediennutzung\/Medienge\u00adstaltung&#8220; k\u00f6nnen sich Familien Bonuspunkte verdienen, Preise gewinnen und ganz nebenbei viel Medienkompetenz erwerben.<\/p>\n<p>Die zentrale Idee des Aktionstags ist, dass die Sch\u00fcler*innen der Klassen im Vorfeld selber die Aktionsbasen vorbereiten und w\u00e4hrend der Zeit des Medienparcours gemeinsam mit ihren Lehrer*innen betreu\u00aden. Zur Vorbereitung sollen die Sch\u00fcler*innen am Vormittag Inhalte selber recherchieren und erhalten von uns methodische Hilfestellungen. Jede Klasse \u00fcbernimmt die Betreuung eines thematischen &#8222;Planetens&#8220; an denen dann am Nachmittag kleine Spiele, Wissensquize oder auch Gruppenaktionen stattfinden. Die Aktionsinseln werden abwechselnd von 2-3 Sch\u00fcler*innen betreut. Zus\u00e4tzlich finden kreativen, gestalteri\u00adschen Aktionen und Informationsangebote von externen Expert*innen und Organisationen statt. In einem Elterncaf\u00e8 k\u00f6nnen sich Eltern zu Medienfragen beraten lassen.<\/p>\n<p>Seit 2011 fanden bereits 27 Schulaktionstage an Grundschulen in Berlin und Brandenburg mit \u00fcber 2500 Sch\u00fcler*innen und ebenso vielen Eltern statt.<\/p>\n<p><strong>Projektwebseite: <a href=\"http:\/\/www.reise-durch-die-mediengalaxie.de\">www.reise-durch-die-mediengalaxie.de<\/a><\/strong><\/p>\n<p><a href=\"http:\/\/metaversa.de\/web\/wp-content\/uploads\/2014\/05\/mediengalax_alle4.jpg\"><img loading=\"lazy\" decoding=\"async\" class=\"alignleft wp-image-178 size-full\" src=\"http:\/\/metaversa.de\/web\/wp-content\/uploads\/2014\/05\/mediengalax_alle4.jpg\" alt=\"mediengalax_alle4\" width=\"500\" height=\"380\" srcset=\"http:\/\/metaversa.de\/web\/wp-content\/uploads\/2014\/05\/mediengalax_alle4.jpg 500w, http:\/\/metaversa.de\/web\/wp-content\/uploads\/2014\/05\/mediengalax_alle4-300x228.jpg 300w\" sizes=\"auto, (max-width: 500px) 100vw, 500px\" \/><\/a><\/p>\n","protected":false},"excerpt":{"rendered":"<p>Schulaktionstage zur F\u00f6rderung von Medienkompetenz von Familien. Der Aktionstag &#8222;Reise durch die Mediengalaxie&#8220; f\u00fchrt 80 &#8211; 150 Sch\u00fcler*innen der 5. und 6. Klassen einer Grundschule zusammen mit Eltern und Geschwistern an einem Nachmittag f\u00fcr 2-3 Stunden durch einen Spiel- und<\/p>\n","protected":false},"author":1,"featured_media":0,"parent":305,"menu_order":0,"comment_status":"closed","ping_status":"closed","template":"","meta":{"jetpack_post_was_ever_published":false,"footnotes":""},"tags":[7,25,4,5,8],"class_list":["post-361","page","type-page","status-publish","hentry","tag-audio","tag-intergenerativ","tag-internet","tag-schule","tag-video"],"jetpack_sharing_enabled":true,"jetpack_shortlink":"https:\/\/wp.me\/P7Se2K-5P","_links":{"self":[{"href":"http:\/\/metaversa.de\/web\/wp-json\/wp\/v2\/pages\/361","targetHints":{"allow":["GET"]}}],"collection":[{"href":"http:\/\/metaversa.de\/web\/wp-json\/wp\/v2\/pages"}],"about":[{"href":"http:\/\/metaversa.de\/web\/wp-json\/wp\/v2\/types\/page"}],"author":[{"embeddable":true,"href":"http:\/\/metaversa.de\/web\/wp-json\/wp\/v2\/users\/1"}],"replies":[{"embeddable":true,"href":"http:\/\/metaversa.de\/web\/wp-json\/wp\/v2\/comments?post=361"}],"version-history":[{"count":8,"href":"http:\/\/metaversa.de\/web\/wp-json\/wp\/v2\/pages\/361\/revisions"}],"predecessor-version":[{"id":1110,"href":"http:\/\/metaversa.de\/web\/wp-json\/wp\/v2\/pages\/361\/revisions\/1110"}],"up":[{"embeddable":true,"href":"http:\/\/metaversa.de\/web\/wp-json\/wp\/v2\/pages\/305"}],"wp:attachment":[{"href":"http:\/\/metaversa.de\/web\/wp-json\/wp\/v2\/media?parent=361"}],"wp:term":[{"taxonomy":"post_tag","embeddable":true,"href":"http:\/\/metaversa.de\/web\/wp-json\/wp\/v2\/tags?post=361"}],"curies":[{"name":"wp","href":"https:\/\/api.w.org\/{rel}","templated":true}]}}