{"id":358,"date":"2014-06-06T21:32:47","date_gmt":"2014-06-06T19:32:47","guid":{"rendered":"http:\/\/metaversa.de\/web\/?page_id=358"},"modified":"2014-06-06T21:32:47","modified_gmt":"2014-06-06T19:32:47","slug":"wir-kommen-gewaltig","status":"publish","type":"page","link":"http:\/\/metaversa.de\/web\/projekte\/theater\/wir-kommen-gewaltig\/","title":{"rendered":"\u201eWir kommen Gewaltig!\u201c"},"content":{"rendered":"<p><strong><a href=\"http:\/\/metaversa.de\/web\/wp-content\/uploads\/2014\/05\/wriezen2.jpg\"><img loading=\"lazy\" decoding=\"async\" class=\"alignright size-full wp-image-252\" src=\"http:\/\/metaversa.de\/web\/wp-content\/uploads\/2014\/05\/wriezen2.jpg\" alt=\"wriezen2\" width=\"231\" height=\"173\" \/><\/a>Ein Theater-Film-Musik-Projekt in der JVA Wriezen<\/strong><\/p>\n<p>Junge M\u00e4nner der JVA Wriezen (\u201eS\u00f6hne in Ketten\u201c) sowie des Berufsf\u00f6rderungswerks Wriezen (\u201eHochleistungschiller Wriezen\u201c) erarbeiten eine gemeinsame Performance zum Thema Gewalt.<\/p>\n<p>In selbst erdachten Spielszenen, selbst geschriebenen Raps sowie eigenst\u00e4ndig produzierten Videosequenzen setzen sich die Teilnehmer unter dem Arbeitstitel \u201eWir kommen gewaltig\u201c mit verschiedenen Facetten des Gewaltthemas auseinander.<\/p>\n<p><a href=\"http:\/\/metaversa.de\/web\/wp-content\/uploads\/2014\/05\/logo_klein.jpg\"><img loading=\"lazy\" decoding=\"async\" class=\"alignleft size-full wp-image-165\" src=\"http:\/\/metaversa.de\/web\/wp-content\/uploads\/2014\/05\/logo_klein.jpg\" alt=\"logo_klein\" width=\"250\" height=\"191\" \/><\/a>Die \u201eHochleistungschiller\u201c (\u201edie von drau\u00dfen\u201c) absolvieren ihre Berufsvorbereitung in Wriezen \u2013 und gehen in der kleinen Stadt im Oderbruch mit der Kamera auf Spurensuche: Gibt es (Jugend-)Gewalt in Wriezen? Wie sieht die aus? Wie steht die Bev\u00f6lkerung dazu? Was kann f\u00fcr mehr Gewaltfreiheit getan werden? Und welches Bild haben die Menschen von der JVA in ihrer Stadt?<\/p>\n<p>Die \u201eS\u00f6hne in Ketten\u201c (\u201edie von drinnen\u201c) sind inhaftiert \u2013 und schreiben Raptexte \u00fcber ihr Leben: Wann waren sie Gewaltt\u00e4ter, wann \u2013Opfer? Wo lassen sie ihre Wut, wie gehen sie heute damit um?<\/p>\n<p>Wie finden beide Gruppen zusammen? Was haben sie gemeinsam, was trennt sie? Und was genau hat es mit dem Begriff \u201egewaltige Quizshow\u201c auf sich?<\/p>\n<p>Einige Antworten auf solcherlei Fragen (und eine Dokumentation des Arbeitsprozesses) finden interessierte ZuschauerInnen Mitte Dezember in der JVA Wriezen, wo die in halbj\u00e4hriger Projektzeit in selbst\u00e4ndiger Arbeit entstandene Collage aus Theater, Film und Musik der \u00d6ffentlichkeit pr\u00e4sentiert wird.<\/p>\n<p><a href=\"http:\/\/metaversa.de\/web\/wp-content\/uploads\/2014\/05\/knast.gif\"><img loading=\"lazy\" decoding=\"async\" class=\"alignright size-full wp-image-152\" src=\"http:\/\/metaversa.de\/web\/wp-content\/uploads\/2014\/05\/knast.gif\" alt=\"knast\" width=\"300\" height=\"183\" \/><\/a>Ziel des Projektes ist es unter anderem, junge M\u00e4nner mit Gewalterfahrungen (sowohl Opfer als auch T\u00e4ter) zusammenzubringen und diese mit ihnen gemeinsam in Kunst umzusetzen. Zudem soll \u00fcber die Entstehung von Gewalt und m\u00f6gliche Handlungsalternativen reflektiert werden.<\/p>\n<p>Projektlaufzeit: Juli 2008 bis Dezember 2008<\/p>\n<p>Ansprechpartner Metaversa e.V.:<br \/>\nKirsten Mohri, mohri[at]metaversa.de<br \/>\nDaniel Abma, abma[at]metaversa.de<\/p>\n<p>(Bitte das [at] gegen ein @ austauschen!)<\/p>\n","protected":false},"excerpt":{"rendered":"<p>Ein Theater-Film-Musik-Projekt in der JVA Wriezen Junge M\u00e4nner der JVA Wriezen (\u201eS\u00f6hne in Ketten\u201c) sowie des Berufsf\u00f6rderungswerks Wriezen (\u201eHochleistungschiller Wriezen\u201c) erarbeiten eine gemeinsame Performance zum Thema Gewalt. In selbst erdachten Spielszenen, selbst geschriebenen Raps sowie eigenst\u00e4ndig produzierten Videosequenzen setzen sich<\/p>\n","protected":false},"author":1,"featured_media":0,"parent":356,"menu_order":0,"comment_status":"closed","ping_status":"closed","template":"","meta":{"jetpack_post_was_ever_published":false,"footnotes":""},"tags":[23,8],"class_list":["post-358","page","type-page","status-publish","hentry","tag-theater","tag-video"],"jetpack_sharing_enabled":true,"jetpack_shortlink":"https:\/\/wp.me\/P7Se2K-5M","_links":{"self":[{"href":"http:\/\/metaversa.de\/web\/wp-json\/wp\/v2\/pages\/358","targetHints":{"allow":["GET"]}}],"collection":[{"href":"http:\/\/metaversa.de\/web\/wp-json\/wp\/v2\/pages"}],"about":[{"href":"http:\/\/metaversa.de\/web\/wp-json\/wp\/v2\/types\/page"}],"author":[{"embeddable":true,"href":"http:\/\/metaversa.de\/web\/wp-json\/wp\/v2\/users\/1"}],"replies":[{"embeddable":true,"href":"http:\/\/metaversa.de\/web\/wp-json\/wp\/v2\/comments?post=358"}],"version-history":[{"count":1,"href":"http:\/\/metaversa.de\/web\/wp-json\/wp\/v2\/pages\/358\/revisions"}],"predecessor-version":[{"id":359,"href":"http:\/\/metaversa.de\/web\/wp-json\/wp\/v2\/pages\/358\/revisions\/359"}],"up":[{"embeddable":true,"href":"http:\/\/metaversa.de\/web\/wp-json\/wp\/v2\/pages\/356"}],"wp:attachment":[{"href":"http:\/\/metaversa.de\/web\/wp-json\/wp\/v2\/media?parent=358"}],"wp:term":[{"taxonomy":"post_tag","embeddable":true,"href":"http:\/\/metaversa.de\/web\/wp-json\/wp\/v2\/tags?post=358"}],"curies":[{"name":"wp","href":"https:\/\/api.w.org\/{rel}","templated":true}]}}