{"id":350,"date":"2014-06-06T21:17:01","date_gmt":"2014-06-06T19:17:01","guid":{"rendered":"http:\/\/metaversa.de\/web\/?page_id=350"},"modified":"2014-06-06T21:17:01","modified_gmt":"2014-06-06T19:17:01","slug":"grosse-pause-die-schulhofsoap","status":"publish","type":"page","link":"http:\/\/metaversa.de\/web\/projekte\/berufsbildung\/grosse-pause-die-schulhofsoap\/","title":{"rendered":"Gro\u00dfe Pause &#8211; die Schulhofsoap"},"content":{"rendered":"<p><strong>Junge Medientalente aus den Berliner Bezirken konkurrieren<\/strong><br \/>\n<strong> um die beste Werbe-Kampagne f\u00fcr eine fiktive SOAP<\/strong><\/p>\n<p><em><a href=\"http:\/\/metaversa.de\/web\/wp-content\/uploads\/2014\/05\/schulhofsoap.jpg\"><img loading=\"lazy\" decoding=\"async\" class=\"alignright size-medium wp-image-221\" src=\"http:\/\/metaversa.de\/web\/wp-content\/uploads\/2014\/05\/schulhofsoap-300x186.jpg\" alt=\"schulhofsoap\" width=\"300\" height=\"186\" srcset=\"http:\/\/metaversa.de\/web\/wp-content\/uploads\/2014\/05\/schulhofsoap-300x186.jpg 300w, http:\/\/metaversa.de\/web\/wp-content\/uploads\/2014\/05\/schulhofsoap.jpg 657w\" sizes=\"auto, (max-width: 300px) 100vw, 300px\" \/><\/a>\u201eAuf dem Pausenhof der Goetheschule herrscht Krieg, die Cliquen der Twentytwo und der Dragons haben sich zerstritten. Was beide Gruppen nicht wissen, Alex von den Dragons hat ein Auge auf Toni von den Twentytwos geworfen&#8230;.\u201c<\/em><\/p>\n<p><strong>Das Projekt<\/strong><\/p>\n<p>F\u00fcnf Gruppen aus Berliner Jugendeinrichtungen konkurrierten in einem Wettbewerb um die beste Werbung f\u00fcr die fiktive Fernsehsoap &#8222;Gro\u00dfe Pause&#8220;. In viert\u00e4gigen Workshops produzierten sie unter professioneller Anleitung Video- und Audiotrailer, Plakte, Werbematerialien und eine Pressemappe. Der Wettbewerb fand zwischen April und September 2008 statt. Innerhalb dieses Zeitraums wurden 1-3 w\u00f6chige Aktionen und Workshops in den beteiligten Jugendeinrichtungen veranstaltet. Auf einer Abschlussveranstaltung mit Livesendung aus dem Offenen Kanal Berlin wurden die Kampagnen vorgestellt und von einer Jury beurteilt. F\u00fcr den Wettbewerb wurde das Weblog schulhofsoap.de eingerichtet, auf der sich alle Teams vorstellten und auf der die Ergebnisse pr\u00e4sentiert wurden.<\/p>\n<p><strong> Ziele<\/strong><\/p>\n<ul>\n<li>Kenntnisse im Bereich Video, Audio, Bild und Print erwerben<\/li>\n<li>Verschiedene Berufsbilder im Medienbereich kennenlernen<\/li>\n<li>Unterst\u00fctzung der medien\u00e4dagogischen Arbeit in Jugendeinrichtungen<\/li>\n<li>Vernetzung der teilnehmenden Einrichtungen<\/li>\n<\/ul>\n<p>Das Projekt wurde auf dem jugendFORUM mit dem Sonderpreis des Medienpreises &#8222;<a href=\"http:\/\/jugendnetz-berlin.de\/ger\/profiwissen\/projekte\/mediamax_2008.php?navanchor=1010149\">MediaMax 2008<\/a>&#8220; ausgezeichnet<\/p>\n<p>&#8222;Gro\u00dfe Pause &#8211; die Schulhofsoap&#8220; war ein Projekt im Rahmen von <a href=\"http:\/\/www.steps-into-future.de\">&#8222;Steps into Future&#8220;<\/a><\/p>\n<p>Gef\u00f6rdert und unterst\u00fctzt durch die <a href=\"http:\/\/www.jfsb.de\">Jugend- und Familienstiftung des Landes Berlin<\/a>, die <a href=\"http:\/\/www.mabb.de\">Medienanstalt Berlin-Brandenburg<\/a> und <a href=\"http:\/\/jugendnetz-berlin.de\">jugendnetz-berlin.de<\/a>.<\/p>\n","protected":false},"excerpt":{"rendered":"<p>Junge Medientalente aus den Berliner Bezirken konkurrieren um die beste Werbe-Kampagne f\u00fcr eine fiktive SOAP \u201eAuf dem Pausenhof der Goetheschule herrscht Krieg, die Cliquen der Twentytwo und der Dragons haben sich zerstritten. Was beide Gruppen nicht wissen, Alex von den<\/p>\n","protected":false},"author":1,"featured_media":0,"parent":39,"menu_order":0,"comment_status":"closed","ping_status":"closed","template":"","meta":{"jetpack_post_was_ever_published":false,"footnotes":""},"tags":[7,21,22,5,8],"class_list":["post-350","page","type-page","status-publish","hentry","tag-audio","tag-berufsbildung","tag-fernsehen","tag-schule","tag-video"],"jetpack_sharing_enabled":true,"jetpack_shortlink":"https:\/\/wp.me\/P7Se2K-5E","_links":{"self":[{"href":"http:\/\/metaversa.de\/web\/wp-json\/wp\/v2\/pages\/350","targetHints":{"allow":["GET"]}}],"collection":[{"href":"http:\/\/metaversa.de\/web\/wp-json\/wp\/v2\/pages"}],"about":[{"href":"http:\/\/metaversa.de\/web\/wp-json\/wp\/v2\/types\/page"}],"author":[{"embeddable":true,"href":"http:\/\/metaversa.de\/web\/wp-json\/wp\/v2\/users\/1"}],"replies":[{"embeddable":true,"href":"http:\/\/metaversa.de\/web\/wp-json\/wp\/v2\/comments?post=350"}],"version-history":[{"count":1,"href":"http:\/\/metaversa.de\/web\/wp-json\/wp\/v2\/pages\/350\/revisions"}],"predecessor-version":[{"id":351,"href":"http:\/\/metaversa.de\/web\/wp-json\/wp\/v2\/pages\/350\/revisions\/351"}],"up":[{"embeddable":true,"href":"http:\/\/metaversa.de\/web\/wp-json\/wp\/v2\/pages\/39"}],"wp:attachment":[{"href":"http:\/\/metaversa.de\/web\/wp-json\/wp\/v2\/media?parent=350"}],"wp:term":[{"taxonomy":"post_tag","embeddable":true,"href":"http:\/\/metaversa.de\/web\/wp-json\/wp\/v2\/tags?post=350"}],"curies":[{"name":"wp","href":"https:\/\/api.w.org\/{rel}","templated":true}]}}