{"id":35,"date":"2014-04-02T15:06:03","date_gmt":"2014-04-02T13:06:03","guid":{"rendered":"http:\/\/metaversa.de\/web\/?page_id=35"},"modified":"2014-09-30T13:22:36","modified_gmt":"2014-09-30T11:22:36","slug":"netzcommunities","status":"publish","type":"page","link":"http:\/\/metaversa.de\/web\/projekte\/netzcommunities\/","title":{"rendered":"Netzcommunities"},"content":{"rendered":"<p><a title=\"Cyberland Minecraft\" href=\"http:\/\/metaversa.de\/web\/projekte\/netzcommunities\/cyberland-minecraft\/\">Cyberland Minecraft<\/a> (seit 2013)<br \/>\nUnsere eigenen Minecraftserver werden in verschiedenen Projekten eingesetzt<\/p>\n<p><a title=\"Cybergrid.de \u2013 Virtuelle Welt f\u00fcr die Bildung\" href=\"http:\/\/metaversa.de\/web\/projekte\/netzcommunities\/cybergrid-de-virtuelle-welt-fuer-die-bildung\/\">Cybergrid.de &#8211; Virtuelle Welt f\u00fcr die Bildung<\/a>\u00a0(seit 2009)<br \/>\nDas Cybergrid ist eine auf dem OpenSimulator-Server basierte 3D-Onlinewelt analog Second Life<\/p>\n<p><a title=\"Talk\u2019n\u2019Show\" href=\"http:\/\/metaversa.de\/web\/projekte\/netzcommunities\/talknshow\/\">Talk&#8217;n&#8217;Show\u00a0<\/a>(2009, 2011, 2012)<br \/>\nEin Projekttag f\u00fcr 7.-10. Klassen zum Thema Netzcommunitys<\/p>\n<p><a title=\"Robinsons Metaversum\" href=\"http:\/\/metaversa.de\/web\/robinsons-metaversum\/\">Robinsons Metaversum<\/a>\u00a0(2010)<br \/>\nMit dem Projekt \u201eRobinsons Metaversum\u201c \u00fcbertrugen wir die Geschichte des Robinson Crusoe auf das Leben im Netz. Gestrandet in einem digitalen Raum, ohne soziale Kontakte, findet sich der moderne Robinson auf einer virtuellen Insel wieder, die er nicht verlassen kann.<\/p>\n<p><a title=\"Du bist eine Marke\" href=\"http:\/\/metaversa.de\/web\/projekte\/netzcommunities\/du-bist-eine-marke\/\">Du bist eine Marke\u00a0&#8211;\u00a0Personal\u00a0Brandung in Netzcommunitys <\/a>(2009)<br \/>\nKreative Workshops f\u00fcr Jugendliche zu Identit\u00e4t und Privatsph\u00e4re in sozialen Netzwerken<\/p>\n<p><a title=\"Metaversa Island im Teen Second Life\" href=\"http:\/\/metaversa.de\/web\/projekte\/netzcommunities\/metaversa-island-im-teen-second-life\/\">Metaversa Island im Teen Second Life<\/a>\u00a0(2007 &#8211; 2009)<br \/>\nDie erste deutschsprachige Insel im Teen Second Life f\u00fcr Bildungseinrichtungen<\/p>\n<p><a title=\"Cyberland Jugendchatcommunity\" href=\"http:\/\/metaversa.de\/web\/projekte\/netzcommunities\/cyberland-jugendchatcommunity\/\">Cyberland Jugendchatcommunity<\/a>\u00a0(seit 1997)<br \/>\nDas Cyberland ist eine virtuelle Gemeinschaft von Jugendlichen f\u00fcr Jugendliche.<\/p>\n","protected":false},"excerpt":{"rendered":"<p>Cyberland Minecraft (seit 2013) Unsere eigenen Minecraftserver werden in verschiedenen Projekten eingesetzt Cybergrid.de &#8211; Virtuelle Welt f\u00fcr die Bildung\u00a0(seit 2009) Das Cybergrid ist eine auf dem OpenSimulator-Server basierte 3D-Onlinewelt analog Second Life Talk&#8217;n&#8217;Show\u00a0(2009, 2011, 2012) Ein Projekttag f\u00fcr 7.-10. Klassen<\/p>\n","protected":false},"author":1,"featured_media":0,"parent":27,"menu_order":0,"comment_status":"closed","ping_status":"closed","template":"","meta":{"jetpack_post_was_ever_published":false,"footnotes":""},"tags":[],"class_list":["post-35","page","type-page","status-publish","hentry"],"jetpack_sharing_enabled":true,"jetpack_shortlink":"https:\/\/wp.me\/P7Se2K-z","_links":{"self":[{"href":"http:\/\/metaversa.de\/web\/wp-json\/wp\/v2\/pages\/35","targetHints":{"allow":["GET"]}}],"collection":[{"href":"http:\/\/metaversa.de\/web\/wp-json\/wp\/v2\/pages"}],"about":[{"href":"http:\/\/metaversa.de\/web\/wp-json\/wp\/v2\/types\/page"}],"author":[{"embeddable":true,"href":"http:\/\/metaversa.de\/web\/wp-json\/wp\/v2\/users\/1"}],"replies":[{"embeddable":true,"href":"http:\/\/metaversa.de\/web\/wp-json\/wp\/v2\/comments?post=35"}],"version-history":[{"count":5,"href":"http:\/\/metaversa.de\/web\/wp-json\/wp\/v2\/pages\/35\/revisions"}],"predecessor-version":[{"id":525,"href":"http:\/\/metaversa.de\/web\/wp-json\/wp\/v2\/pages\/35\/revisions\/525"}],"up":[{"embeddable":true,"href":"http:\/\/metaversa.de\/web\/wp-json\/wp\/v2\/pages\/27"}],"wp:attachment":[{"href":"http:\/\/metaversa.de\/web\/wp-json\/wp\/v2\/media?parent=35"}],"wp:term":[{"taxonomy":"post_tag","embeddable":true,"href":"http:\/\/metaversa.de\/web\/wp-json\/wp\/v2\/tags?post=35"}],"curies":[{"name":"wp","href":"https:\/\/api.w.org\/{rel}","templated":true}]}}