{"id":347,"date":"2014-06-05T22:08:53","date_gmt":"2014-06-05T20:08:53","guid":{"rendered":"http:\/\/metaversa.de\/web\/?page_id=347"},"modified":"2014-06-05T22:08:53","modified_gmt":"2014-06-05T20:08:53","slug":"einblicke-filmprojekt","status":"publish","type":"page","link":"http:\/\/metaversa.de\/web\/projekte\/antidiskriminierung\/einblicke-filmprojekt\/","title":{"rendered":"Einblicke Filmprojekt"},"content":{"rendered":"<p>\u201eEinblicke\u201c in die Lebenswelten von Berliner Sch\u00fclerinnen mit unterschiedlichen kulturellen Wurzeln gab ein Filmprojekt, welches gemeinsam mit der in den Niederlanden lebenden Filmemacherin Anna Spohr und der AllAboutUs FilmFactory Amsterdam von Mai bis September 2010 realisiert wurde.<\/p>\n<p><a href=\"http:\/\/metaversa.de\/web\/wp-content\/uploads\/2014\/05\/Dreh_500.jpg\"><img loading=\"lazy\" decoding=\"async\" class=\"alignright size-medium wp-image-113\" src=\"http:\/\/metaversa.de\/web\/wp-content\/uploads\/2014\/05\/Dreh_500-300x200.jpg\" alt=\"Dreh_500\" width=\"300\" height=\"200\" srcset=\"http:\/\/metaversa.de\/web\/wp-content\/uploads\/2014\/05\/Dreh_500-300x200.jpg 300w, http:\/\/metaversa.de\/web\/wp-content\/uploads\/2014\/05\/Dreh_500.jpg 500w\" sizes=\"auto, (max-width: 300px) 100vw, 300px\" \/><\/a>In insgesamt f\u00fcnf Videoworkshops entstand eine filmische Collage aus Selbstportraits der Teilnehmerinnen. Auch Jungen konnten am Workshop teilnehmen. Die jungen Amateurfilmerinnen lernten im Projekt mit der Kamera umzugehen, einander Feedback zu geben, \u00fcber ihr Leben zu reflektieren und dies in Bildsprache umzusetzen. Dieser kreative Prozess wurde von den M\u00e4dchen mit der Kamera begleitet. Dazu wurden sie von erfahrenen Mediencoaches angeleitet. Im Mittelpunkt der Workshop- und der Film-Arbeiten standen die M\u00e4dchen selbst, ihr Leben, ihre Interessen, W\u00fcnsche, Probleme, Zukunftspl\u00e4ne\u2026 Dabei lernt man im Projekt wie auch im fertigen Film die M\u00e4dchen ganz selbstverst\u00e4ndlich kennen: wer sie sind, wo sie sich zu Hause f\u00fchlen, ihr Verh\u00e4ltnis zu ihren M\u00fcttern. Das Videoprojekt, welches vom Berliner Projektfonds Kulturelle Bildung gef\u00f6rdert wird, hatte im Herbst 2010 Premiere.<\/p>\n<p>Filmtrailer Einblicke:<\/p>\n<p><object width=\"480\" height=\"385\"><param name=\"movie\" value=\"http:\/\/www.youtube.com\/v\/AnVbz8GTF4E?fs=1&amp;amp;hl=de_DE\" \/><param name=\"allowFullScreen\" value=\"true\" \/><param name=\"allowscriptaccess\" value=\"always\" \/><\/object><\/p>\n<p>Aktuelle Berichte, Fotos und Ergebnisse wurden auf der\u00a0Webseite &#8222;www.einblicke-filmprojekt.de&#8220; ver\u00f6ffentlicht.<\/p>\n<p>&nbsp;<\/p>\n<p>In Kooperation mit <a href=\"http:\/\/www.allaboutusfilmfactory.com\">AllAboutUs Filmfactory<\/a> und dem <a href=\"http:\/\/www.schlesische27.de\/\">JugendKUNST- und Kulturzentrum Schlesische 27<\/a>. Gef\u00f6rdert aus <a href=\"http:\/\/\/www.kulturprojekte-berlin.de\/projekte\/berliner-projektfonds-kulturelle-bildung\">Mitteln des Berliner Projektfonds Kulturelle Bildung<\/a><\/p>\n","protected":false},"excerpt":{"rendered":"<p>\u201eEinblicke\u201c in die Lebenswelten von Berliner Sch\u00fclerinnen mit unterschiedlichen kulturellen Wurzeln gab ein Filmprojekt, welches gemeinsam mit der in den Niederlanden lebenden Filmemacherin Anna Spohr und der AllAboutUs FilmFactory Amsterdam von Mai bis September 2010 realisiert wurde. In insgesamt f\u00fcnf<\/p>\n","protected":false},"author":1,"featured_media":0,"parent":48,"menu_order":0,"comment_status":"closed","ping_status":"closed","template":"","meta":{"jetpack_post_was_ever_published":false,"footnotes":""},"tags":[20,9,5,8,3],"class_list":["post-347","page","type-page","status-publish","hentry","tag-antidiskriminierung","tag-dokumentarfilm","tag-schule","tag-video","tag-zeitzeuginnen"],"jetpack_sharing_enabled":true,"jetpack_shortlink":"https:\/\/wp.me\/P7Se2K-5B","_links":{"self":[{"href":"http:\/\/metaversa.de\/web\/wp-json\/wp\/v2\/pages\/347","targetHints":{"allow":["GET"]}}],"collection":[{"href":"http:\/\/metaversa.de\/web\/wp-json\/wp\/v2\/pages"}],"about":[{"href":"http:\/\/metaversa.de\/web\/wp-json\/wp\/v2\/types\/page"}],"author":[{"embeddable":true,"href":"http:\/\/metaversa.de\/web\/wp-json\/wp\/v2\/users\/1"}],"replies":[{"embeddable":true,"href":"http:\/\/metaversa.de\/web\/wp-json\/wp\/v2\/comments?post=347"}],"version-history":[{"count":1,"href":"http:\/\/metaversa.de\/web\/wp-json\/wp\/v2\/pages\/347\/revisions"}],"predecessor-version":[{"id":348,"href":"http:\/\/metaversa.de\/web\/wp-json\/wp\/v2\/pages\/347\/revisions\/348"}],"up":[{"embeddable":true,"href":"http:\/\/metaversa.de\/web\/wp-json\/wp\/v2\/pages\/48"}],"wp:attachment":[{"href":"http:\/\/metaversa.de\/web\/wp-json\/wp\/v2\/media?parent=347"}],"wp:term":[{"taxonomy":"post_tag","embeddable":true,"href":"http:\/\/metaversa.de\/web\/wp-json\/wp\/v2\/tags?post=347"}],"curies":[{"name":"wp","href":"https:\/\/api.w.org\/{rel}","templated":true}]}}