{"id":340,"date":"2014-06-05T21:50:00","date_gmt":"2014-06-05T19:50:00","guid":{"rendered":"http:\/\/metaversa.de\/web\/?page_id=340"},"modified":"2014-06-05T21:50:00","modified_gmt":"2014-06-05T19:50:00","slug":"vielfalt-statt-einfalt","status":"publish","type":"page","link":"http:\/\/metaversa.de\/web\/projekte\/antidiskriminierung\/vielfalt-statt-einfalt\/","title":{"rendered":"&#8222;Vielfalt statt Einfalt&#8220;"},"content":{"rendered":"<p>Die Projektwoche findet aufgrund seiner sehr guten Ressonanz im Bezirk, dem Programm &#8222;Vielfalt tut Gut&#8220; und an der Hedwig Dohm Oberschule im Februar 2010 zum zweiten Mal in Berlin-Moabit statt. Im Februar 2009 setzten sich Jugendliche zweier Moabiter Schulen in verschiedenen Workshops mit der Vielfalt ihres Kiezes auseinander. Die Organisation der Projektwoche ist eine Kooperation zwischen den Sch\u00fclerInnen und LehrerInnen der 8. Klassen der Hedwig-Dohm-Oberschule (Realschule) und der Moses-Mendelssohn-Gesamtschule und externen ExpertInnen, die bei verschiedenen Berliner Bildungstr\u00e4gern t\u00e4tig sind. Diese beiden, im Jahr 2009 nebeneinander liegenden Schulen, werden von vielen Moabiter Jugendlichen mit Migrationshintergrund besucht. Sie kommen aus demselben Wohnumfeld und zu einem gro\u00dfen Teil aus sozial und wirtschaftlich prek\u00e4ren famili\u00e4ren Verh\u00e4ltnissen.<\/p>\n<p>Die Workshops sind: Meet my Moabit (in was f\u00fcr einem Moabit m\u00f6chten wir leben), religi\u00f6se Regeln, Migrationsgeschichte, politisches Handeln in Moabit, Erstellung eines Mosaiks, (Jugend-)Kultur in Moabit, Schwei\u00dfen eines gemeinsamen Kunstwerks. Die Besch\u00e4ftigung mit den verschiedenen Themen bezieht sich im Wesentlichen auf die jeweils in Moabit lebendige Vielfalt und damit auf einen st\u00e4dtischen Lebensraum den die Sch\u00fclerInnen in aller Regel viel besser kennen als ihre LehrerInnen, die in den seltensten F\u00e4llen im Umfeld der Schule wohnen.<\/p>\n<p>Im Februar 2010 finden insgesamt 9 Workshops statt und es werden die 8. Klassen der Hedwig-Dohm-Oberschule und der Breitscheidtschule teilnehmen.<\/p>\n<p>Die Erlebnisse und Ergebnisse der einzelnen Arbeitsgruppen werden tagesaktuell ausgewertet und erg\u00e4nzt um Fotos und Audiofiles und auf dem Weblog &#8222;<a href=\"http:\/\/www.vielfalt-in-moabit.de\">Vielfalt in Moabit<\/a>&#8220; dokumentiert.<\/p>\n<p>Projektlaufzeit: <\/p>\n<p>Oktober 2008 \u2013 M\u00e4rz 2009<br \/>\nOktober 2009 &#8211; M\u00e4rz 2010<\/p>\n<p>Das Projekt f\u00fchrt die Schulstation B1 &#8211; schulbezogene Jugendsozialarbeit an der Hedwig-Dohm-Oberschule (Tr\u00e4ger <a href=\"http:\/\/www.klubheim-berlin.de\">Evangelisches Klubheim f\u00fcr Berufst\u00e4tige e.V<\/a>.) in Kooperation mit der <a href=\"http:\/\/www.hedwig-dohm-os.de\/hdo\/\">Hedwig-Dohm-Oberschule<\/a> und dem medienp\u00e4dagogischen Verein Metaversa e.V. durch.<\/p>\n<p>Am 18.11.2009 wurde die Projektwoche &#8222;Vielfalt statt Einfalt&#8220; mit einer besonderen Anerkennung des Sch\u00fclerwettbewerbs &#8222;<a href=\"http:\/\/www.berlin.de\/imperia\/md\/content\/lb_ads\/folder_berin_low.pdf?start&#038;ts=1250600815\">Respect Unlimitied &#8211; Diversity macht Schule<\/a>&#8220; von der Landesantidiskriminierungsstelle der Senatsverwaltung f\u00fcr Integration, Arbeit und Soziales gemeinsam mit der Agentur der Europ\u00e4ischen Union f\u00fcr Grundrechte (FRA) und der Senatsverwaltung f\u00fcr Bildung, Wissenschaft und Forschung. ausgezeichnet. <\/p>\n<p>Mehr Informationen zu dem Projekt erhalten Sie von:<br \/>\nPeter Nickel: schulsozialarbeit-b1 [at] klubheim-berlin.de<br \/>\nBirgit Marzinka: marzinka [at] metaversa.de<\/p>\n<p>Das Projekt wird gef\u00f6rdert von Vielfalt Tut Gut und jugendnetz-berlin.de<\/p>\n","protected":false},"excerpt":{"rendered":"<p>Die Projektwoche findet aufgrund seiner sehr guten Ressonanz im Bezirk, dem Programm &#8222;Vielfalt tut Gut&#8220; und an der Hedwig Dohm Oberschule im Februar 2010 zum zweiten Mal in Berlin-Moabit statt. Im Februar 2009 setzten sich Jugendliche zweier Moabiter Schulen in<\/p>\n","protected":false},"author":1,"featured_media":0,"parent":48,"menu_order":0,"comment_status":"closed","ping_status":"closed","template":"","meta":{"jetpack_post_was_ever_published":false,"footnotes":""},"tags":[20,7,13,4,12],"class_list":["post-340","page","type-page","status-publish","hentry","tag-antidiskriminierung","tag-audio","tag-diversity","tag-internet","tag-weblog"],"jetpack_sharing_enabled":true,"jetpack_shortlink":"https:\/\/wp.me\/P7Se2K-5u","_links":{"self":[{"href":"http:\/\/metaversa.de\/web\/wp-json\/wp\/v2\/pages\/340","targetHints":{"allow":["GET"]}}],"collection":[{"href":"http:\/\/metaversa.de\/web\/wp-json\/wp\/v2\/pages"}],"about":[{"href":"http:\/\/metaversa.de\/web\/wp-json\/wp\/v2\/types\/page"}],"author":[{"embeddable":true,"href":"http:\/\/metaversa.de\/web\/wp-json\/wp\/v2\/users\/1"}],"replies":[{"embeddable":true,"href":"http:\/\/metaversa.de\/web\/wp-json\/wp\/v2\/comments?post=340"}],"version-history":[{"count":1,"href":"http:\/\/metaversa.de\/web\/wp-json\/wp\/v2\/pages\/340\/revisions"}],"predecessor-version":[{"id":341,"href":"http:\/\/metaversa.de\/web\/wp-json\/wp\/v2\/pages\/340\/revisions\/341"}],"up":[{"embeddable":true,"href":"http:\/\/metaversa.de\/web\/wp-json\/wp\/v2\/pages\/48"}],"wp:attachment":[{"href":"http:\/\/metaversa.de\/web\/wp-json\/wp\/v2\/media?parent=340"}],"wp:term":[{"taxonomy":"post_tag","embeddable":true,"href":"http:\/\/metaversa.de\/web\/wp-json\/wp\/v2\/tags?post=340"}],"curies":[{"name":"wp","href":"https:\/\/api.w.org\/{rel}","templated":true}]}}