{"id":338,"date":"2014-06-05T21:44:39","date_gmt":"2014-06-05T19:44:39","guid":{"rendered":"http:\/\/metaversa.de\/web\/?page_id=338"},"modified":"2014-06-05T21:44:39","modified_gmt":"2014-06-05T19:44:39","slug":"denk-mal","status":"publish","type":"page","link":"http:\/\/metaversa.de\/web\/projekte\/antidiskriminierung\/denk-mal\/","title":{"rendered":"&#8222;Denk Mal!&#8220;"},"content":{"rendered":"<p><strong>Jugendliche aus Klein K\u00f6ris werfen einen kritischen Blick auf Brandenburger Kriegerdenkm\u00e4ler.<\/strong><\/p>\n<p><a href=\"http:\/\/metaversa.de\/web\/wp-content\/uploads\/2014\/05\/koeris1.jpg\"><img loading=\"lazy\" decoding=\"async\" class=\"alignright size-full wp-image-153\" src=\"http:\/\/metaversa.de\/web\/wp-content\/uploads\/2014\/05\/koeris1.jpg\" alt=\"HPIM1223.JPG\" width=\"266\" height=\"266\" srcset=\"http:\/\/metaversa.de\/web\/wp-content\/uploads\/2014\/05\/koeris1.jpg 266w, http:\/\/metaversa.de\/web\/wp-content\/uploads\/2014\/05\/koeris1-150x150.jpg 150w\" sizes=\"auto, (max-width: 266px) 100vw, 266px\" \/><\/a>Die Jugendgruppe des Heimatvereins Klein K\u00f6ris hat in zwei Monaten und mit Unterst\u00fctzung von zwei Medienp\u00e4dagogInnen des Berliner Vereins Metaversa e.V. ein Dokumentarvideo \u00fcber die Kriegerdenkm\u00e4ler ihrer n\u00e4heren Umgebung gedreht .<\/p>\n<p>Was sind das f\u00fcr Denkm\u00e4ler? Wem wird da wie gedacht? Und was hat das alles mit dem Hier und Jetzt zu tun? Mit diesen und \u00e4hnlichen Fragen hat sich die Projektgruppe filmisch auseinandergesetzt. Das Ergebnis wird am 28.11.08 um 18h im Feuerwehrhaus in Gro\u00df K\u00f6ris feierlich pr\u00e4sentiert.<\/p>\n<p>Das Projekt wurde gef\u00f6rdert von dem Bundesprogramm \u201cJugend f\u00fcr Vielfalt, Toleranz und Demokratie &#8211; gegen Rechtsextremismus, Fremdenfeindlichkeit und Antisemitismus\u201d und dem Landkreis Dahme Spreewald.<\/p>\n<p>Das Projekt wurde unterst\u00fctzt vom Mobilen Beratungsteam gegen Rechts (MBT) Brandenburg, Kreis Trebbin.<\/p>\n<p><a href=\"http:\/\/metaversa.de\/web\/wp-content\/uploads\/2014\/05\/koeris2.jpg\"><img loading=\"lazy\" decoding=\"async\" class=\"alignleft size-full wp-image-154\" src=\"http:\/\/metaversa.de\/web\/wp-content\/uploads\/2014\/05\/koeris2.jpg\" alt=\"HPIM1229.JPG\" width=\"300\" height=\"148\" \/><\/a>Mehr Informationen bei:<br \/>\nKirsten Mohri &#8211; mohri[at]metaversa.de<br \/>\nRudolf Freundorfer &#8211; freundorfer[at]metaversa.de<\/p>\n<p>Bitte das [at] gegen ein @ austauschen!<\/p>\n<p>Projekttr\u00e4ger: Heimatvereins Klein K\u00f6ris e.V. In Kooperation mit Metaversa e.V.<\/p>\n","protected":false},"excerpt":{"rendered":"<p>Jugendliche aus Klein K\u00f6ris werfen einen kritischen Blick auf Brandenburger Kriegerdenkm\u00e4ler. Die Jugendgruppe des Heimatvereins Klein K\u00f6ris hat in zwei Monaten und mit Unterst\u00fctzung von zwei Medienp\u00e4dagogInnen des Berliner Vereins Metaversa e.V. ein Dokumentarvideo \u00fcber die Kriegerdenkm\u00e4ler ihrer n\u00e4heren Umgebung<\/p>\n","protected":false},"author":1,"featured_media":0,"parent":48,"menu_order":0,"comment_status":"closed","ping_status":"closed","template":"","meta":{"jetpack_post_was_ever_published":false,"footnotes":""},"tags":[20,8],"class_list":["post-338","page","type-page","status-publish","hentry","tag-antidiskriminierung","tag-video"],"jetpack_sharing_enabled":true,"jetpack_shortlink":"https:\/\/wp.me\/P7Se2K-5s","_links":{"self":[{"href":"http:\/\/metaversa.de\/web\/wp-json\/wp\/v2\/pages\/338","targetHints":{"allow":["GET"]}}],"collection":[{"href":"http:\/\/metaversa.de\/web\/wp-json\/wp\/v2\/pages"}],"about":[{"href":"http:\/\/metaversa.de\/web\/wp-json\/wp\/v2\/types\/page"}],"author":[{"embeddable":true,"href":"http:\/\/metaversa.de\/web\/wp-json\/wp\/v2\/users\/1"}],"replies":[{"embeddable":true,"href":"http:\/\/metaversa.de\/web\/wp-json\/wp\/v2\/comments?post=338"}],"version-history":[{"count":1,"href":"http:\/\/metaversa.de\/web\/wp-json\/wp\/v2\/pages\/338\/revisions"}],"predecessor-version":[{"id":339,"href":"http:\/\/metaversa.de\/web\/wp-json\/wp\/v2\/pages\/338\/revisions\/339"}],"up":[{"embeddable":true,"href":"http:\/\/metaversa.de\/web\/wp-json\/wp\/v2\/pages\/48"}],"wp:attachment":[{"href":"http:\/\/metaversa.de\/web\/wp-json\/wp\/v2\/media?parent=338"}],"wp:term":[{"taxonomy":"post_tag","embeddable":true,"href":"http:\/\/metaversa.de\/web\/wp-json\/wp\/v2\/tags?post=338"}],"curies":[{"name":"wp","href":"https:\/\/api.w.org\/{rel}","templated":true}]}}