{"id":336,"date":"2014-06-05T21:41:59","date_gmt":"2014-06-05T19:41:59","guid":{"rendered":"http:\/\/metaversa.de\/web\/?page_id=336"},"modified":"2014-06-05T21:41:59","modified_gmt":"2014-06-05T19:41:59","slug":"neue-heimat","status":"publish","type":"page","link":"http:\/\/metaversa.de\/web\/projekte\/antidiskriminierung\/neue-heimat\/","title":{"rendered":"&#8222;Neue Heimat&#8220;"},"content":{"rendered":"<p><strong>Migranten in Lichtenberg gestern und heute &#8211; Eine Videodokumentation von Sch\u00fclern und Sch\u00fclerinnen in 10315 Lichtenberg-Mitte<\/strong><\/p>\n<p><a href=\"http:\/\/metaversa.de\/web\/wp-content\/uploads\/2014\/05\/vietnam40.jpg\"><img loading=\"lazy\" decoding=\"async\" class=\"alignright size-full wp-image-244\" src=\"http:\/\/metaversa.de\/web\/wp-content\/uploads\/2014\/05\/vietnam40.jpg\" alt=\"vietnam40\" width=\"220\" height=\"220\" srcset=\"http:\/\/metaversa.de\/web\/wp-content\/uploads\/2014\/05\/vietnam40.jpg 220w, http:\/\/metaversa.de\/web\/wp-content\/uploads\/2014\/05\/vietnam40-150x150.jpg 150w\" sizes=\"auto, (max-width: 220px) 100vw, 220px\" \/><\/a>Mehr als vier Monate lang erarbeiteten Sch\u00fcler und Sch\u00fclerinnen aus Lichtenberger und anderen Schulen, u.a. aus der Tagore-Schule Berlin, gemeinsam ein Videofeature, in dem sie die Ausl\u00e4nderpolitik in der DDR filmisch analysieren und anhand einzelner Biographien nachzeichnen. Im Mittelpunkt stehen dabei die vietnamesischen Arbeitskr\u00e4fte, die als sogenannte Vertragsarbeiter\/innen vor allem in den 80er Jahren in die DDR kamen, um mitzuhelfen, den bestehenden Arbeitskr\u00e4ftemangel in der sozialistischen Produktion zu beseitigen. Auch im Bezirk Lichtenberg waren viele von ihnen in verschiedenen Betrieben besch\u00e4ftigt, u.a. im VEB Herrenbekleidung \u201eFortschritt\u201c, der gr\u00f6\u00dften Produktionsst\u00e4tte f\u00fcr M\u00e4nnermode in der DDR. Heute leben im Bezirk ca. 3.500 Vietnamesen und Vietnamesinnen.<\/p>\n<p><a href=\"http:\/\/metaversa.de\/web\/wp-content\/uploads\/2014\/05\/vietnam30.jpg\"><img loading=\"lazy\" decoding=\"async\" class=\"alignleft size-full wp-image-243\" src=\"http:\/\/metaversa.de\/web\/wp-content\/uploads\/2014\/05\/vietnam30.jpg\" alt=\"vietnam30\" width=\"250\" height=\"181\" \/><\/a>Vor einem wissenschaftlich beleuchtenden Hintergrund wird anhand pers\u00f6nlicher Erfahrungen und Erlebnisse einzelner, im Nachwende-Deutschland gebliebener Vietnamesen und Vietnamesinnen die Geschichte der (vietnamesischen) \u201eVertragsarbeiter\u201c: ihr Leben und Arbeiten inmitten der DDR-Gesellschaft sowie ihr Werdegang nach 1989 skizziert und dabei zugleich der Bogen zu aktuellen Problemen und Erfolgen des Integrationsprozesses von Migrant\/innen geschlagen, wobei auch Konfliktpotentiale und ungleiche Chancenverteilungen zwischen den Generationen deutlich werden.<\/p>\n<p>Projekttr\u00e4ger: Juventus e.V. In Kooperation mit Metaversa e.V.<\/p>\n<p><a href=\"http:\/\/metaversa.de\/web\/wp-content\/uploads\/2014\/05\/vietnam20.jpg\"><img loading=\"lazy\" decoding=\"async\" class=\"alignright size-full wp-image-242\" src=\"http:\/\/metaversa.de\/web\/wp-content\/uploads\/2014\/05\/vietnam20.jpg\" alt=\"vietnam20\" width=\"250\" height=\"196\" \/><\/a>Das Projekt wurde gef\u00f6rdert von:<br \/>\nVielfalt tut gut \u2013 Jugend f\u00fcr Vielfalt, Toleranz und Demokratie<br \/>\nBundesministerium f\u00fcr Familie, Senioren, Frauen und Jugend<\/p>\n","protected":false},"excerpt":{"rendered":"<p>Migranten in Lichtenberg gestern und heute &#8211; Eine Videodokumentation von Sch\u00fclern und Sch\u00fclerinnen in 10315 Lichtenberg-Mitte Mehr als vier Monate lang erarbeiteten Sch\u00fcler und Sch\u00fclerinnen aus Lichtenberger und anderen Schulen, u.a. aus der Tagore-Schule Berlin, gemeinsam ein Videofeature, in dem<\/p>\n","protected":false},"author":1,"featured_media":0,"parent":48,"menu_order":0,"comment_status":"closed","ping_status":"closed","template":"","meta":{"jetpack_post_was_ever_published":false,"footnotes":""},"tags":[20,8,3],"class_list":["post-336","page","type-page","status-publish","hentry","tag-antidiskriminierung","tag-video","tag-zeitzeuginnen"],"jetpack_sharing_enabled":true,"jetpack_shortlink":"https:\/\/wp.me\/P7Se2K-5q","_links":{"self":[{"href":"http:\/\/metaversa.de\/web\/wp-json\/wp\/v2\/pages\/336","targetHints":{"allow":["GET"]}}],"collection":[{"href":"http:\/\/metaversa.de\/web\/wp-json\/wp\/v2\/pages"}],"about":[{"href":"http:\/\/metaversa.de\/web\/wp-json\/wp\/v2\/types\/page"}],"author":[{"embeddable":true,"href":"http:\/\/metaversa.de\/web\/wp-json\/wp\/v2\/users\/1"}],"replies":[{"embeddable":true,"href":"http:\/\/metaversa.de\/web\/wp-json\/wp\/v2\/comments?post=336"}],"version-history":[{"count":1,"href":"http:\/\/metaversa.de\/web\/wp-json\/wp\/v2\/pages\/336\/revisions"}],"predecessor-version":[{"id":337,"href":"http:\/\/metaversa.de\/web\/wp-json\/wp\/v2\/pages\/336\/revisions\/337"}],"up":[{"embeddable":true,"href":"http:\/\/metaversa.de\/web\/wp-json\/wp\/v2\/pages\/48"}],"wp:attachment":[{"href":"http:\/\/metaversa.de\/web\/wp-json\/wp\/v2\/media?parent=336"}],"wp:term":[{"taxonomy":"post_tag","embeddable":true,"href":"http:\/\/metaversa.de\/web\/wp-json\/wp\/v2\/tags?post=336"}],"curies":[{"name":"wp","href":"https:\/\/api.w.org\/{rel}","templated":true}]}}