{"id":334,"date":"2014-06-05T21:36:09","date_gmt":"2014-06-05T19:36:09","guid":{"rendered":"http:\/\/metaversa.de\/web\/?page_id=334"},"modified":"2014-06-05T21:36:09","modified_gmt":"2014-06-05T19:36:09","slug":"radioworkshops","status":"publish","type":"page","link":"http:\/\/metaversa.de\/web\/projekte\/antidiskriminierung\/radioworkshops\/","title":{"rendered":"Radioworkshops"},"content":{"rendered":"<p>Zwischen 2004 und 2007 f\u00fchrte Metaversa mehrere Radioworkshops zu den Themen Demokratie, Rechtsextremismus, Antidiskriminierung und Berufsbildung durch. Die Workshops erfolgten in Kooperation mit Schule ohne Rassismus &#8211; Schule mit Courage und dem Lisum (Landesinstitut f\u00fcr Medien).<\/p>\n<p><a href=\"http:\/\/metaversa.de\/web\/wp-content\/uploads\/2014\/05\/Italien.jpg\"><img loading=\"lazy\" decoding=\"async\" class=\"alignright size-full wp-image-141\" src=\"http:\/\/metaversa.de\/web\/wp-content\/uploads\/2014\/05\/Italien.jpg\" alt=\"Italien\" width=\"232\" height=\"174\" \/><\/a>Es wurden folgende Workshops durchgef\u00fchrt:<\/p>\n<p>&#8211; 2004 und 2005 w\u00e4hrend der Projektschultage \u00fcber Rechtsextremismus an der Friedrich &#8211; List &#8211; Oberschule (Lisum)<br \/>\n&#8211; 2004 &#8211; 2006 auf den Landestreffen von Schule ohne Rassismus &#8211; Schule mit Courage<br \/>\n&#8211; 2005 H\u00f6rspielproduktion an der Emil-Molt-Oberschule (Lisum)<br \/>\n&#8211; 2006 an der Carossa &#8211; Oberschule (Lisum)<br \/>\n&#8211; 2006 auf dem Bundestreffen von Schule ohne Rassismus &#8211; Schule mit Courage in Bremen<br \/>\n&#8211; 2006 Leitung der Europa- und Weltredaktion, w\u00e4hrend eines europ\u00e4ischen Treffens, das vom FEZ und dem Ausw\u00e4rtigen Amt organisiert wurde<br \/>\n&#8211; 2006 &#8211; 2007 erste Sendung von Q-Rage FM f\u00fcr Schule ohne Rassismus &#8211; Schule mit Courage<\/p>\n<p>Ansprechpartnerin:<br \/>\nBirgit Marzinka (marzinka[at]metaversa.de)<\/p>\n","protected":false},"excerpt":{"rendered":"<p>Zwischen 2004 und 2007 f\u00fchrte Metaversa mehrere Radioworkshops zu den Themen Demokratie, Rechtsextremismus, Antidiskriminierung und Berufsbildung durch. Die Workshops erfolgten in Kooperation mit Schule ohne Rassismus &#8211; Schule mit Courage und dem Lisum (Landesinstitut f\u00fcr Medien). Es wurden folgende Workshops<\/p>\n","protected":false},"author":1,"featured_media":0,"parent":48,"menu_order":0,"comment_status":"closed","ping_status":"closed","template":"","meta":{"jetpack_post_was_ever_published":false,"footnotes":""},"tags":[20,7],"class_list":["post-334","page","type-page","status-publish","hentry","tag-antidiskriminierung","tag-audio"],"jetpack_sharing_enabled":true,"jetpack_shortlink":"https:\/\/wp.me\/P7Se2K-5o","_links":{"self":[{"href":"http:\/\/metaversa.de\/web\/wp-json\/wp\/v2\/pages\/334","targetHints":{"allow":["GET"]}}],"collection":[{"href":"http:\/\/metaversa.de\/web\/wp-json\/wp\/v2\/pages"}],"about":[{"href":"http:\/\/metaversa.de\/web\/wp-json\/wp\/v2\/types\/page"}],"author":[{"embeddable":true,"href":"http:\/\/metaversa.de\/web\/wp-json\/wp\/v2\/users\/1"}],"replies":[{"embeddable":true,"href":"http:\/\/metaversa.de\/web\/wp-json\/wp\/v2\/comments?post=334"}],"version-history":[{"count":1,"href":"http:\/\/metaversa.de\/web\/wp-json\/wp\/v2\/pages\/334\/revisions"}],"predecessor-version":[{"id":335,"href":"http:\/\/metaversa.de\/web\/wp-json\/wp\/v2\/pages\/334\/revisions\/335"}],"up":[{"embeddable":true,"href":"http:\/\/metaversa.de\/web\/wp-json\/wp\/v2\/pages\/48"}],"wp:attachment":[{"href":"http:\/\/metaversa.de\/web\/wp-json\/wp\/v2\/media?parent=334"}],"wp:term":[{"taxonomy":"post_tag","embeddable":true,"href":"http:\/\/metaversa.de\/web\/wp-json\/wp\/v2\/tags?post=334"}],"curies":[{"name":"wp","href":"https:\/\/api.w.org\/{rel}","templated":true}]}}