{"id":332,"date":"2014-06-05T21:33:19","date_gmt":"2014-06-05T19:33:19","guid":{"rendered":"http:\/\/metaversa.de\/web\/?page_id=332"},"modified":"2014-06-05T21:33:19","modified_gmt":"2014-06-05T19:33:19","slug":"medienwerkstatt-fuer-toleranz-fair-denken","status":"publish","type":"page","link":"http:\/\/metaversa.de\/web\/projekte\/antidiskriminierung\/medienwerkstatt-fuer-toleranz-fair-denken\/","title":{"rendered":"Medienwerkstatt f\u00fcr Toleranz &#8211; &#8222;fair denken&#8220;"},"content":{"rendered":"<p><strong>Video, Audio und Zeitungsworkshop<\/strong><\/p>\n<p>Video: &#8222;fair denken&#8220;<br \/>\nKetzin ist ein kleines, sch\u00f6nes St\u00e4dtchen an der Havel inmitten von Brandenburg mit einem Marktplatz, einem Jugendclub und einer Kirche, in dem die Menschen friedlich miteinander leben.<\/p>\n<p><a href=\"http:\/\/metaversa.de\/web\/wp-content\/uploads\/2014\/05\/medienwerkstatt.jpg\"><img loading=\"lazy\" decoding=\"async\" class=\"alignright size-full wp-image-181\" src=\"http:\/\/metaversa.de\/web\/wp-content\/uploads\/2014\/05\/medienwerkstatt.jpg\" alt=\"medienwerkstatt\" width=\"150\" height=\"210\" \/><\/a>Die Videogruppe der \u201eMedienwerkstatt f\u00fcr Toleranz\u201c versuchte sich ein ganz eigenes Bild dieser beschaulichen Stadt zu machen \u2013 einer Stadt mit sowohl guten als (vielleicht) auch weniger guten Seiten. Steffi, Jojo, Bella, Flo und Kati, haben mit Stativ, Mikrophon und Videokamera ihre Eindr\u00fccke \u00fcber Ketzin bez\u00fcglich des Themas \u201eRechtsextremismus\u201c festgehalten.<\/p>\n<p>In dem Video kommen verschiedene Menschen aus Ketzin zu Wort. Die Jugendlichen haben sowohl ihre Mitsch\u00fclerinnen und Mitsch\u00fcler, ihre Lehrerinnen und Lehrer in der Schule und im Jugendclub als auch Passantinnen und Passanten auf der Strasse interviewt und deren Meinung und Ansichten festgehalten. Sie waren interessierst an den ganz pers\u00f6nlichen Erfahrungen der Menschen, die in Ketzin leben.Ein ganz besonderer H\u00f6hepunkt f\u00fcr die Jugendlichen des Videoworkshops war der Besuch bei einem ehemaligen Klassenkameraden, der wegen schwerer K\u00f6rperverletzung mit rechtsextremem Hintergrund in der Jugendvollzugsanstalt Wriezen einsitzt. Im Gespr\u00e4ch erfuhren die Jugendlichen mehr \u00fcber die Hintergr\u00fcnde der Tat, der derzeitigen Lebenssituation des jungen Mannes und seine Pl\u00e4nen f\u00fcr die Zukunft.<\/p>\n<p>Nicht nur der Besuch hinter dicken W\u00e4nden und Stacheldraht hinterlie\u00df viele Spuren in den K\u00f6pfen.<\/p>\n<p>Titel: Medienwerkstatt f\u00fcr Toleranz &#8211; &#8222;fair denken&#8220;<br \/>\nDauer: 23 Minuten<br \/>\nProduktionszeitraum: November 2006 &#8211; Dezember 2006<br \/>\nProduktionsort: Ketzin, Nauen, Wriezen<\/p>\n<p><a href=\"http:\/\/metaversa.de\/web\/wp-content\/uploads\/2014\/05\/ketzin.jpg\"><img loading=\"lazy\" decoding=\"async\" class=\"alignright size-full wp-image-149\" src=\"http:\/\/metaversa.de\/web\/wp-content\/uploads\/2014\/05\/ketzin.jpg\" alt=\"ketzin\" width=\"200\" height=\"163\" \/><\/a>Dieses Projekt wurde realisiert durch den Jugendf\u00f6rderverein MIKADO e.V., Ketziner Strasse 1, 14641 Nauen.<br \/>\nProjektleiterin: Anke Bienwald, Tel: 03321 \/ 453313, Mail: abienwald[at]yahoo.de (Bitte das [at] gegen ein @ austauschen!)<\/p>\n<p>Ansprechpartner Metaversa e.V.<br \/>\nDaniel Abma, abma[at]metaversa.de Bitte das [at] gegen ein @ austauschen!<\/p>\n<p>Logo OKBDer Videowokshop wurde in Kooperation mit Metaversa e.V. und dem Offenen Kanal Berlin durchgef\u00fchrt.<\/p>\n<p>Finanziert wurde das Projekt durch das Ministerium des Innern, Brandenburg.<\/p>\n","protected":false},"excerpt":{"rendered":"<p>Video, Audio und Zeitungsworkshop Video: &#8222;fair denken&#8220; Ketzin ist ein kleines, sch\u00f6nes St\u00e4dtchen an der Havel inmitten von Brandenburg mit einem Marktplatz, einem Jugendclub und einer Kirche, in dem die Menschen friedlich miteinander leben. Die Videogruppe der \u201eMedienwerkstatt f\u00fcr Toleranz\u201c<\/p>\n","protected":false},"author":1,"featured_media":0,"parent":48,"menu_order":0,"comment_status":"closed","ping_status":"closed","template":"","meta":{"jetpack_post_was_ever_published":false,"footnotes":""},"tags":[20,9,8],"class_list":["post-332","page","type-page","status-publish","hentry","tag-antidiskriminierung","tag-dokumentarfilm","tag-video"],"jetpack_sharing_enabled":true,"jetpack_shortlink":"https:\/\/wp.me\/P7Se2K-5m","_links":{"self":[{"href":"http:\/\/metaversa.de\/web\/wp-json\/wp\/v2\/pages\/332","targetHints":{"allow":["GET"]}}],"collection":[{"href":"http:\/\/metaversa.de\/web\/wp-json\/wp\/v2\/pages"}],"about":[{"href":"http:\/\/metaversa.de\/web\/wp-json\/wp\/v2\/types\/page"}],"author":[{"embeddable":true,"href":"http:\/\/metaversa.de\/web\/wp-json\/wp\/v2\/users\/1"}],"replies":[{"embeddable":true,"href":"http:\/\/metaversa.de\/web\/wp-json\/wp\/v2\/comments?post=332"}],"version-history":[{"count":1,"href":"http:\/\/metaversa.de\/web\/wp-json\/wp\/v2\/pages\/332\/revisions"}],"predecessor-version":[{"id":333,"href":"http:\/\/metaversa.de\/web\/wp-json\/wp\/v2\/pages\/332\/revisions\/333"}],"up":[{"embeddable":true,"href":"http:\/\/metaversa.de\/web\/wp-json\/wp\/v2\/pages\/48"}],"wp:attachment":[{"href":"http:\/\/metaversa.de\/web\/wp-json\/wp\/v2\/media?parent=332"}],"wp:term":[{"taxonomy":"post_tag","embeddable":true,"href":"http:\/\/metaversa.de\/web\/wp-json\/wp\/v2\/tags?post=332"}],"curies":[{"name":"wp","href":"https:\/\/api.w.org\/{rel}","templated":true}]}}