{"id":33,"date":"2014-04-02T15:05:04","date_gmt":"2014-04-02T13:05:04","guid":{"rendered":"http:\/\/metaversa.de\/web\/?page_id=33"},"modified":"2016-07-13T21:37:20","modified_gmt":"2016-07-13T19:37:20","slug":"mobiles-lernen","status":"publish","type":"page","link":"http:\/\/metaversa.de\/web\/projekte\/mobiles-lernen\/","title":{"rendered":"Mobiles Lernen"},"content":{"rendered":"<p><a href=\"http:\/\/metaversa.de\/web\/projekte\/mobiles-lernen\/tabletlabor-unterrichtsideen-fuer-die-grundschule\/\">Tabletlabor &#8211; Unterrichtsideen f\u00fcr die Grundschule<\/a> (2016)<br \/>\nDas Tabletlabor ist ein zweit\u00e4giger Workshop f\u00fcr 5. und 6. Klassen, bei denen Sch\u00fcler_innen gemeinsam mit ihren Lehrer_innen den Einsatz von Tablets im Unterricht erproben.<\/p>\n<p><a href=\"http:\/\/metaversa.de\/web\/projekte\/mobiles-lernen\/augmented-reality-ar-rallye-through-the-looking-glass\/\">Through The Looking-Glass<\/a> (2014)<br \/>\nAugmented Reality Rallye zum Downloaden und Spiele<\/p>\n<p><a href=\"http:\/\/metaversa.de\/web\/projekte\/mobiles-lernen\/netzspionage-leicht-gemacht\/\">Netzspionage &#8211; leicht gemacht!<\/a> (2014)<br \/>\nFerienworkshop\u00a0zum Thema &#8222;Datenschutz&#8220;<\/p>\n<p><a title=\"Surfing the Streets\" href=\"http:\/\/metaversa.de\/web\/projekte\/mobiles-lernen\/surfing-the-streets\/\">Surfing the streets &#8211; Augmented Reality Workshops<\/a>\u00a0(2011\/2012)<br \/>\nHandyrallyes mir Augmented Reality Apps erstellen<\/p>\n<p><a title=\"Smartphones im Bildungseinsatz\" href=\"http:\/\/metaversa.de\/web\/projekte\/mobiles-lernen\/smartphones-im-bildungseinsatz\/\">Smartphones im Bildungseinsatz<\/a>\u00a0(2012)<br \/>\nWorkshops f\u00fcr LehrerInnen und P\u00e4dagoginnen<\/p>\n<p><a title=\"Metafon\" href=\"http:\/\/metaversa.de\/web\/projekte\/mobiles-lernen\/metafon\/\">Metafon<\/a>\u00a0(seit 2011)<br \/>\nSmartphones im Bildungseinsatz &#8211; Konzepte, Schulung, Verleih<\/p>\n<p><a title=\"\u201eAuftrag Berlin\u201c \u2013 eine Handy-Stadtrallye zu 20 Jahren Mauerfall\" href=\"http:\/\/metaversa.de\/web\/projekte\/mobiles-lernen\/auftrag-berlin-eine-handy-stadtrallye-zu-20-jahren-mauerfall\/\">Auftrag Berlin &#8211; Handyrallye f\u00fcr Jugendgruppen zum Thema 20 Jahre Mauerfall<\/a>\u00a0(2009)<br \/>\nGeschichte wird f\u00fcr Jugendliche spielerisch erfahrbar<\/p>\n<p>&nbsp;<\/p>\n","protected":false},"excerpt":{"rendered":"<p>Tabletlabor &#8211; Unterrichtsideen f\u00fcr die Grundschule (2016) Das Tabletlabor ist ein zweit\u00e4giger Workshop f\u00fcr 5. und 6. Klassen, bei denen Sch\u00fcler_innen gemeinsam mit ihren Lehrer_innen den Einsatz von Tablets im Unterricht erproben. Through The Looking-Glass (2014) Augmented Reality Rallye zum<\/p>\n","protected":false},"author":1,"featured_media":0,"parent":27,"menu_order":0,"comment_status":"closed","ping_status":"closed","template":"","meta":{"jetpack_post_was_ever_published":false,"footnotes":""},"tags":[],"class_list":["post-33","page","type-page","status-publish","hentry"],"jetpack_sharing_enabled":true,"jetpack_shortlink":"https:\/\/wp.me\/P7Se2K-x","_links":{"self":[{"href":"http:\/\/metaversa.de\/web\/wp-json\/wp\/v2\/pages\/33","targetHints":{"allow":["GET"]}}],"collection":[{"href":"http:\/\/metaversa.de\/web\/wp-json\/wp\/v2\/pages"}],"about":[{"href":"http:\/\/metaversa.de\/web\/wp-json\/wp\/v2\/types\/page"}],"author":[{"embeddable":true,"href":"http:\/\/metaversa.de\/web\/wp-json\/wp\/v2\/users\/1"}],"replies":[{"embeddable":true,"href":"http:\/\/metaversa.de\/web\/wp-json\/wp\/v2\/comments?post=33"}],"version-history":[{"count":11,"href":"http:\/\/metaversa.de\/web\/wp-json\/wp\/v2\/pages\/33\/revisions"}],"predecessor-version":[{"id":693,"href":"http:\/\/metaversa.de\/web\/wp-json\/wp\/v2\/pages\/33\/revisions\/693"}],"up":[{"embeddable":true,"href":"http:\/\/metaversa.de\/web\/wp-json\/wp\/v2\/pages\/27"}],"wp:attachment":[{"href":"http:\/\/metaversa.de\/web\/wp-json\/wp\/v2\/media?parent=33"}],"wp:term":[{"taxonomy":"post_tag","embeddable":true,"href":"http:\/\/metaversa.de\/web\/wp-json\/wp\/v2\/tags?post=33"}],"curies":[{"name":"wp","href":"https:\/\/api.w.org\/{rel}","templated":true}]}}