{"id":326,"date":"2014-06-05T21:30:41","date_gmt":"2014-06-05T19:30:41","guid":{"rendered":"http:\/\/metaversa.de\/web\/?page_id=326"},"modified":"2014-06-05T21:30:41","modified_gmt":"2014-06-05T19:30:41","slug":"auf-dem-weg-zu-einem-toleranten-brandenburg","status":"publish","type":"page","link":"http:\/\/metaversa.de\/web\/projekte\/antidiskriminierung\/auf-dem-weg-zu-einem-toleranten-brandenburg\/","title":{"rendered":"\u201e&#8230;auf dem Weg zu einem toleranten Brandenburg\u201c"},"content":{"rendered":"<p><strong>Videoprojekt mit Jugendlichen der Friedrich -Engels -Oberschule in Falkensee.<\/strong><\/p>\n<p><a href=\"http:\/\/metaversa.de\/web\/wp-content\/uploads\/2014\/06\/tol_bb3.jpg\"><img loading=\"lazy\" decoding=\"async\" class=\"alignright size-full wp-image-328\" src=\"http:\/\/metaversa.de\/web\/wp-content\/uploads\/2014\/06\/tol_bb3.jpg\" alt=\"tol_bb3\" width=\"240\" height=\"160\" \/><\/a>Das Handlungskonzept der Landesregierung gegen Gewalt, Rechtsextremismus und Fremdenfeindlichkeit mit dem Titel &#8222;Tolerantes Brandenburg&#8220; wurde 1998 beschlossen. Es zielt darauf ab, Toleranz und Demokratief\u00e4higkeit durch die schwerpunktorientierte Arbeit in Verwaltungen, Institutionen, Bildungseinrichtungen, in der Wirtschaft sowie in Vereinen, Verb\u00e4nden und K\u00f6rperschaften zu erreichen.<\/p>\n<p>Mitte 2008 feierte das Handlungskonzept &#8222;Tolerantes Brandenburg &#8212; f\u00fcr eine starke und lebendige Demokratie&#8220; 10j\u00e4hriges Jubil\u00e4um. Zeit f\u00fcr einen R\u00fcckblick und Reflexion: eine Auseinandersetzung mit dem Alltag 2008 in Brandenburg. Was konnte das Handlungskonzept in den letzten 10 Jahren in Brandenburg bewirken?<\/p>\n<p><a href=\"http:\/\/metaversa.de\/web\/wp-content\/uploads\/2014\/06\/tol_bb2.jpg\"><img loading=\"lazy\" decoding=\"async\" class=\"alignleft size-full wp-image-330\" src=\"http:\/\/metaversa.de\/web\/wp-content\/uploads\/2014\/06\/tol_bb2.jpg\" alt=\"tol_bb2\" width=\"240\" height=\"160\" \/><\/a>W\u00e4hrend der Vorbereitung zu dem Film setzten sich die Jugendlichen mit den verschiedenen Facetten des Handlungskonzeptes &#8222;Tolerantes Brandenburg&#8220; auseinander und besch\u00e4ftigten sich mit den unterschiedlichen Projekten, sie f\u00fchrten Interviews mit Akteuren aus den verschiedenen Ebenen des Konzeptes und haben ihre Eindr\u00fccke, Meinungen und Gedanken medial festgehalten.<br \/>\nEntstanden ist ein Film, welcher die Sichtweise der Jugendlichen auf das Handlungskonzept widerspiegelt und gleichzeitig einen Ausblick auf die weiteren Schwerpunkte aus Sicht der Jugendlichen deutlich macht.<\/p>\n<p><a href=\"http:\/\/metaversa.de\/web\/wp-content\/uploads\/2014\/06\/tol_bb1.jpg\"><img loading=\"lazy\" decoding=\"async\" class=\"alignright size-full wp-image-327\" src=\"http:\/\/metaversa.de\/web\/wp-content\/uploads\/2014\/06\/tol_bb1.jpg\" alt=\"tol_bb1\" width=\"240\" height=\"160\" \/><\/a>Der Film \u201e&#8230;auf dem Weg zu einem toleranten Brandenburg\u201c ist eingebettet in der Wanderausstellung \u201e10 Jahre tolerantes Brandenburg\u201c, und wurde au\u00dferdem der Brosch\u00fcre \u201e10 Jahre Tolerantes Brandenburg \u2013 f\u00fcr eine starke und lebendige Demokratie\u201c, mit eine Auflage von 3000 Exemplaren, beigelegt. Diese Brosch\u00fcre mit DVD kann bezogen werden \u00fcber die:<\/p>\n<p><a href=\"http:\/\/metaversa.de\/web\/wp-content\/uploads\/2014\/06\/tolbrandenburg2.jpg\"><img loading=\"lazy\" decoding=\"async\" class=\"alignright size-full wp-image-329\" src=\"http:\/\/metaversa.de\/web\/wp-content\/uploads\/2014\/06\/tolbrandenburg2.jpg\" alt=\"tolbrandenburg2\" width=\"175\" height=\"172\" \/><\/a>Koordinierungsstelle &#8222;Tolerantes Brandenburg&#8220;<br \/>\nMinisterium f\u00fcr Bildung, Jugend und Sport des Landes Brandenburg<br \/>\nHeinrich-Mann-Allee 107, 14473 Potsdam<br \/>\nTel.: 0331-866-3560\/61\/62\/63<\/p>\n<p>Ansprechpartner Metaversa e.V.:<br \/>\nDaniel Abma, abma[at]metaversa.de<br \/>\nRudolf Freundorfer, freundorfer[at]metaversa.de<br \/>\n(Bitte das [at] gegen ein @ austauschen!)<\/p>\n<p>Projektlaufzeit: Juli 2007 bis Juni 2008<\/p>\n<p>Dieses Projekt wurde erm\u00f6glicht in Kooperation mit dem Offenen Kanal Berlin und Metaversa e.V. , realisiert durch den Jugendf\u00f6rderverein MIKADO e.V. in Nauen. Projektleiterin: Anke Bienwald, Tel: 03321 \/ 453313, Mail: abienwald[at]yahoo.de (Bitte das [at] gegen ein @ austauschen!)<\/p>\n","protected":false},"excerpt":{"rendered":"<p>Videoprojekt mit Jugendlichen der Friedrich -Engels -Oberschule in Falkensee. Das Handlungskonzept der Landesregierung gegen Gewalt, Rechtsextremismus und Fremdenfeindlichkeit mit dem Titel &#8222;Tolerantes Brandenburg&#8220; wurde 1998 beschlossen. Es zielt darauf ab, Toleranz und Demokratief\u00e4higkeit durch die schwerpunktorientierte Arbeit in Verwaltungen, Institutionen,<\/p>\n","protected":false},"author":1,"featured_media":0,"parent":48,"menu_order":0,"comment_status":"closed","ping_status":"closed","template":"","meta":{"jetpack_post_was_ever_published":false,"footnotes":""},"tags":[10,20,8],"class_list":["post-326","page","type-page","status-publish","hentry","tag-animation","tag-antidiskriminierung","tag-video"],"jetpack_sharing_enabled":true,"jetpack_shortlink":"https:\/\/wp.me\/P7Se2K-5g","_links":{"self":[{"href":"http:\/\/metaversa.de\/web\/wp-json\/wp\/v2\/pages\/326","targetHints":{"allow":["GET"]}}],"collection":[{"href":"http:\/\/metaversa.de\/web\/wp-json\/wp\/v2\/pages"}],"about":[{"href":"http:\/\/metaversa.de\/web\/wp-json\/wp\/v2\/types\/page"}],"author":[{"embeddable":true,"href":"http:\/\/metaversa.de\/web\/wp-json\/wp\/v2\/users\/1"}],"replies":[{"embeddable":true,"href":"http:\/\/metaversa.de\/web\/wp-json\/wp\/v2\/comments?post=326"}],"version-history":[{"count":1,"href":"http:\/\/metaversa.de\/web\/wp-json\/wp\/v2\/pages\/326\/revisions"}],"predecessor-version":[{"id":331,"href":"http:\/\/metaversa.de\/web\/wp-json\/wp\/v2\/pages\/326\/revisions\/331"}],"up":[{"embeddable":true,"href":"http:\/\/metaversa.de\/web\/wp-json\/wp\/v2\/pages\/48"}],"wp:attachment":[{"href":"http:\/\/metaversa.de\/web\/wp-json\/wp\/v2\/media?parent=326"}],"wp:term":[{"taxonomy":"post_tag","embeddable":true,"href":"http:\/\/metaversa.de\/web\/wp-json\/wp\/v2\/tags?post=326"}],"curies":[{"name":"wp","href":"https:\/\/api.w.org\/{rel}","templated":true}]}}