{"id":324,"date":"2014-06-05T21:21:32","date_gmt":"2014-06-05T19:21:32","guid":{"rendered":"http:\/\/metaversa.de\/web\/?page_id=324"},"modified":"2014-06-05T21:21:32","modified_gmt":"2014-06-05T19:21:32","slug":"israel-in-berlin-60-jahre-gruendung-des-staates-israel","status":"publish","type":"page","link":"http:\/\/metaversa.de\/web\/projekte\/antidiskriminierung\/israel-in-berlin-60-jahre-gruendung-des-staates-israel\/","title":{"rendered":"Israel in Berlin &#8211; 60 Jahre Gr\u00fcndung des Staates Israel"},"content":{"rendered":"<p>Bei dem Projekt begegnen sich Jugendliche zwischen Oktober und Dezember 2008 und reflektieren, zu erst einmal, ihr eigenes Israelbild, um dann in einem zweiten Schritt die Bilder anderer kennenzulernen. Wichtig ist uns hierbei die Vielfalt der unterschiedlichen Perspektiven auf den Staat Israels zu erforschen. Die Jugendlichen sollen durch das Gespr\u00e4ch mit in Berlin lebenden Personen Israelis, j\u00fcdische und nicht-j\u00fcdische Deutsche usw. verschiedene Berliner Perspektive und Stimmen einfangen. Es geht darum plurale j\u00fcdische und nicht-j\u00fcdische Sichtweisen kennenzulernen, mit Menschen unterschiedlichen Alters und verschiedenen politischen Meinungen, Positionen und Verbindungen zum Staat Israel und seine Bedeutung f\u00fcr ein Leben in Deutschland zu sprechen.<\/p>\n<p>Konzentriert wird sich w\u00e4hrend des Projekts vor allem auf die soziokulturellen Aspekte Israels. Hierzu z\u00e4hlen neben (Jugend-) Kulturen, Musik, zivilgesellschaftliche Diskussion auch das Allt\u00e4gliche wie die israelische K\u00fcche, Mode oder Life Styles. Ausgangspunkt der Ann\u00e4herung sind die Jugendlichen selbst bzw. deren Lebenskontext und Kultur. Durch direkte Kontakte, Erfahrungen \u00fcber die Gespr\u00e4che, die Sinne wie Musik und Essen und durch andere Medien lernen sie die Jugend- und Alltagskultur Israels kennen<\/p>\n<p>Von diesem Ausgangspunkt lernen die TeilnehmerInnen weitere kulturelle Bereiche des Landes kennen. Neben der Jugend- und Alltagskultur ist auch die Geschichte bzw. die aktuelle gesellschaftpolitische Situation ein Thema. Zum einen werden antisemitische Bilder, Stereotype und Vorurteile reflektiert und aufgearbeitet, u.a. Sp\u00e4tfolgen des Nationalsozialismus die im kollektiven Ged\u00e4chtnis weiter vermittelt werden und weiterhin in der deutschen Gesellschaft auch heute noch aktuell sind. Damit wird neben der Auseinandersetzung mit Israel heute, den verschiedenen Perspektiven von in Berlin lebenden Personen auch der Nationalsozialismus und seine Auswirkungen f\u00fcr eine heutige Auseinandersetzung mit Israel in der BRD thematisiert.<\/p>\n<p>Die Arbeitsergebnisse, Begegnungen und Gespr\u00e4che werden anhand von Artikeln, Fotos und Audios auf der Webseite \u201e<a href=\"http:\/\/erlebtezeit.de\">erlebtezeit.de<\/a>\u201c dokumentiert. Das Projekt findet in Kooperation mit dem Bildungsverein afabla statt.<\/p>\n<p>Ansprechpartnerin:<br \/>\nBirgit Marzinka marzinka[at]metaversa.de<\/p>\n","protected":false},"excerpt":{"rendered":"<p>Bei dem Projekt begegnen sich Jugendliche zwischen Oktober und Dezember 2008 und reflektieren, zu erst einmal, ihr eigenes Israelbild, um dann in einem zweiten Schritt die Bilder anderer kennenzulernen. Wichtig ist uns hierbei die Vielfalt der unterschiedlichen Perspektiven auf den<\/p>\n","protected":false},"author":1,"featured_media":0,"parent":48,"menu_order":0,"comment_status":"closed","ping_status":"closed","template":"","meta":{"jetpack_post_was_ever_published":false,"footnotes":""},"tags":[20,7,13],"class_list":["post-324","page","type-page","status-publish","hentry","tag-antidiskriminierung","tag-audio","tag-diversity"],"jetpack_sharing_enabled":true,"jetpack_shortlink":"https:\/\/wp.me\/P7Se2K-5e","_links":{"self":[{"href":"http:\/\/metaversa.de\/web\/wp-json\/wp\/v2\/pages\/324","targetHints":{"allow":["GET"]}}],"collection":[{"href":"http:\/\/metaversa.de\/web\/wp-json\/wp\/v2\/pages"}],"about":[{"href":"http:\/\/metaversa.de\/web\/wp-json\/wp\/v2\/types\/page"}],"author":[{"embeddable":true,"href":"http:\/\/metaversa.de\/web\/wp-json\/wp\/v2\/users\/1"}],"replies":[{"embeddable":true,"href":"http:\/\/metaversa.de\/web\/wp-json\/wp\/v2\/comments?post=324"}],"version-history":[{"count":1,"href":"http:\/\/metaversa.de\/web\/wp-json\/wp\/v2\/pages\/324\/revisions"}],"predecessor-version":[{"id":325,"href":"http:\/\/metaversa.de\/web\/wp-json\/wp\/v2\/pages\/324\/revisions\/325"}],"up":[{"embeddable":true,"href":"http:\/\/metaversa.de\/web\/wp-json\/wp\/v2\/pages\/48"}],"wp:attachment":[{"href":"http:\/\/metaversa.de\/web\/wp-json\/wp\/v2\/media?parent=324"}],"wp:term":[{"taxonomy":"post_tag","embeddable":true,"href":"http:\/\/metaversa.de\/web\/wp-json\/wp\/v2\/tags?post=324"}],"curies":[{"name":"wp","href":"https:\/\/api.w.org\/{rel}","templated":true}]}}