{"id":322,"date":"2014-06-05T21:19:53","date_gmt":"2014-06-05T19:19:53","guid":{"rendered":"http:\/\/metaversa.de\/web\/?page_id=322"},"modified":"2014-06-05T21:19:53","modified_gmt":"2014-06-05T19:19:53","slug":"unsere-zungen-sprechen-viele-sprachen","status":"publish","type":"page","link":"http:\/\/metaversa.de\/web\/projekte\/antidiskriminierung\/unsere-zungen-sprechen-viele-sprachen\/","title":{"rendered":"Unsere Zungen sprechen viele Sprachen"},"content":{"rendered":"<p>Poetry Projekt in Zusammenarbeit mit Cafe Pink<\/p>\n<p><a href=\"http:\/\/metaversa.de\/web\/wp-content\/uploads\/2014\/05\/Poetry_klein.jpg\"><img loading=\"lazy\" decoding=\"async\" class=\"alignright size-full wp-image-201\" src=\"http:\/\/metaversa.de\/web\/wp-content\/uploads\/2014\/05\/Poetry_klein.jpg\" alt=\"Poetry_klein\" width=\"200\" height=\"200\" srcset=\"http:\/\/metaversa.de\/web\/wp-content\/uploads\/2014\/05\/Poetry_klein.jpg 200w, http:\/\/metaversa.de\/web\/wp-content\/uploads\/2014\/05\/Poetry_klein-150x150.jpg 150w\" sizes=\"auto, (max-width: 200px) 100vw, 200px\" \/><\/a>Acht M\u00e4dchen, zum Teil mit Migrationshintergrund im Alter zwischen 10 und 16 Jahren schreiben Geschichten und vertonen sie. In einem mehrt\u00e4gigen Workshop im Oktober 2006 entstanden sechs Geschichten und Gedichte, die den Alltag und die Ideen der M\u00e4dchen widerspiegeln. Gemeinsam mit den M\u00e4dchen wurden die Geschichten vertont und eine CD produziert.<\/p>\n<p>Die Geschichten k\u00f6nnen Sie hier anh\u00f6ren:<\/p>\n<p><a href=\"http:\/\/metaversa.de\/web\/wp-content\/uploads\/2014\/05\/Cafe_Pink.mp3\">Cafe_Pink<\/a>&#8211; Tuba<br \/>\n<a href=\"http:\/\/metaversa.de\/web\/wp-content\/uploads\/2014\/05\/Das_Maedchen_das_keine_Angst_hatte.mp3\">Das_Maedchen_das_keine_Angst_hatte<\/a>\u00a0&#8211; Anja<br \/>\n<a href=\"http:\/\/metaversa.de\/web\/wp-content\/uploads\/2014\/05\/Meine_Mutter.mp3\">Meine_Mutter<\/a>\u00a0&#8211; Amira<br \/>\n<a href=\"http:\/\/metaversa.de\/web\/wp-content\/uploads\/2014\/05\/Halloween2.mp3\">Halloween2<\/a>\u00a0&#8211; Janina<br \/>\n<a href=\"http:\/\/metaversa.de\/web\/wp-content\/uploads\/2014\/05\/Schule.mp3\">Schule<\/a>\u00a0&#8211; Tuba<\/p>\n<p>Ansprechpartnerin:<br \/>\nBirgit Marzinka (marzinka[at]metaversa.de)<\/p>\n<p>Dieses Projekt wurde gef\u00f6rdert von: Respectabel<\/p>\n","protected":false},"excerpt":{"rendered":"<p>Poetry Projekt in Zusammenarbeit mit Cafe Pink Acht M\u00e4dchen, zum Teil mit Migrationshintergrund im Alter zwischen 10 und 16 Jahren schreiben Geschichten und vertonen sie. In einem mehrt\u00e4gigen Workshop im Oktober 2006 entstanden sechs Geschichten und Gedichte, die den Alltag<\/p>\n","protected":false},"author":1,"featured_media":0,"parent":48,"menu_order":0,"comment_status":"closed","ping_status":"closed","template":"","meta":{"jetpack_post_was_ever_published":false,"footnotes":""},"tags":[20,7,13],"class_list":["post-322","page","type-page","status-publish","hentry","tag-antidiskriminierung","tag-audio","tag-diversity"],"jetpack_sharing_enabled":true,"jetpack_shortlink":"https:\/\/wp.me\/P7Se2K-5c","_links":{"self":[{"href":"http:\/\/metaversa.de\/web\/wp-json\/wp\/v2\/pages\/322","targetHints":{"allow":["GET"]}}],"collection":[{"href":"http:\/\/metaversa.de\/web\/wp-json\/wp\/v2\/pages"}],"about":[{"href":"http:\/\/metaversa.de\/web\/wp-json\/wp\/v2\/types\/page"}],"author":[{"embeddable":true,"href":"http:\/\/metaversa.de\/web\/wp-json\/wp\/v2\/users\/1"}],"replies":[{"embeddable":true,"href":"http:\/\/metaversa.de\/web\/wp-json\/wp\/v2\/comments?post=322"}],"version-history":[{"count":1,"href":"http:\/\/metaversa.de\/web\/wp-json\/wp\/v2\/pages\/322\/revisions"}],"predecessor-version":[{"id":323,"href":"http:\/\/metaversa.de\/web\/wp-json\/wp\/v2\/pages\/322\/revisions\/323"}],"up":[{"embeddable":true,"href":"http:\/\/metaversa.de\/web\/wp-json\/wp\/v2\/pages\/48"}],"wp:attachment":[{"href":"http:\/\/metaversa.de\/web\/wp-json\/wp\/v2\/media?parent=322"}],"wp:term":[{"taxonomy":"post_tag","embeddable":true,"href":"http:\/\/metaversa.de\/web\/wp-json\/wp\/v2\/tags?post=322"}],"curies":[{"name":"wp","href":"https:\/\/api.w.org\/{rel}","templated":true}]}}