{"id":320,"date":"2014-06-05T21:15:06","date_gmt":"2014-06-05T19:15:06","guid":{"rendered":"http:\/\/metaversa.de\/web\/?page_id=320"},"modified":"2014-06-06T21:33:30","modified_gmt":"2014-06-06T19:33:30","slug":"medienlotsen","status":"publish","type":"page","link":"http:\/\/metaversa.de\/web\/projekte\/partizipation\/medienlotsen\/","title":{"rendered":"Medienlotsen"},"content":{"rendered":"<p>Brandenburger Oberschulen zur Teilnahme gesucht<\/p>\n<p>Die Medienanstalt Berlin-Brandenburg (mabb) m\u00f6chte im Schuljahr 2013\/14 das Peer-to-Peer-Projekt \u201eMedienlotsen\u201c an drei Brandenburger Oberschulen erproben. Kern des Projektes ist die Ausbildung von jeweils 10 Sch\u00fclerInnen zu Medienlotsen, die anschlie\u00dfend als kompetente Ansprechpartner f\u00fcr ihre Mitsch\u00fclerInnen, LehrerInnen und Eltern bei Fragen rund um das Thema Medien (u.a. Nutzung, Chancen &amp; Sicherheit) zur Verf\u00fcgung stehen. Dar\u00fcber hinaus setzen sie sich f\u00fcr eine geregelte Nutzung von digitalen Medien in Unterricht und Freizeit ein. Beispielsweise k\u00f6nnen die Medienlotsen als Co-Teacher die LehrerInnen im Unterricht unterst\u00fctzen, einen Elternabend zur Mediennutzung bei Jugendlichen durchf\u00fchren und ein konkretes Medienprojekt an der Schule eigenst\u00e4ndig umsetzen.<\/p>\n<p>Projektziele sind zum einen die F\u00f6rderung von Medienkompetenz der Sch\u00fclerInnen, LehrerInnen und Eltern sowie die Schaffung eines funktionierenden Beratungssystems zu Medienthemen im Schulalltag.<\/p>\n<p>Durchf\u00fchrung<\/p>\n<p>Das Projekt soll im Schuljahr 2013\/ 14 mit drei Brandenburger Schulen stattfinden. Teilnehmen k\u00f6nnen pro Schule zehn Sch\u00fclerInnen der 8. bis 10. Klasse sowie zwei LehrerInnen. \u00dcber das Schuljahr verteilt, nehmen sie an drei Wochenenden an Ausbildungsworkshops bzw. einem Auswertungsworkshop im Medieninnovationszentrum in Babelsberg (MIZ) teil. Ausgebildet und betreut werden sie durch Medienp\u00e4dagogInnen vom Metaversa e.V.. Zu speziellen Themen werden externe ExpertInnen eingeladen.<\/p>\n<p>Die konkrete Durchf\u00fchrung und Umsetzung des Projektes vor Ort wird zu Beginn mit der jeweiligen Schule abgestimmt. Die ProjektleiterInnen von Metaversa e.V. unterst\u00fctzen die Medienlotsen und LehrerInnen auch zwischen den Workshops durch regelm\u00e4\u00dfige Schulbesuche. In der Schule finden w\u00e4hrend des Schuljahres m\u00f6glichst w\u00f6chentliche Treffen der Medienlotsen etwa in Form einer Arbeitsgemeinschaft statt. W\u00e4hrend der w\u00f6chentlichen Treffen bieten sie Beratung und Hilfe in Medienfragen f\u00fcr Sch\u00fclerInnen und LehrerInnen an. Sie sollen au\u00dferdem aktiv das Medienkonzept der Schule mit gestalten, beispielsweise durch Teilnahme an einer Schulkonferenz. Die Medienlotsen setzen w\u00e4hrend des Projekts ein selbstgew\u00e4hltes Medienprojekt an der Schule um. Mit dem Medienprojekt machen sich die Medienlotsen an der Schule bekannt und werden von den anderen Sch\u00fclerInnen als MedienexpertInnen wahrgenommen. Zur Durchf\u00fchrung der Medienprojekte erhalten sie finanzielle Unterst\u00fctzung.<\/p>\n<p>Den teilnehmenden Schulen entstehen keine Kosten.<\/p>\n<p>Wir freuen uns \u00fcber Schulbewerbungen per E-Mail an: lange@metaversa.de.<\/p>\n<p>\u201eMedienlotsen\u201c ist ein Projekt der Medienanstalt Berlin-Brandenburg (mabb), das von Metaversa e.V. &#8211; Verein f\u00fcr Medien, Bildung und Kultur umgesetzt wird.<\/p>\n","protected":false},"excerpt":{"rendered":"<p>Brandenburger Oberschulen zur Teilnahme gesucht Die Medienanstalt Berlin-Brandenburg (mabb) m\u00f6chte im Schuljahr 2013\/14 das Peer-to-Peer-Projekt \u201eMedienlotsen\u201c an drei Brandenburger Oberschulen erproben. Kern des Projektes ist die Ausbildung von jeweils 10 Sch\u00fclerInnen zu Medienlotsen, die anschlie\u00dfend als kompetente Ansprechpartner f\u00fcr ihre<\/p>\n","protected":false},"author":1,"featured_media":0,"parent":44,"menu_order":0,"comment_status":"closed","ping_status":"closed","template":"","meta":{"jetpack_post_was_ever_published":false,"footnotes":""},"tags":[4,19,5],"class_list":["post-320","page","type-page","status-publish","hentry","tag-internet","tag-peereducation","tag-schule"],"jetpack_sharing_enabled":true,"jetpack_shortlink":"https:\/\/wp.me\/P7Se2K-5a","_links":{"self":[{"href":"http:\/\/metaversa.de\/web\/wp-json\/wp\/v2\/pages\/320","targetHints":{"allow":["GET"]}}],"collection":[{"href":"http:\/\/metaversa.de\/web\/wp-json\/wp\/v2\/pages"}],"about":[{"href":"http:\/\/metaversa.de\/web\/wp-json\/wp\/v2\/types\/page"}],"author":[{"embeddable":true,"href":"http:\/\/metaversa.de\/web\/wp-json\/wp\/v2\/users\/1"}],"replies":[{"embeddable":true,"href":"http:\/\/metaversa.de\/web\/wp-json\/wp\/v2\/comments?post=320"}],"version-history":[{"count":2,"href":"http:\/\/metaversa.de\/web\/wp-json\/wp\/v2\/pages\/320\/revisions"}],"predecessor-version":[{"id":360,"href":"http:\/\/metaversa.de\/web\/wp-json\/wp\/v2\/pages\/320\/revisions\/360"}],"up":[{"embeddable":true,"href":"http:\/\/metaversa.de\/web\/wp-json\/wp\/v2\/pages\/44"}],"wp:attachment":[{"href":"http:\/\/metaversa.de\/web\/wp-json\/wp\/v2\/media?parent=320"}],"wp:term":[{"taxonomy":"post_tag","embeddable":true,"href":"http:\/\/metaversa.de\/web\/wp-json\/wp\/v2\/tags?post=320"}],"curies":[{"name":"wp","href":"https:\/\/api.w.org\/{rel}","templated":true}]}}