{"id":311,"date":"2014-06-04T21:34:15","date_gmt":"2014-06-04T19:34:15","guid":{"rendered":"http:\/\/metaversa.de\/web\/?page_id=311"},"modified":"2014-06-04T21:34:15","modified_gmt":"2014-06-04T19:34:15","slug":"smartphones-im-bildungseinsatz","status":"publish","type":"page","link":"http:\/\/metaversa.de\/web\/projekte\/mobiles-lernen\/smartphones-im-bildungseinsatz\/","title":{"rendered":"Smartphones im Bildungseinsatz"},"content":{"rendered":"<p>Mit den immer leistungsst\u00e4rkeren Smartphones entsteht eine neue Kommunikations- und Informationskultur. \u201eAlways On&#8220; zu sein, heisst nicht nur, st\u00e4ndig und \u00fcberall Zugriff aufs Internet zu haben. Ein eingebautes GPS und ein Kompass lassen den aktuellen Aufenthaltsort bestimmen, ortsbezogene Informationen anzeigen und zu vorgegebenen Zielen navigieren. \u00dcber die sichtbare physische Realit\u00e4t legt sich ein virtueller Layer, der die Welt mit aktuellen Informationen anreichert. Damit verbunden sind aber auch Datenschutzproblematiken und die Gefahr, dass Bewegungsprofile aufgezeichnet werden oder eine \u00dcberwachung des Aufenthaltsorts stattfindet.<\/p>\n<p>Neben der Sensibilisierung f\u00fcr Datenschutzproblematiken geht es aber vor allem darum, diese Tools f\u00fcr die Bildungsarbeit kreativ und produktiv nutzbar zu machen. Der Einsatz von Smartphones regt an, aus R\u00e4umen in Schulen und Freizeiteinrichtungen nach drau\u00dfen zu gehen und sich Wissen mobil, kreativ und eigenst\u00e4ndig anzueignen.<\/p>\n<p>In der Workshopreihe in Kooperation mit BITS21\/Wetek e.V. 2012 werden verschiedene Anwendungsbeispiele zum Einsatz des Smartphones in Schule und Jugendarbeit gezeigt und praktisch erprobt. Wir verf\u00fcgen \u00fcber f\u00fcnf Androidhandys, die f\u00fcr Bildungsprojekte g\u00fcnstig ausgeliehen werden k\u00f6nnen, um das neu gewonnene Wissen direkt vor Ort in der p\u00e4dagogischen Arbeit anwenden zu k\u00f6nnen: <\/p>\n<p>1. Einf\u00fchrung in Android<br \/>\nAndroid ist Googles Betriebssystem f\u00fcr Smartphones. Gezeigt werden die wichtigsten Systemeinstellungen, Installation von Apps, Messenger, Ortungsfunktionen und das Spiel \u201eMisterX\u201c.<\/p>\n<p>2. Geocaching mit Smartphones<br \/>\nVorgestellt und praktisch erprobt werden die Programme c:geo und Locus free (Offline Geocaching) f\u00fcr Android-Smartphones. <\/p>\n<p>3. QR-Code-Rallyes<br \/>\nVergleichbar mit den bekannten Strichcodes auf Produkten sind QR-Codes zweidimensionale Markierung, die durch eine entsprechende Bilderkennungssoftware mit dem PC oder Smartphone decodiert werden k\u00f6nnen. Die QR-Codes leiten dann zu einer beliebigen Webseite oder l\u00f6sen vorbestimmte Aktionen aus.So lassen sich relativ einfach spielerische Rallyes durch die Stadt organisieren. <\/p>\n<p>4. Tidy City<br \/>\nNeben QR-Codes und Geocaching gibt es weitere Formen von Handyrallyes die auch ohne physische Objekte in der Umwelt auskommen. Die Orientierung zwischen den Stationen erfolgt mittels GPS-Signal, die Aufgaben kommen aus dem Netz. Zwei Webdienste, mit denen diese Spiele umgesetzt werden k\u00f6nnen sind z.B. Geoquest und Tidy City. <\/p>\n<p>5. Augmented Reality (AR)<br \/>\nAugmented Reality ist eine um Informationen aus dem Netz erweitere Realit\u00e4t. \u00dcblicherweise werden die Informationen in ein Livekamerabild eines Smartphones eingeblendet. Dabei kann es sich nicht nur um Bilder und Texte handeln, sondern auch um dreidimensionale Grafiken. So kann man z.B. ein Modell der Berliner Mauer an der Stelle einblenden, an der sie vor dem Fall der Mauer gestanden hat. Vorgestellt werden die drei wichtigsten AR-Browser Layar, Wikitude und Junaio und die Bilderkennungssoftware Aurasma. <\/p>\n<p>6. Openstreetmap editieren<br \/>\nOpenstreetmap ist eine kostenlose Kartenalternativ zu Google Maps. Nach dem Wikipediaprinzip kann jeder zu der Karte beitragen und eigene Daten hinzuf\u00fcgen. Mit der Software \u201eOSMtracker\u201c auf dem Smartphone k\u00f6nnen die exakten Positionen aufgezeichnet und sp\u00e4ter am PC in Openstreetmap \u00fcbertragen werden.<\/p>\n","protected":false},"excerpt":{"rendered":"<p>Mit den immer leistungsst\u00e4rkeren Smartphones entsteht eine neue Kommunikations- und Informationskultur. \u201eAlways On&#8220; zu sein, heisst nicht nur, st\u00e4ndig und \u00fcberall Zugriff aufs Internet zu haben. Ein eingebautes GPS und ein Kompass lassen den aktuellen Aufenthaltsort bestimmen, ortsbezogene Informationen anzeigen<\/p>\n","protected":false},"author":1,"featured_media":0,"parent":33,"menu_order":0,"comment_status":"closed","ping_status":"closed","template":"","meta":{"jetpack_post_was_ever_published":false,"footnotes":""},"tags":[4,14],"class_list":["post-311","page","type-page","status-publish","hentry","tag-internet","tag-netzcommunity"],"jetpack_sharing_enabled":true,"jetpack_shortlink":"https:\/\/wp.me\/P7Se2K-51","_links":{"self":[{"href":"http:\/\/metaversa.de\/web\/wp-json\/wp\/v2\/pages\/311","targetHints":{"allow":["GET"]}}],"collection":[{"href":"http:\/\/metaversa.de\/web\/wp-json\/wp\/v2\/pages"}],"about":[{"href":"http:\/\/metaversa.de\/web\/wp-json\/wp\/v2\/types\/page"}],"author":[{"embeddable":true,"href":"http:\/\/metaversa.de\/web\/wp-json\/wp\/v2\/users\/1"}],"replies":[{"embeddable":true,"href":"http:\/\/metaversa.de\/web\/wp-json\/wp\/v2\/comments?post=311"}],"version-history":[{"count":1,"href":"http:\/\/metaversa.de\/web\/wp-json\/wp\/v2\/pages\/311\/revisions"}],"predecessor-version":[{"id":312,"href":"http:\/\/metaversa.de\/web\/wp-json\/wp\/v2\/pages\/311\/revisions\/312"}],"up":[{"embeddable":true,"href":"http:\/\/metaversa.de\/web\/wp-json\/wp\/v2\/pages\/33"}],"wp:attachment":[{"href":"http:\/\/metaversa.de\/web\/wp-json\/wp\/v2\/media?parent=311"}],"wp:term":[{"taxonomy":"post_tag","embeddable":true,"href":"http:\/\/metaversa.de\/web\/wp-json\/wp\/v2\/tags?post=311"}],"curies":[{"name":"wp","href":"https:\/\/api.w.org\/{rel}","templated":true}]}}