{"id":308,"date":"2014-06-04T21:31:01","date_gmt":"2014-06-04T19:31:01","guid":{"rendered":"http:\/\/metaversa.de\/web\/?page_id=308"},"modified":"2014-12-08T14:35:12","modified_gmt":"2014-12-08T12:35:12","slug":"surfing-the-streets","status":"publish","type":"page","link":"http:\/\/metaversa.de\/web\/projekte\/mobiles-lernen\/surfing-the-streets\/","title":{"rendered":"Surfing the Streets"},"content":{"rendered":"<p><strong>Augmented Reality (AR) Handyrallyes erstellen<\/strong><\/p>\n<p>Ziel ist es, die ortsbezogenen Funktionen von Handys (GPS, Bilderkennung, QR-Codes) f\u00fcr die Bildungsarbeit nutzbar zu machen.<\/p>\n<p>Thematisch sind dabei alle Bereiche denkbar, bei denen es um Informationen geht, die sich auf einer Karte darstellen lassen.<\/p>\n<p>Im Workshop lernen die TeilnehmerInnen verschiedene ortsbezogene Funktionen und Webdienste f\u00fcr Smartphones kennen (Geocaching, QR-Codes, lokale Bewertungsdienste, Augmented Reality Browser) und erhalten je nach Thema eine Einf\u00fchrung in digitale Fotografie und Videoschnitt. Sie recherchieren zu verschiedenen Orten im Internet, suchen diese auf und gestalten Webseiten. Mit &#8222;Layar&#8220; wird anschlie\u00dfend eine mobile Anwendung programmiert, die die Orte im Augmented Reality Browser als \u00dcberblendungen eines Livevideobildes darstellt. Mit jeder Station werden Aufgaben verkn\u00fcpft, so dass am Ende eine Handyrallye entsteht, die von anderen Personen oder Gruppen vor Ort gespielt werden kann.<\/p>\n<p>Einen ersten Workshop f\u00fcr Jugendliche gab es vom 12.-14. Oktober 2011 zum Thema &#8218;Filmstadt Berlin&#8216;. Anhand des Films &#8222;Sinfonie einer Gro\u00dfstadt&#8220; von 1927 suchten wir die Drehorte in der Berliner Innenstadt auf, verglichen die alten Filmbilder mit den aktuellen Ansichten und interviewten Passanten zu ihren Kenntnissen \u00fcber die Berliner Geschichte. Daraus entstand eine Handyrallye, die nun nun jederzeit eigenst\u00e4ndig gespielt werden kann.<\/p>\n<p>Zur Spielwebseite: <a href=\"http:\/\/surfingthestreets.wordpress.com\">surfingthestreets.wordpress.com<\/a><\/p>\n<p><a href=\"http:\/\/metaversa.de\/web\/wp-content\/uploads\/2014\/05\/android-screens.jpg\"><img loading=\"lazy\" decoding=\"async\" class=\"alignright size-large wp-image-85\" src=\"http:\/\/metaversa.de\/web\/wp-content\/uploads\/2014\/05\/android-screens-1024x642.jpg\" alt=\"android-screens\" width=\"474\" height=\"297\" srcset=\"http:\/\/metaversa.de\/web\/wp-content\/uploads\/2014\/05\/android-screens-1024x642.jpg 1024w, http:\/\/metaversa.de\/web\/wp-content\/uploads\/2014\/05\/android-screens-300x188.jpg 300w, http:\/\/metaversa.de\/web\/wp-content\/uploads\/2014\/05\/android-screens.jpg 2000w\" sizes=\"auto, (max-width: 474px) 100vw, 474px\" \/><\/a><\/p>\n","protected":false},"excerpt":{"rendered":"<p>Augmented Reality (AR) Handyrallyes erstellen Ziel ist es, die ortsbezogenen Funktionen von Handys (GPS, Bilderkennung, QR-Codes) f\u00fcr die Bildungsarbeit nutzbar zu machen. Thematisch sind dabei alle Bereiche denkbar, bei denen es um Informationen geht, die sich auf einer Karte darstellen<\/p>\n","protected":false},"author":1,"featured_media":0,"parent":33,"menu_order":0,"comment_status":"closed","ping_status":"closed","template":"","meta":{"jetpack_post_was_ever_published":false,"footnotes":""},"tags":[29,18,4,17,8],"class_list":["post-308","page","type-page","status-publish","hentry","tag-augmented-reality","tag-computerspiele","tag-internet","tag-mobiles-lernen","tag-video"],"jetpack_sharing_enabled":true,"jetpack_shortlink":"https:\/\/wp.me\/P7Se2K-4Y","_links":{"self":[{"href":"http:\/\/metaversa.de\/web\/wp-json\/wp\/v2\/pages\/308","targetHints":{"allow":["GET"]}}],"collection":[{"href":"http:\/\/metaversa.de\/web\/wp-json\/wp\/v2\/pages"}],"about":[{"href":"http:\/\/metaversa.de\/web\/wp-json\/wp\/v2\/types\/page"}],"author":[{"embeddable":true,"href":"http:\/\/metaversa.de\/web\/wp-json\/wp\/v2\/users\/1"}],"replies":[{"embeddable":true,"href":"http:\/\/metaversa.de\/web\/wp-json\/wp\/v2\/comments?post=308"}],"version-history":[{"count":2,"href":"http:\/\/metaversa.de\/web\/wp-json\/wp\/v2\/pages\/308\/revisions"}],"predecessor-version":[{"id":310,"href":"http:\/\/metaversa.de\/web\/wp-json\/wp\/v2\/pages\/308\/revisions\/310"}],"up":[{"embeddable":true,"href":"http:\/\/metaversa.de\/web\/wp-json\/wp\/v2\/pages\/33"}],"wp:attachment":[{"href":"http:\/\/metaversa.de\/web\/wp-json\/wp\/v2\/media?parent=308"}],"wp:term":[{"taxonomy":"post_tag","embeddable":true,"href":"http:\/\/metaversa.de\/web\/wp-json\/wp\/v2\/tags?post=308"}],"curies":[{"name":"wp","href":"https:\/\/api.w.org\/{rel}","templated":true}]}}