{"id":305,"date":"2014-06-04T21:25:05","date_gmt":"2014-06-04T19:25:05","guid":{"rendered":"http:\/\/metaversa.de\/web\/?page_id=305"},"modified":"2017-11-11T17:39:00","modified_gmt":"2017-11-11T15:39:00","slug":"medien","status":"publish","type":"page","link":"http:\/\/metaversa.de\/web\/projekte\/medien\/","title":{"rendered":"Medien"},"content":{"rendered":"<p><a href=\"http:\/\/metaversa.de\/web\/projekte\/medien\/ruppich-podcast-projekt-in-der-jva-neuruppin-wulkow\/\">Ruppich &#8211; Podcast-Projekt in der JVA Neurrupin-Wulkow<\/a> (2017)<br \/>\nRUPPICH besteht aus Gefangenen die technisch und inhaltlich selbst\u00e4ndig ihre eigene Version von \u201eHaftradio\u201c umsetzen: Geschichten von \u201edrinnen\u201c f\u00fcr die Menschen \u201edrau\u00dfen\u201c.<\/p>\n<p><a href=\"http:\/\/metaversa.de\/web\/projekte\/medien\/flucht-nach-utopia-2016\/\">Flucht nach Utopia<\/a> (2016)<br \/>\nDer eint\u00e4gige Workshop verbindet das Thema \u201eCoding f\u00fcr Kinder\u201c mit der Auseinandersetzung um ethische Fragen zur Automatisierung.<\/p>\n<p><a href=\"http:\/\/metaversa.de\/web\/projekte\/medien\/future-data-world-ag-projektwoche-zu-big-data\/\">Future Data World AG &#8211; Projektwoche zu &#8222;Big Data&#8220;<\/a> (2016)<br \/>\nIm Rahmen einer Projektwoche erstellen Sch\u00fcler_innen Werbefilme, Plakate und Webseiten f\u00fcr fiktive Produkte und Dienstleistungen, die es in der Zukunft im digitalen Bereich geben k\u00f6nnte. Schwerpunkt sind die Technologien um \u201eBig Data\u201c, die sie durch Gespr\u00e4che mit Expert_innen kennenlernen.<\/p>\n<p><a title=\"Reise durch die Mediengalaxie\" href=\"http:\/\/metaversa.de\/web\/projekte\/medien\/reise-durch-die-mediengalaxie\/\">Reise durch die Mediengalaxie<\/a> (2011 &#8211; heute)<br \/>\nDer Aktionstag &#8222;Reise durch die Mediengalaxie&#8220; f\u00fchrt 80 &#8211; 120 Sch\u00fclerInnen der 5. und 6. Klassen einer Grundschule zusammen mit Eltern und Geschwistern an einem Nachmittag f\u00fcr 2-3 Stunden durch einen Spiel- und Aktionsparcours zum Thema Medien.<\/p>\n<p><a href=\"http:\/\/metaversa.de\/web\/projekte\/medien\/netzlotsen\/\">Netzlotsen<\/a> (2011 &#8211; heute)<br \/>\nSch\u00fcler_innen der 5. und 6. Klassen werden im Rahmen einer Projektwoche\u00a0in Internetrecherche geschult. Am letzten Projekttag geben sie ihr erworbenes Wissen an Eltern undGro\u00dfeltern weiter.<\/p>\n<p><a title=\"Sch\u00fclerInnen machen OER\" href=\"http:\/\/metaversa.de\/web\/projekte\/medien\/schuelerinnen-machen-oer\/\">Sch\u00fclerInnen machen OER<\/a> (2013\/14)<br \/>\nIm Projekt lernen Sch\u00fclerInnen OER Konzepte kennen und besuchen Einrichtungen, die sich mit freiem Wissen besch\u00e4ftigen. Sie formulieren W\u00fcnsche an Lernszenarien und erstellen sch\u00fclereigene, lediglich fachspezifisch begleitete, OER-Materialien.<\/p>\n<p><a title=\"Fernsehen macht Geschichte\" href=\"http:\/\/metaversa.de\/web\/projekte\/medien\/fernsehen-macht-geschichte\/\">Fernsehen macht Geschichte<\/a> (2012)<br \/>\nIn einer\u00a0Projektwoche erforschen die Sch\u00fclerInnen den Einfluss des Fernsehens auf gesellschaftliche und historische Entwicklungen. Sie nehmen dabei den Zeitraum der letzten 50 Jahre in Deutschland in den Blick und wagen ebenso einen Ausblick in die Zukunft des Fernsehens.<\/p>\n<p><a title=\"Robinsons Metaversum\" href=\"http:\/\/metaversa.de\/web\/robinsons-metaversum\/\">Robinsons Metaversum<\/a> (2010)<br \/>\nMit dem Projekt \u201eRobinsons Metaversum\u201c \u00fcbertrugen wir die Geschichte des Robinson Crusoe auf das Leben im Netz. Gestrandet in einem digitalen Raum, ohne soziale Kontakte, findet sich der moderne Robinson auf einer virtuellen Insel wieder, die er nicht verlassen kann.<\/p>\n","protected":false},"excerpt":{"rendered":"<p>Ruppich &#8211; Podcast-Projekt in der JVA Neurrupin-Wulkow (2017) RUPPICH besteht aus Gefangenen die technisch und inhaltlich selbst\u00e4ndig ihre eigene Version von \u201eHaftradio\u201c umsetzen: Geschichten von \u201edrinnen\u201c f\u00fcr die Menschen \u201edrau\u00dfen\u201c. Flucht nach Utopia (2016) Der eint\u00e4gige Workshop verbindet das Thema<\/p>\n","protected":false},"author":1,"featured_media":0,"parent":27,"menu_order":0,"comment_status":"closed","ping_status":"closed","template":"","meta":{"jetpack_post_was_ever_published":false,"footnotes":""},"tags":[],"class_list":["post-305","page","type-page","status-publish","hentry"],"jetpack_sharing_enabled":true,"jetpack_shortlink":"https:\/\/wp.me\/P7Se2K-4V","_links":{"self":[{"href":"http:\/\/metaversa.de\/web\/wp-json\/wp\/v2\/pages\/305","targetHints":{"allow":["GET"]}}],"collection":[{"href":"http:\/\/metaversa.de\/web\/wp-json\/wp\/v2\/pages"}],"about":[{"href":"http:\/\/metaversa.de\/web\/wp-json\/wp\/v2\/types\/page"}],"author":[{"embeddable":true,"href":"http:\/\/metaversa.de\/web\/wp-json\/wp\/v2\/users\/1"}],"replies":[{"embeddable":true,"href":"http:\/\/metaversa.de\/web\/wp-json\/wp\/v2\/comments?post=305"}],"version-history":[{"count":11,"href":"http:\/\/metaversa.de\/web\/wp-json\/wp\/v2\/pages\/305\/revisions"}],"predecessor-version":[{"id":867,"href":"http:\/\/metaversa.de\/web\/wp-json\/wp\/v2\/pages\/305\/revisions\/867"}],"up":[{"embeddable":true,"href":"http:\/\/metaversa.de\/web\/wp-json\/wp\/v2\/pages\/27"}],"wp:attachment":[{"href":"http:\/\/metaversa.de\/web\/wp-json\/wp\/v2\/media?parent=305"}],"wp:term":[{"taxonomy":"post_tag","embeddable":true,"href":"http:\/\/metaversa.de\/web\/wp-json\/wp\/v2\/tags?post=305"}],"curies":[{"name":"wp","href":"https:\/\/api.w.org\/{rel}","templated":true}]}}