{"id":294,"date":"2014-06-04T21:09:46","date_gmt":"2014-06-04T19:09:46","guid":{"rendered":"http:\/\/metaversa.de\/web\/?page_id=294"},"modified":"2019-09-09T16:08:24","modified_gmt":"2019-09-09T14:08:24","slug":"talknshow","status":"publish","type":"page","link":"http:\/\/metaversa.de\/web\/projekte\/netzcommunities\/talknshow\/","title":{"rendered":"Talk&#8217;n&#8217;Show"},"content":{"rendered":"<p><strong>Ein Projekttag f\u00fcr Schulklassen zum Thema &#8222;Chancen und Gefahren sozialer Netzwerke&#8220;<\/strong><\/p>\n<p>Gef\u00f6rdert durch die Medienanstalt Berlin-Brandenburg und die Jugend- und Familienstiftung Berlin erhalten 12 Berliner Grundschulklassen von Oktober 2011 bis Januar 2012 die M\u00f6glichkeit, sich an einem Projekttag kreativ mit der Nutzung sozialer Netzwerke auseinander zu setzen und mit LehrerInnen und Eltern dar\u00fcber ins Gespr\u00e4ch zu kommen.<\/p>\n<p>Nach gemeinsamen Gespr\u00e4chsrunden zu Chancen und Gefahren in Netzwerken wurden in Kleingruppen verschiedene Themen medial bearbeitet: Datenschutz, Privatsph\u00e4re, Cybermobbing und Netzidentit\u00e4t. Es entstehen Radiospots, Plakate, Filme, Fotostorys und Comics, die am Ende im Rahmen einer gespielten Talkshow pr\u00e4sentiert werden. Im Anschluss an jeden Projekttag werden die Eltern der beteiligten Sch\u00fclerInnen zu einem Elternabend zum Thema \u201eSoziale Netzwerke\u201c eingeladen. Nach einem Inputreferat stellten die Sch\u00fclerInnen ausgew\u00e4hlte Ergebnisse aus dem Projekttag vor und setzten sich mit den Fragen und Meinungen der Eltern auseinander.<\/p>\n<ul>\n<li>Die Sch\u00fclerInnen erfahren die Bedeutung und Tragweite von Communities und Internetnutzung<\/li>\n<li>Sie werden f\u00fcr ihre Privatsph\u00e4re sensibilisiert, und \u00fcber m\u00f6gliche Gefahren von Datenmissbrauch informiert<\/li>\n<li>Sie lernen die wichtigsten gesetzlichen Regelungen, die auch im Internet gelten, kennen<\/li>\n<li>Sie werden sensibilisiert f\u00fcr die Folgen von Mobbing in Netzwerken<\/li>\n<li>Sie erlernen Medienkompetenzen durch den kritischen Umgang mit dem eigenem Nutzungsverhalten wie auch in der Betrachtung der kommerziellen Interessen der Netzwerkbetreiber<\/li>\n<li>Das Bewusstsein \u00fcber das Selbstbild, bzw. Fremdbild wird gesch\u00e4rft<\/li>\n<li>Eltern und P\u00e4dagogInnen setzen sich mit Bed\u00fcrfnissen von Kindern auseinander und erhalten Informationen \u00fcber Chancen und Gefahren der Nutzung sozialer Netzwerke<\/li>\n<\/ul>\n<p>Von Oktober 2010 bis M\u00e4rz 2011 hat bereits eine erste Staffel \u201cTalk\u2019n&#8217;Show\u201d mit zw\u00f6lf 7.-10. Berliner Schulklassen stattgefunden. Das Projekt wurde mit dem 2. Platz beim Wettbewerb \u201cWege ins Netz 2011\u201d des Bundesministerium f\u00fcr Wirtschaft und Technologie ausgezeichnet. Produziert wurde auch eine DVD mit vier Expertengespr\u00e4chInnen zu den Themen Datenschutz, Cybermobbing und Partizipation. Der Abschlussbericht und die Filme k\u00f6nnen auf der Projektwebseite: <a href=\"http:\/\/www.metaversa.de\/talknshow\/\">http:\/\/www.metaversa.de\/talknshow\/<\/a> heruntergeladen werden.<\/p>\n<p>Gef\u00f6rdert durch die <a href=\"http:\/\/www.mabb.de\">Medienanstalt Berlin-Brandenburg<\/a> und die <a href=\"http:\/\/www.jfsb.de\">Jugend- und Familienstiftung Berlin<\/a><\/p>\n","protected":false},"excerpt":{"rendered":"<p>Ein Projekttag f\u00fcr Schulklassen zum Thema &#8222;Chancen und Gefahren sozialer Netzwerke&#8220; Gef\u00f6rdert durch die Medienanstalt Berlin-Brandenburg und die Jugend- und Familienstiftung Berlin erhalten 12 Berliner Grundschulklassen von Oktober 2011 bis Januar 2012 die M\u00f6glichkeit, sich an einem Projekttag kreativ mit<\/p>\n","protected":false},"author":1,"featured_media":0,"parent":35,"menu_order":0,"comment_status":"closed","ping_status":"closed","template":"","meta":{"jetpack_post_was_ever_published":false,"footnotes":""},"tags":[16,4,14,5],"class_list":["post-294","page","type-page","status-publish","hentry","tag-datenschutz","tag-internet","tag-netzcommunity","tag-schule"],"jetpack_sharing_enabled":true,"jetpack_shortlink":"https:\/\/wp.me\/P7Se2K-4K","_links":{"self":[{"href":"http:\/\/metaversa.de\/web\/wp-json\/wp\/v2\/pages\/294","targetHints":{"allow":["GET"]}}],"collection":[{"href":"http:\/\/metaversa.de\/web\/wp-json\/wp\/v2\/pages"}],"about":[{"href":"http:\/\/metaversa.de\/web\/wp-json\/wp\/v2\/types\/page"}],"author":[{"embeddable":true,"href":"http:\/\/metaversa.de\/web\/wp-json\/wp\/v2\/users\/1"}],"replies":[{"embeddable":true,"href":"http:\/\/metaversa.de\/web\/wp-json\/wp\/v2\/comments?post=294"}],"version-history":[{"count":2,"href":"http:\/\/metaversa.de\/web\/wp-json\/wp\/v2\/pages\/294\/revisions"}],"predecessor-version":[{"id":1034,"href":"http:\/\/metaversa.de\/web\/wp-json\/wp\/v2\/pages\/294\/revisions\/1034"}],"up":[{"embeddable":true,"href":"http:\/\/metaversa.de\/web\/wp-json\/wp\/v2\/pages\/35"}],"wp:attachment":[{"href":"http:\/\/metaversa.de\/web\/wp-json\/wp\/v2\/media?parent=294"}],"wp:term":[{"taxonomy":"post_tag","embeddable":true,"href":"http:\/\/metaversa.de\/web\/wp-json\/wp\/v2\/tags?post=294"}],"curies":[{"name":"wp","href":"https:\/\/api.w.org\/{rel}","templated":true}]}}