{"id":290,"date":"2014-06-03T22:01:55","date_gmt":"2014-06-03T20:01:55","guid":{"rendered":"http:\/\/metaversa.de\/web\/?page_id=290"},"modified":"2014-06-03T22:01:55","modified_gmt":"2014-06-03T20:01:55","slug":"du-bist-eine-marke","status":"publish","type":"page","link":"http:\/\/metaversa.de\/web\/projekte\/netzcommunities\/du-bist-eine-marke\/","title":{"rendered":"Du bist eine Marke"},"content":{"rendered":"<p>Personal Branding in Netzcommunitys<\/p>\n<p>Kreative Workshops f\u00fcr Jugendliche zu Identit\u00e4t und Privatsph\u00e4re in sozialen Netzwerken<\/p>\n<p><a href=\"http:\/\/metaversa.de\/web\/wp-content\/uploads\/2014\/05\/facebook_luisa_klein.jpg\"><img loading=\"lazy\" decoding=\"async\" class=\"alignright size-full wp-image-123\" src=\"http:\/\/metaversa.de\/web\/wp-content\/uploads\/2014\/05\/facebook_luisa_klein.jpg\" alt=\"facebook_luisa_klein\" width=\"240\" height=\"180\" \/><\/a>\u201ePersonal Branding\u201c bedeutet den Aufbau einer m\u00f6glichst perfekten Identit\u00e4t im Internet, mit der man nicht nur die richtigen Freunde gewinnt, sondern vor allem auch der beruflichen Karriere einen entscheidenden Schwung verpassen kann.<\/p>\n<p>In dreit\u00e4gigen Workshop wird \u00fcber M\u00f6glichkeiten diskutiert, wie man sich in verschiedenen Communitys darstellen kann und es wird gemeinsam \u00fcberlegt, was dabei eher f\u00f6rderlich ist oder was hinderlich.<\/p>\n<p>Im praktischen Teil wird am Computer eine gefakte Identit\u00e4t erschaffen, f\u00fcr die in verschiedenen Communitys Profile angelegt, Diskussionsbeitr\u00e4ge er\u00f6ffnet, Weblogartikel geschrieben und nat\u00fcrlich die richtigen Freunde hinzuf\u00fcgt werden. Dabei wird auch vor Bildmanipulationen und gefakten Videos nicht zur\u00fcckgeschreckt.<\/p>\n<p>Die \u00fcberwiegende Mehrheit von Jugendlichen nutzt heute soziale Communitys zur Kommunikation mit Gleichaltrigen und zur Selbstdarstellung. Oft wird dabei nicht bedacht, dass nicht nur der Freundeskreis hier Zugang hat, sondern viele Daten \u00f6ffentlich zug\u00e4nglich sind. Von p\u00e4dagogischer Seite werden Jugendliche oft gemahnt, hier m\u00f6glichst keine privaten Informationen preiszugeben oder eventuell mit peinlichen Fotos Einstellungschancen bei Arbeitgebern, die inzwischen nat\u00fcrlich auch nach Bewerbernamen googeln, drastisch zu vermindern.<\/p>\n<p>Dieser warnende p\u00e4dagogische Zeigefinger kommt erfahrungsgem\u00e4\u00df bei Jugendlichen nicht gut an. Mit dem Workshop werden deshalb die positiven Seiten der Selbstdarstellung im Internet erforscht. Ein interessantes Profil in einer oder mehreren Communitys, ein eigenes Weblog mit spannenden Beitr\u00e4gen oder die gut zusammengestellte \u00f6ffentliche Bookmarkliste kann auch dazu beitragen, einen Stellenbewerber als engagiert und am Thema interessiert darzustellen. Wenn gemeinsam und kreativ an einer perfekten Netzidentit\u00e4t gearbeitet wird, wird automatisch sensibilisiert f\u00fcr die Gefahr, die die \u00f6ffentliche Darstellung der eigenen Identit\u00e4t im Netz ebenfalls bedeutet.<\/p>\n<p>1. Workshop vom 21.-23. August in den Sommerferien 2009: <a href=\"http:\/\/metaversa.de\/web\/wp-content\/uploads\/2014\/06\/Bericht-Du-bist-eine-Marke.pdf\">Bericht Du bist eine Marke<\/a>\u00a0(Gef\u00f6rdert von <a href=\"http:\/\/steps-into-future.de\">Steps-Into-Future<\/a>)<\/p>\n<p>Das Projekt wurde auf dem jugendFORUM mit dem <a href=\"http:\/\/jugendnetz-berlin.de\/ger\/profiwissen\/projekte\/mediamax_2009.php\">Berliner Medienpreis &#8222;MediaMax 2009&#8220;<\/a> ausgezeichnet und gewann beim <a href=\"http:\/\/dieter-baacke-preis.de\/preis\/preistraeger\/2009.php\">Dieter-Baacke-Preis 2009<\/a> der GMK eine Anerkennung.<\/p>\n<p>Weitere Workshops auf Anfrage.<\/p>\n<p>Kontakt: Michael Lange, lange@metaversa.de<\/p>\n","protected":false},"excerpt":{"rendered":"<p>Personal Branding in Netzcommunitys Kreative Workshops f\u00fcr Jugendliche zu Identit\u00e4t und Privatsph\u00e4re in sozialen Netzwerken \u201ePersonal Branding\u201c bedeutet den Aufbau einer m\u00f6glichst perfekten Identit\u00e4t im Internet, mit der man nicht nur die richtigen Freunde gewinnt, sondern vor allem auch der<\/p>\n","protected":false},"author":1,"featured_media":0,"parent":35,"menu_order":0,"comment_status":"closed","ping_status":"closed","template":"","meta":{"jetpack_post_was_ever_published":false,"footnotes":""},"tags":[16,4,14],"class_list":["post-290","page","type-page","status-publish","hentry","tag-datenschutz","tag-internet","tag-netzcommunity"],"jetpack_sharing_enabled":true,"jetpack_shortlink":"https:\/\/wp.me\/P7Se2K-4G","_links":{"self":[{"href":"http:\/\/metaversa.de\/web\/wp-json\/wp\/v2\/pages\/290","targetHints":{"allow":["GET"]}}],"collection":[{"href":"http:\/\/metaversa.de\/web\/wp-json\/wp\/v2\/pages"}],"about":[{"href":"http:\/\/metaversa.de\/web\/wp-json\/wp\/v2\/types\/page"}],"author":[{"embeddable":true,"href":"http:\/\/metaversa.de\/web\/wp-json\/wp\/v2\/users\/1"}],"replies":[{"embeddable":true,"href":"http:\/\/metaversa.de\/web\/wp-json\/wp\/v2\/comments?post=290"}],"version-history":[{"count":2,"href":"http:\/\/metaversa.de\/web\/wp-json\/wp\/v2\/pages\/290\/revisions"}],"predecessor-version":[{"id":293,"href":"http:\/\/metaversa.de\/web\/wp-json\/wp\/v2\/pages\/290\/revisions\/293"}],"up":[{"embeddable":true,"href":"http:\/\/metaversa.de\/web\/wp-json\/wp\/v2\/pages\/35"}],"wp:attachment":[{"href":"http:\/\/metaversa.de\/web\/wp-json\/wp\/v2\/media?parent=290"}],"wp:term":[{"taxonomy":"post_tag","embeddable":true,"href":"http:\/\/metaversa.de\/web\/wp-json\/wp\/v2\/tags?post=290"}],"curies":[{"name":"wp","href":"https:\/\/api.w.org\/{rel}","templated":true}]}}