{"id":288,"date":"2014-06-03T21:45:11","date_gmt":"2014-06-03T19:45:11","guid":{"rendered":"http:\/\/metaversa.de\/web\/?page_id=288"},"modified":"2014-06-03T21:45:11","modified_gmt":"2014-06-03T19:45:11","slug":"cyberland-jugendchatcommunity","status":"publish","type":"page","link":"http:\/\/metaversa.de\/web\/projekte\/netzcommunities\/cyberland-jugendchatcommunity\/","title":{"rendered":"Cyberland Jugendchatcommunity"},"content":{"rendered":"<p><a href=\"http:\/\/metaversa.de\/web\/wp-content\/uploads\/2014\/05\/cyberlogonew200.jpg\"><img loading=\"lazy\" decoding=\"async\" class=\"alignright size-full wp-image-110\" src=\"http:\/\/metaversa.de\/web\/wp-content\/uploads\/2014\/05\/cyberlogonew200.jpg\" alt=\"cyberlogonew200\" width=\"200\" height=\"74\" \/><\/a>Das Cyberland ist eine virtuelle Gemeinschaft von Jugendlichen f\u00fcr Jugendliche. Der Chat wird von Jugendlichen und Kinder selber moderiert. Das Projekt wurde im August 1997 an der Berliner Jugendbildungsst\u00e4tte wannseeFORUM von Michael Lange ins Leben gerufen. Projekttr\u00e4ger war von 2001 bis 2007 die LAG Medienarbeit Berlin e.V. Seit August 2007 wird das Projekt vom Berliner Verein Metaversa e.V. fortgef\u00fchrt mit dem Ziel, in den n\u00e4chsten Jahren den teilnehmenden Kindern und Jugendlichen auch reale Begegnungen und Workshops anzubieten, in denen die Community nach ihren Vorstellungen weiterentwickelt wird.<\/p>\n<p>Was heute zum allgemeinen Sprachgebrauch geh\u00f6rt: der Avatar, war 1997 noch absolutes Neuland. Bereits damals aber war es vor allem die M\u00f6glichkeit, die eigene virtuellen Pr\u00e4senz selber zu gestalten, die viele Jugendliche an dem Chat begeisterte. Mit dem Prinzip der Selbstverwaltung der Community durch die jugendlichen NutzerInnen hebt sich das Cyberland auch heute noch von den vielen kommerziellen Angeboten im Internet f\u00fcr Kinder und Jugendliche ab.<\/p>\n<p>Basis der Jugendchatcommunity war von 1997 bis 2009 ein grafischer Chat auf Basis der &#8222;Palace&#8220;-Software:<\/p>\n<p><a href=\"http:\/\/metaversa.de\/web\/wp-content\/uploads\/2014\/05\/cl_gate_10_04.jpg\"><img loading=\"lazy\" decoding=\"async\" class=\"alignnone size-full wp-image-103\" src=\"http:\/\/metaversa.de\/web\/wp-content\/uploads\/2014\/05\/cl_gate_10_04.jpg\" alt=\"cl_gate_10_04\" width=\"512\" height=\"384\" srcset=\"http:\/\/metaversa.de\/web\/wp-content\/uploads\/2014\/05\/cl_gate_10_04.jpg 512w, http:\/\/metaversa.de\/web\/wp-content\/uploads\/2014\/05\/cl_gate_10_04-300x225.jpg 300w\" sizes=\"auto, (max-width: 512px) 100vw, 512px\" \/><\/a><\/p>\n<p>Mit der Entwicklung leistungsf\u00e4higerer PCs, schnellerer Internetverbindungen und nicht zuletzt aufgrund der ver\u00e4nderten Nutzungsgewohnheiten von Kindern und Jugendlichen fand im Fr\u00fchjahr 2008 ein Wechsel hin zu einer 3D-Umgebung statt. Von 2008 bis Ende 2009 wurde daf\u00fcr das Teen Second Life genutzt und ab 2009 dann unsere eigene virtuelle Welt &#8222;Cybergrid&#8220; auf Basis des OpenSimulator:<\/p>\n<p><a href=\"http:\/\/metaversa.de\/web\/wp-content\/uploads\/2014\/05\/cyberland_sl.jpg\"><img loading=\"lazy\" decoding=\"async\" class=\"alignnone size-full wp-image-109\" src=\"http:\/\/metaversa.de\/web\/wp-content\/uploads\/2014\/05\/cyberland_sl.jpg\" alt=\"cyberland_sl\" width=\"500\" height=\"354\" srcset=\"http:\/\/metaversa.de\/web\/wp-content\/uploads\/2014\/05\/cyberland_sl.jpg 500w, http:\/\/metaversa.de\/web\/wp-content\/uploads\/2014\/05\/cyberland_sl-300x212.jpg 300w\" sizes=\"auto, (max-width: 500px) 100vw, 500px\" \/><\/a><\/p>\n<p>Jugendeinrichtungen und Schulen k\u00f6nnen sich weiterhin am Projekt beteiligen und eigene ChatadministratorInnen ausbilden und einsetzen.<\/p>\n<p>Die Cyberland Jugendchatcommunity hat eine eigene Projekthomepage: <a href=\"http:\/\/www.cyberland.org\">www.cyberland.org<\/a><\/p>\n<p>Kontakt: Michael Lange, Email: lange[at]metaversa.de Bitte das [at] gegen ein @ austauschen!<\/p>\n<p>In Kooperation mit dem Jugendportal Netzcheckers\/Jugend Online.<\/p>\n","protected":false},"excerpt":{"rendered":"<p>Das Cyberland ist eine virtuelle Gemeinschaft von Jugendlichen f\u00fcr Jugendliche. Der Chat wird von Jugendlichen und Kinder selber moderiert. Das Projekt wurde im August 1997 an der Berliner Jugendbildungsst\u00e4tte wannseeFORUM von Michael Lange ins Leben gerufen. Projekttr\u00e4ger war von 2001<\/p>\n","protected":false},"author":1,"featured_media":0,"parent":35,"menu_order":0,"comment_status":"closed","ping_status":"closed","template":"","meta":{"jetpack_post_was_ever_published":false,"footnotes":""},"tags":[4,14,15],"class_list":["post-288","page","type-page","status-publish","hentry","tag-internet","tag-netzcommunity","tag-virtuelle-welten"],"jetpack_sharing_enabled":true,"jetpack_shortlink":"https:\/\/wp.me\/P7Se2K-4E","_links":{"self":[{"href":"http:\/\/metaversa.de\/web\/wp-json\/wp\/v2\/pages\/288","targetHints":{"allow":["GET"]}}],"collection":[{"href":"http:\/\/metaversa.de\/web\/wp-json\/wp\/v2\/pages"}],"about":[{"href":"http:\/\/metaversa.de\/web\/wp-json\/wp\/v2\/types\/page"}],"author":[{"embeddable":true,"href":"http:\/\/metaversa.de\/web\/wp-json\/wp\/v2\/users\/1"}],"replies":[{"embeddable":true,"href":"http:\/\/metaversa.de\/web\/wp-json\/wp\/v2\/comments?post=288"}],"version-history":[{"count":1,"href":"http:\/\/metaversa.de\/web\/wp-json\/wp\/v2\/pages\/288\/revisions"}],"predecessor-version":[{"id":289,"href":"http:\/\/metaversa.de\/web\/wp-json\/wp\/v2\/pages\/288\/revisions\/289"}],"up":[{"embeddable":true,"href":"http:\/\/metaversa.de\/web\/wp-json\/wp\/v2\/pages\/35"}],"wp:attachment":[{"href":"http:\/\/metaversa.de\/web\/wp-json\/wp\/v2\/media?parent=288"}],"wp:term":[{"taxonomy":"post_tag","embeddable":true,"href":"http:\/\/metaversa.de\/web\/wp-json\/wp\/v2\/tags?post=288"}],"curies":[{"name":"wp","href":"https:\/\/api.w.org\/{rel}","templated":true}]}}