{"id":286,"date":"2014-06-03T21:41:08","date_gmt":"2014-06-03T19:41:08","guid":{"rendered":"http:\/\/metaversa.de\/web\/?page_id=286"},"modified":"2014-06-03T21:41:08","modified_gmt":"2014-06-03T19:41:08","slug":"metaversa-island-im-teen-second-life","status":"publish","type":"page","link":"http:\/\/metaversa.de\/web\/projekte\/netzcommunities\/metaversa-island-im-teen-second-life\/","title":{"rendered":"Metaversa Island im Teen Second Life"},"content":{"rendered":"<table style=\"width: 560px; height: 20px; border-collapse: collapse; background-color: #dcdcdc;\" width=\"\" align=\"\">\n<tbody>\n<tr>\n<td style=\"border: 1px none #000000; padding: 5px; text-align: left; vertical-align: top; letter-spacing: 0pt; word-spacing: 0pt;\"><span style=\"font-weight: bold;\">Aus Metaversa Island im Teen Second Life wird Cybergrid.de<\/span><\/p>\n<p>Zum 31.12.2009 haben wir Metaversa Island im Teen Second Life geschlossen und sind in unsere eigene Onlinewelt &#8222;<a href=\"index.php?Seite=47\">Cybergrid<\/a>&#8220; umgezogen.<\/td>\n<\/tr>\n<\/tbody>\n<\/table>\n<p>&nbsp;<\/p>\n<p><a href=\"http:\/\/metaversa.de\/web\/wp-content\/uploads\/2014\/05\/Metaversa_Sandbox.jpg\"><img loading=\"lazy\" decoding=\"async\" class=\"alignright wp-image-186 size-medium\" src=\"http:\/\/metaversa.de\/web\/wp-content\/uploads\/2014\/05\/Metaversa_Sandbox-300x200.jpg\" alt=\"Metaversa_Sandbox\" width=\"300\" height=\"200\" srcset=\"http:\/\/metaversa.de\/web\/wp-content\/uploads\/2014\/05\/Metaversa_Sandbox-300x200.jpg 300w, http:\/\/metaversa.de\/web\/wp-content\/uploads\/2014\/05\/Metaversa_Sandbox.jpg 600w\" sizes=\"auto, (max-width: 300px) 100vw, 300px\" \/><\/a>Die erste deutschsprachige Insel im Teen Second Life f\u00fcr Bildungseinrichtungen<\/p>\n<p>Neben dem nur Erwachsenen zug\u00e4nglichen Second Life existiert ein Bereich, der ausschlie\u00dflich von Jugendlichen im Alter zwischen 13 und 17 Jahren betreten werden kann, das sogenannte Teen Second Life. In dieser \u201egesch\u00fctzen\u201c Onlinewelt f\u00fchren seit zwei Jahren amerikanische Organisationen und Schulen sehr erfolgreich Bildungsprojekte durch. Angebote f\u00fcr deutschsprachige Jugendliche gab es bis jetzt noch nicht.<\/p>\n<p>Mit unserem Projekt wollen wir an diese Konzepte ankn\u00fcpfen. Die gestalterischen und kommunikativen M\u00f6glichkeiten der dreimensionalen Onlinewelt bieten zahlreiche Potenziale f\u00fcr die Bildungsarbeit in Schulen und ausserschulischen Einrichtungen. Wir werden auf dem Metaversa Island sowohl eigene Workshops und Kurse mit Kindern und Jugendlichen durchf\u00fchren, als auch Schulen und Jugendeinrichtungen in der Durchf\u00fchrung von Projekten unterst\u00fctzen. Die Ergebnisse werden dokumentiert und wissenschaftlich evaluiert.<\/p>\n<p>Ziele:<\/p>\n<ul>\n<li>Kinder und Jugendliche motivieren und unterst\u00fctzen, in der Onlinewelt kreativ und sozial t\u00e4tig<\/li>\n<li>Erproben neuer Lernformen im schulischen und au\u00dferschulischen Bereich<\/li>\n<li>Sensibilisierung f\u00fcr Chancen und Gefahren von Onlinewelten<\/li>\n<li>F\u00f6rderung sozialer, kommunikativer und demokratischer Kompetenzen<\/li>\n<\/ul>\n<p>Methoden:<\/p>\n<ul>\n<li>Konzeption und Durchf\u00fchrung von exemplarischen Bildungs- und Beteiligungsprojekten im Teen Second Life<\/li>\n<li>Aufbau einer selbstverwalteten Jugendcommunity in Second Life<\/li>\n<li>Beratung und Unterst\u00fctzung von Schulen und Jugendeinrichtungen, die eigene Projekte in Second Life durchf\u00fchren m\u00f6chten<\/li>\n<li>Austausch und Vernetzung mit internationalen Bildungseinrichtungen<\/li>\n<li>Workshops und Informationsveranstaltungen zu Bildungspotentialen von Second Life<\/li>\n<\/ul>\n<p>Erste Schritte:<br \/>\nDurchf\u00fchrung von Workshops und Kursen im Teen Second Life zur Sensibilisierung f\u00fcr gesellschaftliche Problematiken mit kreativen Schwerpunkten in der Gestaltung dreidimensionaler Szenarien und Machinimas.<br \/>\nAufbau einer Onlinecommunity von und f\u00fcr Kinder und Jugendliche. Die Onlinecommunity ist offen f\u00fcr alle Kinder und Jugendliche, die das Internet nutzen. \u00dcber eine Anmeldung erhalten sie Zugang zum Teen Second Life und zur Communitywebseite im WWW. Die Onlinecommunity soll die Insel m\u00f6glichst weitgehend selbst verwalten, selber gestalten und Regeln bestimmen.<br \/>\nUnterst\u00fctzung von Schulen und Medieneinrichtungen, die eigene Projekte im Teen Second Life durchf\u00fchren m\u00f6chten. Dazu stellen wir Land auf der Insel zur Verf\u00fcgung und \u00fcbernehmen die technische Administration. Auf Wunsch bieten wir Fortbildungen und Onlinekurse f\u00fcr P\u00e4dagogInnen an und beraten bei methodischen Fragen.<\/p>\n<p>Der Projektstand wird in einem eigenen Weblog dokumentiert: <a href=\"http:\/\/www.metaversa.de\/island\">http:\/\/www.metaversa.de\/island<\/a><\/p>\n<p>Ansprechpartner: Michael Lange, lange[at]metaversa.de<br \/>\nBitte das [at] gegen ein @ austauschen!<\/p>\n","protected":false},"excerpt":{"rendered":"<p>Aus Metaversa Island im Teen Second Life wird Cybergrid.de Zum 31.12.2009 haben wir Metaversa Island im Teen Second Life geschlossen und sind in unsere eigene Onlinewelt &#8222;Cybergrid&#8220; umgezogen. &nbsp; Die erste deutschsprachige Insel im Teen Second Life f\u00fcr Bildungseinrichtungen Neben<\/p>\n","protected":false},"author":1,"featured_media":0,"parent":35,"menu_order":0,"comment_status":"closed","ping_status":"closed","template":"","meta":{"jetpack_post_was_ever_published":false,"footnotes":""},"tags":[4,14,5,15],"class_list":["post-286","page","type-page","status-publish","hentry","tag-internet","tag-netzcommunity","tag-schule","tag-virtuelle-welten"],"jetpack_sharing_enabled":true,"jetpack_shortlink":"https:\/\/wp.me\/P7Se2K-4C","_links":{"self":[{"href":"http:\/\/metaversa.de\/web\/wp-json\/wp\/v2\/pages\/286","targetHints":{"allow":["GET"]}}],"collection":[{"href":"http:\/\/metaversa.de\/web\/wp-json\/wp\/v2\/pages"}],"about":[{"href":"http:\/\/metaversa.de\/web\/wp-json\/wp\/v2\/types\/page"}],"author":[{"embeddable":true,"href":"http:\/\/metaversa.de\/web\/wp-json\/wp\/v2\/users\/1"}],"replies":[{"embeddable":true,"href":"http:\/\/metaversa.de\/web\/wp-json\/wp\/v2\/comments?post=286"}],"version-history":[{"count":1,"href":"http:\/\/metaversa.de\/web\/wp-json\/wp\/v2\/pages\/286\/revisions"}],"predecessor-version":[{"id":287,"href":"http:\/\/metaversa.de\/web\/wp-json\/wp\/v2\/pages\/286\/revisions\/287"}],"up":[{"embeddable":true,"href":"http:\/\/metaversa.de\/web\/wp-json\/wp\/v2\/pages\/35"}],"wp:attachment":[{"href":"http:\/\/metaversa.de\/web\/wp-json\/wp\/v2\/media?parent=286"}],"wp:term":[{"taxonomy":"post_tag","embeddable":true,"href":"http:\/\/metaversa.de\/web\/wp-json\/wp\/v2\/tags?post=286"}],"curies":[{"name":"wp","href":"https:\/\/api.w.org\/{rel}","templated":true}]}}