{"id":279,"date":"2014-05-19T14:20:38","date_gmt":"2014-05-19T12:20:38","guid":{"rendered":"http:\/\/metaversa.de\/web\/?page_id=279"},"modified":"2014-05-19T14:27:23","modified_gmt":"2014-05-19T12:27:23","slug":"279-2","status":"publish","type":"page","link":"http:\/\/metaversa.de\/web\/projekte\/internationales\/279-2\/","title":{"rendered":"Auf Spurensuche des Nationalsozialismus"},"content":{"rendered":"<p>Auf Spurensuche des Nationalsozialismus \u2013 Europ\u00e4ische Queere Jugendbegegnung <a href=\"http:\/\/metaversa.de\/web\/wp-content\/uploads\/2014\/05\/gottfried.jpg\"><img loading=\"lazy\" decoding=\"async\" class=\"alignright size-full wp-image-129\" src=\"http:\/\/metaversa.de\/web\/wp-content\/uploads\/2014\/05\/gottfried.jpg\" alt=\"gottfried\" width=\"167\" height=\"232\" \/><\/a><\/p>\n<p>Vom 13.10.07- 21.10.07 fand in Berlin eine europ\u00e4ische Jugendbegegnung von schwul-lesbischen-bisexuellen und Transgender Jugendlichen aus Estland, Tschechische Republik, Niederlande und Deutschland statt.<\/p>\n<p>Der Schwerpunkt dieser Begegnung lag auf eine aktive Auseinandersetzung mit der NS-Zeit in Hinblick auf Alltag, \u00dcberleben, Verfolgung und Ermordung von Lesben und Schwulen in Europa. Die Ereignisse des 2. Weltkrieges beeinflussten auch die Lebensbedingungen dieser Menschen in allen europ\u00e4ischen L\u00e4ndern sehr.<\/p>\n<p><a href=\"http:\/\/metaversa.de\/web\/wp-content\/uploads\/2014\/05\/sachsenhausen.jpg\"><img loading=\"lazy\" decoding=\"async\" class=\"alignleft size-full wp-image-217\" src=\"http:\/\/metaversa.de\/web\/wp-content\/uploads\/2014\/05\/sachsenhausen.jpg\" alt=\"sachsenhausen\" width=\"300\" height=\"152\" \/><\/a>Durch die Begegnung mit zwei Zeitzeugen und die Arbeit mit biografischem Material erhielten die Jugendlichen zum einen sehr pers\u00f6nliche Informationen, aber auch einen Einblick in den historischen Kontext. Dar\u00fcber hinaus wurden verschiedene Organisationen und Museen in Berlin und Umgebung besucht, wie die Ausstellungen im Schwulen Museum Berlin, das Haus der Wannseekonferenz und die Gedenkst\u00e4tte KZ-Sachsenhausen. Zus\u00e4tzlich gab das Anne Frank Zentrum einen Workshop \u00fcber homosexuelles Leben w\u00e4hrend des Nationalsozialismus.<\/p>\n<p>Die Jugendbegegnung wurde durch die Jugendlichen selbst dokumentiert. Hierzu gab es vier Medienworkshops, bei denen Audio, Video, Foto und Weblog gelernt und angewendet wurden. T\u00e4glich schrieben die Jugendlichen ihre Gedanken, Erfahrungen, Auseinandersetzungen und Diskussionen in den Weblog, der als Medientagebuch diente. Sie reicherten es mit ihren Fotos, Audios und kurzen Videos an. Das Medientagebuch finden Sie unter der URL<a href=\"http:\/\/%20www.queereurope.net\"> www.queereurope.net <\/a><\/p>\n<p>Die interkulturelle Zusammenarbeit brachte die Jugendlichen dazu sich mit verschieden Aspekten ihrer eigenen Kultur und Lebensbedingungen auseinander zu setzen. Dabei fanden Gemeinsamkeiten und Unterschiede im Hinblick auf Geschichte und Lebenssituation heraus. <a href=\"http:\/\/metaversa.de\/web\/wp-content\/uploads\/2014\/05\/gruppenfotoklein.jpg\"><img loading=\"lazy\" decoding=\"async\" class=\"alignleft wp-image-135 size-full\" src=\"http:\/\/metaversa.de\/web\/wp-content\/uploads\/2014\/05\/gruppenfotoklein.jpg\" alt=\"gruppenfotoklein\" width=\"400\" height=\"173\" srcset=\"http:\/\/metaversa.de\/web\/wp-content\/uploads\/2014\/05\/gruppenfotoklein.jpg 400w, http:\/\/metaversa.de\/web\/wp-content\/uploads\/2014\/05\/gruppenfotoklein-300x129.jpg 300w\" sizes=\"auto, (max-width: 400px) 100vw, 400px\" \/><\/a>Denn nicht nur der geschichtliche Aspekt war uns wichtig, sondern auch die heutige Situation von Lesben, Schwulen, Bisexuellen und Transgender in den teilnehmenden L\u00e4ndern.<\/p>\n<p>Die Schirmherrschaft hat das ehemalige Mitglied des Deutschen Bundestages, Christian Schenk \u00fcbernommen. (<a href=\"http:\/\/www.christina-schenk.de\">http:\/\/www.christina-schenk.de<\/a>)<\/p>\n<p><strong>Europ\u00e4ische Projektpartner: <\/strong><\/p>\n<p><a title=\"Transforum\" href=\"http:\/\/www.transforum.cz\" target=\"_blank\"> Transforum<\/a> &#8211; Prag Tschechische Republik<br \/>\n<a title=\"COC Midden - Nederland\" href=\"http:\/\/www.cocmiddennederland.nl\" target=\"_blank\"> COC Midden &#8211; Nederland<\/a> &#8211; Utrecht, Niederlande<br \/>\n<a title=\"NGO Diversity\" href=\"http:\/\/www.diversity.ee\" target=\"_blank\"> NGO Diversity<\/a> &#8211; Tallinn, Estland<\/p>\n<p><span style=\"font-weight: bold;\">Kooperationspartner in Deutschland sind:<\/span> <a title=\"Medienkompetenzzentrum D\u00fcppel\" href=\"http:\/\/www.meko-dueppel.de\" target=\"_blank\">Medienkompetenzzentrum D\u00fcppel<\/a><br \/>\n<a title=\"Offener Kanal Berlin\" href=\"http:\/\/www.okb.de\/projekte_metaversa_spurensuche.htm\" target=\"_blank\">Offener Kanal Berlin<\/a><br \/>\n<a title=\"Schwules Museum Berlin\" href=\"http:\/\/www.schwulesmuseum.de\" target=\"_blank\">Schwules Museum Berlin<\/a><br \/>\n<a title=\"Jugendf\u00f6rderverein Mikado e.V. Nauen\" href=\"http:\/\/jugendinfo.com\/sites\/projekte___partner\/mikado_nauen\/home\/\" target=\"_blank\">Mikado Jugendf\u00f6rderverein e.V. <\/a> in Nauen<br \/>\n<a title=\"Outreach Bunker Jugendkultur\" href=\"http:\/\/www.outreach-bunker.de\/\" target=\"_blank\">Outreach Jugendkultur \u201eBunker\u201c<\/a><\/p>\n<p>F\u00fcr weitere Informationen stehen wir Ihnen sehr gerne zur Verf\u00fcgung:<br \/>\nDaniel Abma: abma[at]metaversa.de<br \/>\nBirgit Marzinka: marzinka[at]metaversa.de<br \/>\nBitte das [at] gegen ein @ austauschen!<\/p>\n<p>Das Projekt wurde gef\u00f6rdert von:<br \/>\n<a href=\"http:\/\/www.jugendfuereuropa.de\" target=\"blank\">&#8222;JUGEND in Aktion&#8220; der Europ\u00e4ischen Union<\/a><br \/>\n<a href=\"http:\/\/www.mabb.de\" target=\"blank\">Medienanstalt Berlin-Brandenburg<\/a><br \/>\n<a title=\"www.diegesellschafter.de\" href=\"http:\/\/www.diegesellschafter.de\" target=\"_blank\">Aktion Mensch &#8211; F\u00f6rderprogramm Diegesellschafter.de<\/a><br \/>\n<a href=\"http:\/\/bln.niederlandeweb.de\/de\/content\/Berlin\/Home\/start_html\">Niederl\u00e4ndische Botschaft in Berlin<\/a><br \/>\n<a title=\"500fur1.jpg\" href=\"http:\/\/www.jugendnetz-berlin.de\" target=\"blank\">Jugendnetz-berlin.de<\/a><br \/>\n<a title=\"Edition Salzgeber\" href=\"http:\/\/www.salzgeber.de\" target=\"_blank\">Edition Salzgeber (Filmverleih)<\/a><br \/>\n<a title=\"http:\/\/www.ufafabrik.de\/de\/nav.php?pid=n53\" href=\"http:\/\/www.ufafabrik.de\/de\/nav.php?pid=n53\" target=\"_blank\">ufa B\u00e4ckerei<\/a><br \/>\n<a title=\"Silverfuture\" href=\"http:\/\/www.silverfuture.net\" target=\"_blank\">Silverfuture (Caf\u00e9 &#8211; Kneipe)<\/a><\/p>\n<p>Dieses Projekt wird mit Unterst\u00fctzung der Europ\u00e4ischen Union durchgef\u00fchrt.<br \/>\n<a href=\"http:\/\/metaversa.de\/web\/wp-content\/uploads\/2014\/05\/salzgeber12.jpg\"><img loading=\"lazy\" decoding=\"async\" class=\"alignnone wp-image-219 size-full\" src=\"http:\/\/metaversa.de\/web\/wp-content\/uploads\/2014\/05\/salzgeber12.jpg\" alt=\"salzgeber12\" width=\"125\" height=\"72\" \/><\/a> <a href=\"http:\/\/metaversa.de\/web\/wp-content\/uploads\/2014\/05\/youth.jpg\"><img loading=\"lazy\" decoding=\"async\" class=\"alignnone wp-image-253 size-full\" src=\"http:\/\/metaversa.de\/web\/wp-content\/uploads\/2014\/05\/youth.jpg\" alt=\"youth\" width=\"125\" height=\"72\" \/><\/a> <a href=\"http:\/\/metaversa.de\/web\/wp-content\/uploads\/2014\/05\/mabb.jpg\"><img loading=\"lazy\" decoding=\"async\" class=\"alignnone wp-image-175 size-full\" src=\"http:\/\/metaversa.de\/web\/wp-content\/uploads\/2014\/05\/mabb.jpg\" alt=\"mabb\" width=\"125\" height=\"72\" \/><\/a> <a href=\"http:\/\/metaversa.de\/web\/wp-content\/uploads\/2014\/05\/logo_ufa1.jpg\"><img loading=\"lazy\" decoding=\"async\" class=\"alignnone wp-image-168 size-full\" src=\"http:\/\/metaversa.de\/web\/wp-content\/uploads\/2014\/05\/logo_ufa1.jpg\" alt=\"logo_ufa1\" width=\"125\" height=\"72\" \/><\/a> <a href=\"http:\/\/metaversa.de\/web\/wp-content\/uploads\/2014\/05\/logo_NL.jpg\"><img loading=\"lazy\" decoding=\"async\" class=\"alignnone wp-image-166 size-full\" src=\"http:\/\/metaversa.de\/web\/wp-content\/uploads\/2014\/05\/logo_NL.jpg\" alt=\"logo_NL\" width=\"125\" height=\"72\" \/><\/a> <a href=\"http:\/\/metaversa.de\/web\/wp-content\/uploads\/2014\/05\/logo_silver.jpg\"><img loading=\"lazy\" decoding=\"async\" class=\"alignnone wp-image-167 size-full\" src=\"http:\/\/metaversa.de\/web\/wp-content\/uploads\/2014\/05\/logo_silver.jpg\" alt=\"logo_silver\" width=\"125\" height=\"72\" \/><\/a> <a href=\"http:\/\/metaversa.de\/web\/wp-content\/uploads\/2014\/05\/aktion.jpg\"><img loading=\"lazy\" decoding=\"async\" class=\"alignnone wp-image-82 size-full\" src=\"http:\/\/metaversa.de\/web\/wp-content\/uploads\/2014\/05\/aktion.jpg\" alt=\"aktion\" width=\"125\" height=\"72\" \/><\/a> <a href=\"http:\/\/metaversa.de\/web\/wp-content\/uploads\/2014\/05\/500fuer1.jpg\"><img loading=\"lazy\" decoding=\"async\" class=\"alignnone wp-image-79 size-full\" src=\"http:\/\/metaversa.de\/web\/wp-content\/uploads\/2014\/05\/500fuer1.jpg\" alt=\"500fuer1\" width=\"125\" height=\"72\" \/><\/a><\/p>\n","protected":false},"excerpt":{"rendered":"<p>Auf Spurensuche des Nationalsozialismus \u2013 Europ\u00e4ische Queere Jugendbegegnung Vom 13.10.07- 21.10.07 fand in Berlin eine europ\u00e4ische Jugendbegegnung von schwul-lesbischen-bisexuellen und Transgender Jugendlichen aus Estland, Tschechische Republik, Niederlande und Deutschland statt. Der Schwerpunkt dieser Begegnung lag auf eine aktive Auseinandersetzung mit<\/p>\n","protected":false},"author":1,"featured_media":0,"parent":275,"menu_order":0,"comment_status":"closed","ping_status":"closed","template":"","meta":{"jetpack_post_was_ever_published":false,"footnotes":""},"tags":[7,13,11,8,12,3],"class_list":["post-279","page","type-page","status-publish","hentry","tag-audio","tag-diversity","tag-internationales","tag-video","tag-weblog","tag-zeitzeuginnen"],"jetpack_sharing_enabled":true,"jetpack_shortlink":"https:\/\/wp.me\/P7Se2K-4v","_links":{"self":[{"href":"http:\/\/metaversa.de\/web\/wp-json\/wp\/v2\/pages\/279","targetHints":{"allow":["GET"]}}],"collection":[{"href":"http:\/\/metaversa.de\/web\/wp-json\/wp\/v2\/pages"}],"about":[{"href":"http:\/\/metaversa.de\/web\/wp-json\/wp\/v2\/types\/page"}],"author":[{"embeddable":true,"href":"http:\/\/metaversa.de\/web\/wp-json\/wp\/v2\/users\/1"}],"replies":[{"embeddable":true,"href":"http:\/\/metaversa.de\/web\/wp-json\/wp\/v2\/comments?post=279"}],"version-history":[{"count":4,"href":"http:\/\/metaversa.de\/web\/wp-json\/wp\/v2\/pages\/279\/revisions"}],"predecessor-version":[{"id":283,"href":"http:\/\/metaversa.de\/web\/wp-json\/wp\/v2\/pages\/279\/revisions\/283"}],"up":[{"embeddable":true,"href":"http:\/\/metaversa.de\/web\/wp-json\/wp\/v2\/pages\/275"}],"wp:attachment":[{"href":"http:\/\/metaversa.de\/web\/wp-json\/wp\/v2\/media?parent=279"}],"wp:term":[{"taxonomy":"post_tag","embeddable":true,"href":"http:\/\/metaversa.de\/web\/wp-json\/wp\/v2\/tags?post=279"}],"curies":[{"name":"wp","href":"https:\/\/api.w.org\/{rel}","templated":true}]}}