{"id":277,"date":"2014-05-19T14:11:44","date_gmt":"2014-05-19T12:11:44","guid":{"rendered":"http:\/\/metaversa.de\/web\/?page_id=277"},"modified":"2014-05-19T14:11:44","modified_gmt":"2014-05-19T12:11:44","slug":"the-future-of-utopia","status":"publish","type":"page","link":"http:\/\/metaversa.de\/web\/projekte\/internationales\/the-future-of-utopia\/","title":{"rendered":"The Future Of Utopia"},"content":{"rendered":"<p><strong>Animationsfilmprojekt und Jugendaustausch Kecskem\u00e9t &#8211; Berlin, Januar 2007 bis Juli 2007<\/strong><\/p>\n<p><a href=\"http:\/\/metaversa.de\/web\/wp-content\/uploads\/2014\/05\/utopia_klein.jpg\"><img loading=\"lazy\" decoding=\"async\" class=\"alignright size-full wp-image-234\" src=\"http:\/\/metaversa.de\/web\/wp-content\/uploads\/2014\/05\/utopia_klein.jpg\" alt=\"utopia_klein\" width=\"300\" height=\"141\" \/><\/a>In Workshops in Berlin und Kecskem\u00e9t erstellten 30 Jugendliche Trickfilme zum Thema \u201e20 Jahre sp\u00e4ter &#8211; The Future of Utopia\u201c. Nach den ersten Workshops reisten die Jugendlichen Mitte Juni nach Kecskem\u00e9t, wo sie gemeinsam mit Unterst\u00fctzung von Livebands ihre Filme vertonten. Auf dem gr\u00f6\u00dften ungarischen Animationsfilmfestival, dem KAFF (Kecskem\u00e9ter Animations-Film-Festival) fand im Beisein aller Jugendlichen die Premiere der Filme statt.<\/p>\n<p>Zus\u00e4tzlich produzierten beide Gruppen dokumentarische Portraits ihrer Stadt und dem Kiez in dem sie leben. Lokale Filmteams begleiteten die Kinder und Jugendlichen w\u00e4hrend der Produktion der Filme. Die Workshops in Deutschland wurden in Kooperation mit der Albert \u2013 Einstein &#8211; Oberschule in Berlin-Neuk\u00f6lln zwischen M\u00e4rz und April 2007 durchgef\u00fchrt. Die Workshopwoche und das KAFF fanden zwischen dem 17. und 24. Juni statt.<\/p>\n<p>Dieses Projekt findet im Rahmen von Bipolar deutsch-ungarische Kulturprojekte statt. Bipolar ist ein Initiativprojekt der Kulturstiftung des Bundes.<\/p>\n<p>Links:<br \/>\n<a href=\"http:\/\/www.projekt-bipolar.net\">www.projekt-bipolar.net<\/a><br \/>\n<a href=\"http:\/\/www.kio.hu\">KIO Jugendzentrum Kecskem\u00e9t<\/a><br \/>\n<a href=\"http:\/\/www.aeo.de\/\">Albert Einstein Oberschule<\/a><\/p>\n","protected":false},"excerpt":{"rendered":"<p>Animationsfilmprojekt und Jugendaustausch Kecskem\u00e9t &#8211; Berlin, Januar 2007 bis Juli 2007 In Workshops in Berlin und Kecskem\u00e9t erstellten 30 Jugendliche Trickfilme zum Thema \u201e20 Jahre sp\u00e4ter &#8211; The Future of Utopia\u201c. Nach den ersten Workshops reisten die Jugendlichen Mitte Juni<\/p>\n","protected":false},"author":1,"featured_media":0,"parent":275,"menu_order":0,"comment_status":"closed","ping_status":"closed","template":"","meta":{"jetpack_post_was_ever_published":false,"footnotes":""},"tags":[10,11,8],"class_list":["post-277","page","type-page","status-publish","hentry","tag-animation","tag-internationales","tag-video"],"jetpack_sharing_enabled":true,"jetpack_shortlink":"https:\/\/wp.me\/P7Se2K-4t","_links":{"self":[{"href":"http:\/\/metaversa.de\/web\/wp-json\/wp\/v2\/pages\/277","targetHints":{"allow":["GET"]}}],"collection":[{"href":"http:\/\/metaversa.de\/web\/wp-json\/wp\/v2\/pages"}],"about":[{"href":"http:\/\/metaversa.de\/web\/wp-json\/wp\/v2\/types\/page"}],"author":[{"embeddable":true,"href":"http:\/\/metaversa.de\/web\/wp-json\/wp\/v2\/users\/1"}],"replies":[{"embeddable":true,"href":"http:\/\/metaversa.de\/web\/wp-json\/wp\/v2\/comments?post=277"}],"version-history":[{"count":1,"href":"http:\/\/metaversa.de\/web\/wp-json\/wp\/v2\/pages\/277\/revisions"}],"predecessor-version":[{"id":278,"href":"http:\/\/metaversa.de\/web\/wp-json\/wp\/v2\/pages\/277\/revisions\/278"}],"up":[{"embeddable":true,"href":"http:\/\/metaversa.de\/web\/wp-json\/wp\/v2\/pages\/275"}],"wp:attachment":[{"href":"http:\/\/metaversa.de\/web\/wp-json\/wp\/v2\/media?parent=277"}],"wp:term":[{"taxonomy":"post_tag","embeddable":true,"href":"http:\/\/metaversa.de\/web\/wp-json\/wp\/v2\/tags?post=277"}],"curies":[{"name":"wp","href":"https:\/\/api.w.org\/{rel}","templated":true}]}}