{"id":273,"date":"2014-05-13T21:55:51","date_gmt":"2014-05-13T19:55:51","guid":{"rendered":"http:\/\/metaversa.de\/web\/?page_id=273"},"modified":"2014-05-13T21:55:51","modified_gmt":"2014-05-13T19:55:51","slug":"damals-waren-wir-nummern-heute-sind-wir-menschen","status":"publish","type":"page","link":"http:\/\/metaversa.de\/web\/projekte\/zeitzeuginnen\/damals-waren-wir-nummern-heute-sind-wir-menschen\/","title":{"rendered":"\u201eDamals waren wir Nummern, heute sind wir Menschen\u201c"},"content":{"rendered":"<p><strong>Ein Dokumentarfilmprojekt mit Sch\u00fclerInnen des OSZ f\u00fcr B\u00fcrowirtschaft und Verwaltung in Berlin-Lichterfelde<\/strong><\/p>\n<p><a href=\"http:\/\/metaversa.de\/web\/wp-content\/uploads\/2014\/05\/joopsneep.jpg\"><img loading=\"lazy\" decoding=\"async\" class=\"alignright wp-image-144 size-full\" src=\"http:\/\/metaversa.de\/web\/wp-content\/uploads\/2014\/05\/joopsneep.jpg\" alt=\"joopsneep\" width=\"383\" height=\"248\" srcset=\"http:\/\/metaversa.de\/web\/wp-content\/uploads\/2014\/05\/joopsneep.jpg 383w, http:\/\/metaversa.de\/web\/wp-content\/uploads\/2014\/05\/joopsneep-300x194.jpg 300w\" sizes=\"auto, (max-width: 383px) 100vw, 383px\" \/><\/a>Hintergrundinformation zum Projekt: Das 1942 erbaute KZ-Au\u00dfenlager Lichterfelde, war eines von ca. 100 Au\u00dfenlagern, die dem KZ Sachsenhausen unterstanden. In diesem Lager befanden sich jeweils 40% Deutsche und Polen, die restlichen 20% der H\u00e4ftlinge kamen aus anderen L\u00e4ndern. Insgesamt lassen sich 18 Nationen nachweisen. Bei den H\u00e4ftlingen handelte es sich um so genannte Asoziale, Befristete Vorbeugungsh\u00e4ftlinge, Sinti und Roma, Zeugen Jehovas und politische H\u00e4ftlinge. Das Lager befand sich unmittelbar in ein Wohnviertel in Berlin-Lichterfelde S\u00fcd.<\/p>\n<p><a href=\"http:\/\/metaversa.de\/web\/wp-content\/uploads\/2014\/05\/lichterfelde6.jpg\"><img loading=\"lazy\" decoding=\"async\" class=\"alignleft wp-image-163 size-full\" src=\"http:\/\/metaversa.de\/web\/wp-content\/uploads\/2014\/05\/lichterfelde6.jpg\" alt=\"lichterfelde6\" width=\"198\" height=\"127\" \/><\/a>Projektbeschreibung: Im Schuljahr 2008\/2009 haben f\u00fcnf Sch\u00fclerInnen des Oberstufenzentrum f\u00fcr B\u00fcrowirtschaft und Verwaltung (Berlin-Lichterfelde) im Rahmen eines Abiturfaches einen Dokumentarfilm \u00fcber das Arbeitslager mit betagten Zeitzeugen gedreht. Die Zeitzeugen waren in Berlin, da es j\u00e4hrlich am 8. Mai eine Gedenkveranstaltung gibt, an der sie teilnehmen. Die Zeitzeugen kamen aus der Ukraine, Polen, der Niederlande und Deutschland. Einige von ihnen hatten angegeben, 2008 zum letzten Mal die Reise nach Deutschland anzutreten, da es ihnen aus Altersgr\u00fcnden zunehmend schwerer fiele. Die Zeitzeugen blieben eine Woche in Berlin. Zus\u00e4tzlich zu den Zeitzeugeninterviews, die ein Schwerpunkt des Dokumentarfilmes sind, wurde ein ausf\u00fchrliches Making-Off erstellt, dass den medienp\u00e4dagogischen Prozess sichtbar macht. Das Projekt wurde abgeschlossen mit einer Premiere des 35 Minuten langen Films sowie dem Making-Off in einem bekannten Programmkino in Berlin, dem Bali Kino in Zehlendorf. Es waren \u00fcber 120 Leute gekommen.<\/p>\n<p><a href=\"http:\/\/metaversa.de\/web\/wp-content\/uploads\/2014\/05\/aufnahme.jpg\"><img loading=\"lazy\" decoding=\"async\" class=\"alignright wp-image-86 size-full\" src=\"http:\/\/metaversa.de\/web\/wp-content\/uploads\/2014\/05\/aufnahme.jpg\" alt=\"aufnahme\" width=\"255\" height=\"252\" \/><\/a>Als Vorbereitung f\u00fcr das Projekt gab es verschiedene vorbereitende Treffen, u.a. mehrere Interviewtrainings. Au\u00dferdem wurde eine ausf\u00fchrliche Kameraeinf\u00fchrung angeboten. Schlu\u00dfendlich wurde in einem gemeinsamen Prozess das Konzept f\u00fcr den Film erarbeitet. Als Vorbereitung auf die Interviews besch\u00e4ftigten sich die jungen Filmemacher\/innen mit Fachliteratur, Archivdokumenten und vorhandenen Exponaten (zur Verf\u00fcgung gestellt vom Verein Initiative KZ-Au\u00dfenlager Lichterfelde e.V.). Die Materialien waren auch Teil der Dramaturgie des Dokumentarfilms und konnten dadurch die Aussagen der Zeitzeugen bildlich untermauern. In historischen Fragestellungen wurden sie vom Geschichtslehrer beraten. Die Jugendlichen haben insgesamt 6 Monate an dem Film zugebracht, insbesondere der Schnitt war sehr aufwendig und wurde in den Sommerferien komplett selbst\u00e4ndig durch die Sch\u00fcler\/innen gemacht. Insgesamt waren 21 Stunden Material zustande gekommen. In dieser Produktionsphase gab es eine intensive Auseinandersetzung unter den Sch\u00fcler\/innen \u00fcber die Bildsprache, der Dramaturgie und der Musik.<\/p>\n<p>Besonders hervorzuheben ist, dass dieses medienp\u00e4dagogische Projekt f\u00fcr die Sch\u00fcler\/innen als f\u00fcnfte Pr\u00fcfungskomponente f\u00fcr deren Abitur 2009 galt. Alle haben das Abitur mit erfolg bestanden. Weiter sollt erw\u00e4hnt werden, dass die Zusammenarbeit zwischen einem historischen Verein mit lokalen Bezug (Initiative KZ Au\u00dfenlager Lichterfelde e.V), einer Schule im gleichen Bezirk (Oberstufen f\u00fcr B\u00fcrowirtschaft und Verwaltung), sowie Metaversa e.V und dem Medienkompetenzzentrum im Bezirk (Meko D\u00fcppel) vorbildlich lief.<\/p>\n<p>Zus\u00e4tzlich zum Dokumentarfilm ist ein Making-Of der Dreharbeiten erstellt, um den medienp\u00e4dagogischen Prozess transparent zu machen.<\/p>\n<p>\u00d6ffentlichkeitsarbeit &amp; Nachhaltigkeit:<\/p>\n<ul>\n<li>Am 1. November 2008 fand die Premiere im Bali Kino Zehlendorf statt (mit \u00fcber 120 ZuschauerInnen)<\/li>\n<li>Der Dokumentarfilm und das Making-Off wurden in Januar 2009 im Offenen Kanal Berlin ausgestrahlt.<\/li>\n<li>Der Film erhielt am 20. Juni 2009 beim \u201eVideo der Generationen 2009\u201c, den zweiten Platz.<\/li>\n<li>Der Presse berichtete w\u00e4hrend der Projektlaufzeit mit gro\u00dfen Interesse \u00fcber das Projekt. U.a. der TAZ, Berliner Zeitung, Neues Deutschland und M\u00e4rkische Allgemeine Zeitung (Presseartikel im Anhang).<\/li>\n<li>Am 19. Januar 2009 stellten die Sch\u00fcler\/innen ihren Film auf der Veranstaltung \u201edenk!mal\u201c im Abgeordnetenhaus von Berlin vor und wurden dort u.a. von dem Parlamentspr\u00e4sidenten Walter Momper gelobt.<\/li>\n<li>Zwei der Sch\u00fcler erhielten f\u00fcr Januar 2009 eine Einladung aus dem Bundespr\u00e4sidialamt, um zusammen mit wenigen ausgew\u00e4hlten Sch\u00fclern mit dem Bundespr\u00e4sidenten Horst K\u00f6hler \u00fcber das Thema \u201eErinnern und Gedenken\u201c zu sprechen, der sich damit auf seine Rede im Deutschen Bundestag am Auschwitz-Gedenktag vorbereiten wollte.<\/li>\n<li>Am 27. Januar 2009, dem Auschwitz-Gedenktag, haben die Sch\u00fclerInnen ihr Projekt der Schul\u00f6ffentlichkeit vorgestellt, dazu begleitende Reden gehalten und bei der Sch\u00fclerschaft f\u00fcr die Mitarbeit an weiteren historisch-politische Projekten geworben.<\/li>\n<li>Am 5. Juni 2009 haben die Sch\u00fcler\/innen ihren Film im Rahmen der F\u00fcnften Pr\u00fcfungskomponenten des Abiturs 2009 pr\u00e4sentiert und ein eindrucksvolles Colloquium bestritten.<\/li>\n<li>Von dem Dokumentarfilm wurde eine DVD mit ausf\u00fchrliches Booklet gepresst, dass interessierten Schulen und anderen Bildungseinrichtungen als Bildungsmaterial zur Verf\u00fcgung steht.<\/li>\n<li>Die DVD des Films wurde an alle mitwirkenden Botschaften, politischen Parteien im Bezirk und individuelle Unterst\u00fctzer, als Dankesch\u00f6nzugesandt.<\/li>\n<li>Der Verein \u201eInitiative KZ-Au\u00dfenlager Lichterfelde e.V.\u201c verwendet den Film f\u00fcr weitere Veranstaltungen und Bildungsarbeit.<\/li>\n<li>14.11.2009 wurde uns f\u00fcr das Projekt &#8222;Damals waren wir Nummern, heute sind wir Menschen&#8220; der Sonderpreis des Medienpreises &#8222;MediaMax 2009&#8220; auf dem jugendFORUM \u00fcberreicht.<\/li>\n<\/ul>\n<p><a href=\"http:\/\/metaversa.de\/web\/wp-content\/uploads\/2014\/05\/lichterfelde1.jpg\"><img loading=\"lazy\" decoding=\"async\" class=\"alignright wp-image-158 size-full\" src=\"http:\/\/metaversa.de\/web\/wp-content\/uploads\/2014\/05\/lichterfelde1.jpg\" alt=\"lichterfelde1\" width=\"227\" height=\"169\" \/><\/a>Die medienp\u00e4dagogische Betreuung sowie filmische Bearbeitung lag in der Verantwortung des Medienkompetenzzentrums D\u00fcppel und Metaversa e.V.<\/p>\n<p>Das Projekt wurde gef\u00f6rdert von der Stiftung Erinnerung, Verantwortung und Zukunft, der Medienanstalt Berlin Brandenburg (MABB) und dem Kulturamt des Bezirks Stegliz-Zehlendorf.<\/p>\n<p><a href=\"http:\/\/metaversa.de\/web\/wp-content\/uploads\/2014\/05\/Cover.jpg\"><img loading=\"lazy\" decoding=\"async\" class=\"alignright wp-image-106 size-full\" src=\"http:\/\/metaversa.de\/web\/wp-content\/uploads\/2014\/05\/Cover.jpg\" alt=\"Cover\" width=\"156\" height=\"223\" \/><\/a>Kooperationspartner:<\/p>\n<p><a title=\"Medienkompetenzzentrum D\u00fcppel\" href=\"http:\/\/www.meko-dueppel.de\/\" target=\"_blank\">Medienkompetenzzentrum D\u00fcppel<br \/>\n<\/a><a title=\"Initiative KZ Au\u00dfenlager Lichterfelde e.V.\" href=\"http:\/\/www.imperium-romanum.de\/imperium-romanum\/KZ\/\" target=\"_blank\">Initiative KZ Au\u00dfenlager Lichterfelde e.V.<br \/>\n<\/a><a title=\"Offener Kanal Berlin\" href=\"http:\/\/www.okb.de\/projekte_aussenlager_kz-lichterfelde.htm\" target=\"_blank\">Offener Kanal Berlin<br \/>\n<\/a><a title=\"http:\/\/www.oszbueroverw.de\/\" href=\"http:\/\/www.oszbueroverw.de\/html\/filmprojekt.htm\" target=\"_blank\">OSZ f\u00fcr B\u00fcrowirtschaft und Verwaltung<br \/>\n<\/a><a title=\"Jugendamt Steglitz-Zehlendorf\" href=\"http:\/\/www.berlin.de\/ba-steglitz-zehlendorf\/verwaltung\/jugend\/\" target=\"_blank\">Jugendamt Steglitz-Zehlendorf<br \/>\n<\/a><a title=\"VJB Zehlendorf e.V.\" href=\"http:\/\/www.vjb-zehlendorf.de\/\" target=\"_blank\">VJB Zehlendorf e.V.<\/a><\/p>\n<p><object width=\"425\" height=\"344\"><param name=\"movie\" value=\"http:\/\/www.youtube.com\/v\/-BsCcP_sxNc&amp;amp;amp;amp;amp;amp;amp;amp;amp;amp;hl=de&amp;amp;amp;amp;amp;amp;amp;amp;amp;amp;fs=1&amp;amp;amp;amp;amp;amp;amp;amp;amp;amp;\" \/><param name=\"allowFullScreen\" value=\"true\" \/><param name=\"allowscriptaccess\" value=\"always\" \/><\/object><br \/>\nTrailer des Films<\/p>\n<p>Mehr Informationen bei<br \/>\nDaniel Abma (abma[at]metaversa.de) und\u00a0Kirsten Mohri (mohri[at]metaversa.de)<\/p>\n<p>Bitte das [at] gegen ein @ austauschen!<\/p>\n","protected":false},"excerpt":{"rendered":"<p>Ein Dokumentarfilmprojekt mit Sch\u00fclerInnen des OSZ f\u00fcr B\u00fcrowirtschaft und Verwaltung in Berlin-Lichterfelde Hintergrundinformation zum Projekt: Das 1942 erbaute KZ-Au\u00dfenlager Lichterfelde, war eines von ca. 100 Au\u00dfenlagern, die dem KZ Sachsenhausen unterstanden. In diesem Lager befanden sich jeweils 40% Deutsche und<\/p>\n","protected":false},"author":1,"featured_media":0,"parent":37,"menu_order":0,"comment_status":"closed","ping_status":"closed","template":"","meta":{"jetpack_post_was_ever_published":false,"footnotes":""},"tags":[9,8,3],"class_list":["post-273","page","type-page","status-publish","hentry","tag-dokumentarfilm","tag-video","tag-zeitzeuginnen"],"jetpack_sharing_enabled":true,"jetpack_shortlink":"https:\/\/wp.me\/P7Se2K-4p","_links":{"self":[{"href":"http:\/\/metaversa.de\/web\/wp-json\/wp\/v2\/pages\/273","targetHints":{"allow":["GET"]}}],"collection":[{"href":"http:\/\/metaversa.de\/web\/wp-json\/wp\/v2\/pages"}],"about":[{"href":"http:\/\/metaversa.de\/web\/wp-json\/wp\/v2\/types\/page"}],"author":[{"embeddable":true,"href":"http:\/\/metaversa.de\/web\/wp-json\/wp\/v2\/users\/1"}],"replies":[{"embeddable":true,"href":"http:\/\/metaversa.de\/web\/wp-json\/wp\/v2\/comments?post=273"}],"version-history":[{"count":1,"href":"http:\/\/metaversa.de\/web\/wp-json\/wp\/v2\/pages\/273\/revisions"}],"predecessor-version":[{"id":274,"href":"http:\/\/metaversa.de\/web\/wp-json\/wp\/v2\/pages\/273\/revisions\/274"}],"up":[{"embeddable":true,"href":"http:\/\/metaversa.de\/web\/wp-json\/wp\/v2\/pages\/37"}],"wp:attachment":[{"href":"http:\/\/metaversa.de\/web\/wp-json\/wp\/v2\/media?parent=273"}],"wp:term":[{"taxonomy":"post_tag","embeddable":true,"href":"http:\/\/metaversa.de\/web\/wp-json\/wp\/v2\/tags?post=273"}],"curies":[{"name":"wp","href":"https:\/\/api.w.org\/{rel}","templated":true}]}}