{"id":27,"date":"2014-04-02T15:01:28","date_gmt":"2014-04-02T13:01:28","guid":{"rendered":"http:\/\/metaversa.de\/web\/?page_id=27"},"modified":"2025-04-20T19:22:59","modified_gmt":"2025-04-20T17:22:59","slug":"projekte","status":"publish","type":"page","link":"http:\/\/metaversa.de\/web\/projekte\/","title":{"rendered":"Projekte"},"content":{"rendered":"<h2>ALPHABETISCH<\/h2>\n<p><a title=\"Israel in Berlin \u2013 60 Jahre Gr\u00fcndung des Staates Israel\" href=\"http:\/\/metaversa.de\/web\/projekte\/antidiskriminierung\/israel-in-berlin-60-jahre-gruendung-des-staates-israel\/\">60 Jahre Israel<\/a>\u00a0(2008 &#8211; 2009)<\/p>\n<p><a title=\"\u201e\u2026auf dem Weg zu einem toleranten Brandenburg\u201c\" href=\"http:\/\/metaversa.de\/web\/projekte\/antidiskriminierung\/auf-dem-weg-zu-einem-toleranten-brandenburg\/\">Auf dem Weg zu einem Toleranten Brandenburg<\/a>\u00a0(2008)<\/p>\n<p><a title=\"Auf Spurensuche des Nationalsozialismus\" href=\"http:\/\/metaversa.de\/web\/projekte\/internationales\/279-2\/\">Auf Spurensuche des Nationalsozialismus \u2013 Europ\u00e4ische Queere Jugendbegegnung\u00a0<\/a>(2007)<\/p>\n<p><a title=\"\u201eAuftrag Berlin\u201c \u2013 eine Handy-Stadtrallye zu 20 Jahren Mauerfall\" href=\"http:\/\/metaversa.de\/web\/projekte\/mobiles-lernen\/auftrag-berlin-eine-handy-stadtrallye-zu-20-jahren-mauerfall\/\">Auftrag Berlin &#8211; eine Handystadtrallye zum Thema 20 Jahre Mauerfall<\/a>\u00a0(2009)<\/p>\n<p><a title=\"Cyberland Jugendchatcommunity\" href=\"http:\/\/metaversa.de\/web\/projekte\/netzcommunities\/cyberland-jugendchatcommunity\/\">Cyberland-Jugendchatcommunity<\/a>\u00a0(1997-2010)<\/p>\n<p><a href=\"http:\/\/metaversa.de\/web\/projekte\/netzcommunities\/cyberland-minecraft\/\">Cyberland Minecraft<\/a> (seit 2013)<\/p>\n<p><a title=\"Cybergrid.de \u2013 Virtuelle Welt f\u00fcr die Bildung\" href=\"http:\/\/metaversa.de\/web\/projekte\/netzcommunities\/cybergrid-de-virtuelle-welt-fuer-die-bildung\/\">Cybergrid.de &#8211; Virtuelle Welt f\u00fcr die Bildung<\/a>\u00a0(2010-2013)<\/p>\n<p><a title=\"\u201eDamals waren wir Nummern, heute sind wir Menschen\u201c\" href=\"http:\/\/metaversa.de\/web\/projekte\/zeitzeuginnen\/damals-waren-wir-nummern-heute-sind-wir-menschen\/\">Damals waren wir Nummern, heute sind wir Menschen<\/a>\u00a0(2008)<\/p>\n<p><a title=\"\u201cDenk Mal!\u201d\" href=\"http:\/\/metaversa.de\/web\/projekte\/antidiskriminierung\/denk-mal\/\">Denk Mal!\u00a0<\/a>(2008)<\/p>\n<p><a title=\"Die Erinnerung darf nicht sterben\" href=\"http:\/\/metaversa.de\/web\/projekte\/zeitzeuginnen\/die-erinnerung-darf-nicht-sterben\/\">Die Erinnerung darf nicht sterben<\/a>\u00a0(2004)<\/p>\n<p><a title=\"Die vernetzte Kuh\" href=\"http:\/\/metaversa.de\/web\/projekte\/berufsbildung\/die-vernetzte-kuh\/\">Die vernetzte Kuh<\/a>\u00a0(2010)<\/p>\n<p><a title=\"Du bist eine Marke\" href=\"http:\/\/metaversa.de\/web\/projekte\/netzcommunities\/du-bist-eine-marke\/\">Du bist eine Marke &#8211; Personal Branding in Netzcommunitys<\/a>\u00a0(2009)<\/p>\n<p><a title=\"Einblicke Filmprojekt\" href=\"http:\/\/metaversa.de\/web\/projekte\/antidiskriminierung\/einblicke-filmprojekt\/\">Einblicke Filmprojekt<\/a>\u00a0(2010)<\/p>\n<p><a title=\"Erinnern f\u00fcr die Zukunft\" href=\"http:\/\/metaversa.de\/web\/projekte\/zeitzeuginnen\/erinnern-fuer-die-zukunft\/\">Erinnern f\u00fcr die Zukunft<\/a>\u00a0(2007)<\/p>\n<p><a title=\"Fernsehen macht Geschichte\" href=\"http:\/\/metaversa.de\/web\/projekte\/medien\/fernsehen-macht-geschichte\/\">Fernsehen macht Geschichte<\/a>\u00a0(2012)<\/p>\n<p><a href=\"http:\/\/metaversa.de\/web\/projekte\/medien\/flucht-nach-utopia-2016\/\">Flucht nach Utopia<\/a> (seit 2016)<\/p>\n<p><a href=\"http:\/\/metaversa.de\/web\/projekte\/medien\/future-data-world-ag-projektwoche-zu-big-data\/\">Future Data World AG &#8211; Projektwoche zu &#8222;Big Data&#8220;<\/a> (2016)<\/p>\n<p><a title=\"Gro\u00dfe Pause \u2013 die Schulhofsoap\" href=\"http:\/\/metaversa.de\/web\/projekte\/berufsbildung\/grosse-pause-die-schulhofsoap\/\">Gro\u00dfe Pause &#8211;\u00a0Schulhofsoap<\/a>\u00a0(2008)<\/p>\n<p><a title=\"Man warf mich in ein Lager, in einen verdammten Ort\u2026\" href=\"http:\/\/metaversa.de\/web\/projekte\/antidiskriminierung\/man-warf-mich-in-ein-lager-in-einen-verdammten-ort\/\">Man warf mich in ein Lager..<\/a>\u00a0(2009)<\/p>\n<p><a title=\"Medienlotsen\" href=\"http:\/\/metaversa.de\/web\/projekte\/partizipation\/medienlotsen\/\">Medienlotsen<\/a> (2013\/14)<\/p>\n<p><a title=\"Medienwerkstatt f\u00fcr Toleranz \u2013 \u201cfair denken\u201d\" href=\"http:\/\/metaversa.de\/web\/projekte\/antidiskriminierung\/medienwerkstatt-fuer-toleranz-fair-denken\/\">Medienwerkstatt f\u00fcr Toleranz &#8211; Videoworkshop:\u00a0&#8222;fair denken&#8220;<\/a>\u00a0(2008)<\/p>\n<p><a title=\"Metaversa Island im Teen Second Life\" href=\"http:\/\/metaversa.de\/web\/projekte\/netzcommunities\/metaversa-island-im-teen-second-life\/\">Metaversa Island im Teen Second Life<\/a>\u00a0(2007-2009)<\/p>\n<p><a href=\"http:\/\/metaversa.de\/web\/projekte\/medien\/my-message-projekttag-zu-digitaler-kommunikation-fuer-4-6-klassen\/\">My Message \u2013 Projekttag zu digitaler Kommunikation f\u00fcr 4.-6. Klassen<\/a> (seit 2020)<\/p>\n<p><a title=\"Netzlotsen\" href=\"http:\/\/metaversa.de\/web\/projekte\/medien\/netzlotsen\/\">Netzlotsen<\/a> (2011 &#8211; 2021)<\/p>\n<p><a title=\"\u201cNeue Heimat\u201d\" href=\"http:\/\/metaversa.de\/web\/projekte\/antidiskriminierung\/neue-heimat\/\"> Neue Heimat<\/a>\u00a0(2008)<\/p>\n<p><a title=\"Radioworkshops\" href=\"http:\/\/metaversa.de\/web\/projekte\/antidiskriminierung\/radioworkshops\/\"> Radioworkshops<\/a>\u00a0(2004 &#8211; 2007)<\/p>\n<p><a title=\"Reise durch die Mediengalaxie\" href=\"http:\/\/metaversa.de\/web\/projekte\/medien\/reise-durch-die-mediengalaxie\/\">Reise durch die Mediengalaxie<\/a> (seit 2011)<\/p>\n<p><a title=\"Robinsons Metaversum\" href=\"http:\/\/metaversa.de\/web\/projekte\/medien\/robinsons-metaversum\/\">Robinsons Metaversum<\/a>\u00a0(2010)<\/p>\n<p><a title=\"Ruppich\" href=\"http:\/\/metaversa.de\/web\/projekte\/medien\/ruppich-podcast-projekt-in-der-jva-neuruppin-wulkow\/\">Ruppich &#8211; Podcast-Projekt in der JVA Neuruppin-Wulkow<\/a> (2017)<\/p>\n<p><a href=\"http:\/\/metaversa.de\/web\/projekte\/medien\/schuelerinnen-machen-oer\/\">Sch\u00fclerInnen machen OER<\/a> (2013\/14)<\/p>\n<p><a title=\"Smartphones im Bildungseinsatz\" href=\"http:\/\/metaversa.de\/web\/projekte\/mobiles-lernen\/smartphones-im-bildungseinsatz\/\">Smartphones im Bildungseinsatz<\/a> (2012)<\/p>\n<p><a title=\"Surfing the Streets\" href=\"http:\/\/metaversa.de\/web\/projekte\/mobiles-lernen\/surfing-the-streets\/\">Surfing the Streets<\/a>\u00a0(2011, 2012)<\/p>\n<p><a href=\"http:\/\/metaversa.de\/web\/projekte\/mobiles-lernen\/tabletlabor-unterrichtsideen-fuer-die-grundschule\/\">Tabletlabor &#8211; Unterrichtsideen f\u00fcr die Grundschule<\/a> (seit 2016)<\/p>\n<p><a title=\"Talk\u2019n\u2019Show\" href=\"http:\/\/metaversa.de\/web\/projekte\/netzcommunities\/talknshow\/\">Talk&#8217;n&#8217;Show<\/a>\u00a0(2009, 2011, 2012)<\/p>\n<p><a title=\"The Future Of Utopia\" href=\"http:\/\/metaversa.de\/web\/projekte\/internationales\/the-future-of-utopia\/\">The Future Of Utopia &#8211;\u00a020 \u00e9v m\u00falva&#8230;., 20 Jahre sp\u00e4ter<\/a>\u00a0(2007)<\/p>\n<p><a href=\"http:\/\/metaversa.de\/web\/projekte\/mobiles-lernen\/augmented-reality-ar-rallye-through-the-looking-glass\/\">Through The Looking-Glass<\/a>\u00a0(2014)<\/p>\n<p><a title=\"Unsere Zungen sprechen viele Sprachen\" href=\"http:\/\/metaversa.de\/web\/projekte\/antidiskriminierung\/unsere-zungen-sprechen-viele-sprachen\/\">Unsere Zungen sprechen viele Sprachen<\/a>\u00a0(2006)<\/p>\n<p><a title=\"\u201cVielfalt statt Einfalt\u201d\" href=\"http:\/\/metaversa.de\/web\/projekte\/antidiskriminierung\/vielfalt-statt-einfalt\/\">Vielfalt statt Einfalt<\/a>\u00a0(2008-2009)<\/p>\n<p><a title=\"Welcome to the Jungle \u2013 Praxistest f\u00fcr Jugendliche\" href=\"http:\/\/metaversa.de\/web\/projekte\/berufsbildung\/welcome-to-the-jungle-praxistest-fuer-jugendliche\/\">Welcome To The Jungle\u00a0<\/a>(2008)<\/p>\n<p><a title=\"\u201eWir kommen Gewaltig!\u201c\" href=\"http:\/\/metaversa.de\/web\/projekte\/theater\/wir-kommen-gewaltig\/\">Wir kommen Gewaltig!\u00a0<\/a>(2008)<\/p>\n<p><a title=\"Zeitzeugengeschichte.de\" href=\"http:\/\/metaversa.de\/web\/projekte\/zeitzeuginnen\/zeitzeugengeschichte-de\/\">Zeitzeugengeschichte.de<\/a>\u00a0(seit 2006)<\/p>\n","protected":false},"excerpt":{"rendered":"<p>ALPHABETISCH 60 Jahre Israel\u00a0(2008 &#8211; 2009) Auf dem Weg zu einem Toleranten Brandenburg\u00a0(2008) Auf Spurensuche des Nationalsozialismus \u2013 Europ\u00e4ische Queere Jugendbegegnung\u00a0(2007) Auftrag Berlin &#8211; eine Handystadtrallye zum Thema 20 Jahre Mauerfall\u00a0(2009) Cyberland-Jugendchatcommunity\u00a0(1997-2010) Cyberland Minecraft (seit 2013) Cybergrid.de &#8211; Virtuelle Welt<\/p>\n","protected":false},"author":1,"featured_media":0,"parent":0,"menu_order":0,"comment_status":"closed","ping_status":"closed","template":"","meta":{"jetpack_post_was_ever_published":false,"footnotes":""},"tags":[],"class_list":["post-27","page","type-page","status-publish","hentry"],"jetpack_sharing_enabled":true,"jetpack_shortlink":"https:\/\/wp.me\/P7Se2K-r","_links":{"self":[{"href":"http:\/\/metaversa.de\/web\/wp-json\/wp\/v2\/pages\/27","targetHints":{"allow":["GET"]}}],"collection":[{"href":"http:\/\/metaversa.de\/web\/wp-json\/wp\/v2\/pages"}],"about":[{"href":"http:\/\/metaversa.de\/web\/wp-json\/wp\/v2\/types\/page"}],"author":[{"embeddable":true,"href":"http:\/\/metaversa.de\/web\/wp-json\/wp\/v2\/users\/1"}],"replies":[{"embeddable":true,"href":"http:\/\/metaversa.de\/web\/wp-json\/wp\/v2\/comments?post=27"}],"version-history":[{"count":16,"href":"http:\/\/metaversa.de\/web\/wp-json\/wp\/v2\/pages\/27\/revisions"}],"predecessor-version":[{"id":1139,"href":"http:\/\/metaversa.de\/web\/wp-json\/wp\/v2\/pages\/27\/revisions\/1139"}],"wp:attachment":[{"href":"http:\/\/metaversa.de\/web\/wp-json\/wp\/v2\/media?parent=27"}],"wp:term":[{"taxonomy":"post_tag","embeddable":true,"href":"http:\/\/metaversa.de\/web\/wp-json\/wp\/v2\/tags?post=27"}],"curies":[{"name":"wp","href":"https:\/\/api.w.org\/{rel}","templated":true}]}}