{"id":264,"date":"2014-05-05T21:14:45","date_gmt":"2014-05-05T19:14:45","guid":{"rendered":"http:\/\/metaversa.de\/web\/?page_id=264"},"modified":"2014-07-05T23:10:47","modified_gmt":"2014-07-05T21:10:47","slug":"zeitzeugengeschichte-de","status":"publish","type":"page","link":"http:\/\/metaversa.de\/web\/projekte\/zeitzeuginnen\/zeitzeugengeschichte-de\/","title":{"rendered":"Zeitzeugengeschichte.de"},"content":{"rendered":"<h2><a style=\"font-family: 'Source Sans Pro', Helvetica, sans-serif; font-size: 16px; line-height: 1.5;\" title=\"zeitzeugengeschichte\" href=\"http:\/\/www.zeitzeugengeschichte.de\/\" target=\"_blank\">Das Webportal f\u00fcr Zeitzeugeninterviews<\/a><\/h2>\n<p><a href=\"http:\/\/metaversa.de\/web\/wp-content\/uploads\/2014\/05\/nominiert_2008.gif\"><img loading=\"lazy\" decoding=\"async\" class=\"size-full wp-image-195 alignleft\" src=\"http:\/\/metaversa.de\/web\/wp-content\/uploads\/2014\/05\/nominiert_2008.gif\" alt=\"nominiert_2008\" width=\"120\" height=\"85\" \/><\/a>Auf der Homepage des Grimme Instituts kann man\u00a0<a title=\"Presitr\u00e4ger\" href=\"http:\/\/www.grimme-institut.de\/html\/index.php?id=783\" target=\"_blank\">alle Preistr\u00e4ger<\/a>\u00a0finden, Bilder vom\u00a0<a title=\"Empfang\" href=\"http:\/\/www.grimme-institut.de\/html\/index.php?id=795\" target=\"_blank\">Empfang<\/a>,\u00a0<a title=\"Presiverleihung\" href=\"http:\/\/www.grimme-institut.de\/html\/index.php?id=794\" target=\"_blank\">Preisverleihung<\/a>\u00a0und der\u00a0<a title=\"Feier\" href=\"http:\/\/www.grimme-institut.de\/html\/index.php?id=796\" target=\"_blank\">Feier<\/a>\u00a0anschauen. Auch die\u00a0<a title=\"Begr\u00fcndung\" href=\"http:\/\/www.grimme-institut.de\/html\/index.php?id=788\" target=\"_blank\">Begr\u00fcndung der Jury<\/a>, warum wir zu den gl\u00fccklichen Gewinnern geh\u00f6ren ist nachzulesen. Weiterhin kann man in der\u00a0<a title=\"3sat-Pr\u00e4senation\" href=\"http:\/\/www.3sat.de\/mediathek\/?obj=8604\" target=\"_blank\">Mediathek von 3sat<\/a>\u00a0das kurze Video anschauen, mit dem Portal bei der Preisverleihung vorgestellt wurde. Im Rahmen einer Masterarbeit wurde das Portal evaluiert. die Masterarbeit k\u00f6nnen Sie auf dem\u00a0<a title=\"Evaluation\" href=\"http:\/\/zeitzeugengeschichte.de\/text.php?clipId=165\" target=\"_blank\">Portal herunterladen<\/a>.<\/p>\n<p>&nbsp;<\/p>\n<h2><\/h2>\n<p>Das Projekt<a href=\"http:\/\/metaversa.de\/web\/wp-content\/uploads\/2014\/05\/Erlebteg_klein.jpg\"><img loading=\"lazy\" decoding=\"async\" class=\"size-full wp-image-122 alignright\" src=\"http:\/\/metaversa.de\/web\/wp-content\/uploads\/2014\/05\/Erlebteg_klein.jpg\" alt=\"Erlebteg_klein\" width=\"300\" height=\"129\" \/><\/a><\/p>\n<div>\n<p>Jugendliche, junge Erwachsene, sowie Interessierte interviewen Zeitzeug\/innen des NS-Regimes, bearbeiten die aufgenommenen Interviews, erstellen Themenclips und stellen sie auf das Webportal zeitzeugengeschichte.de.<\/p>\n<p><a href=\"http:\/\/metaversa.de\/web\/wp-content\/uploads\/2014\/05\/Zeitleiste.jpg\"><img loading=\"lazy\" decoding=\"async\" class=\"size-full wp-image-254 alignleft\" src=\"http:\/\/metaversa.de\/web\/wp-content\/uploads\/2014\/05\/Zeitleiste.jpg\" alt=\"Zeitleiste\" width=\"303\" height=\"188\" srcset=\"http:\/\/metaversa.de\/web\/wp-content\/uploads\/2014\/05\/Zeitleiste.jpg 303w, http:\/\/metaversa.de\/web\/wp-content\/uploads\/2014\/05\/Zeitleiste-300x186.jpg 300w\" sizes=\"auto, (max-width: 303px) 100vw, 303px\" \/><\/a>Mit dem\u00a0Portal dokumentieren wir Interviews mit ZeitzeugInnen, die von Jugendlichen gef\u00fchrt wurden. Das Webportal ist eine Austauschseite f\u00fcr h\u00f6r- und sehbare Zeitzeugenberichte.\u00a0Ziel ist es, dass die Zeitzeugnisse nicht in Archiven verstaubt, sondern\u00a0der \u00d6ffentlichkeit zug\u00e4nglich macht werden.<\/p>\n<div>\n<p><a href=\"http:\/\/metaversa.de\/web\/wp-content\/uploads\/2014\/05\/Gruppe-Zeitleiste-web.jpg\"><img loading=\"lazy\" decoding=\"async\" class=\"size-full wp-image-132 alignright\" src=\"http:\/\/metaversa.de\/web\/wp-content\/uploads\/2014\/05\/Gruppe-Zeitleiste-web.jpg\" alt=\"Gruppe-Zeitleiste-web\" width=\"198\" height=\"149\" \/><\/a>Das Webportal ist ein offenes, das hei\u00dft Initiativen, Gruppen, Schulklassen usw.k\u00f6nnen ihre Zeitzeugeninterviews auf dem\u00a0Portal ver\u00f6fentlichen.\u00a0Um dies zuerm\u00f6glichen wurde ein Leitfaden erstellt, der die Schritte beschreibt, die getan werdenm\u00fcssen, um ein Zeitzeugeninterview durchzuf\u00fchren,\u00a0zu schneiden und in das Portal zu stellen. Themen wie\u00a0Interviewtechniken, Oral History, Geschichtlicher \u00dcberblick, aber auch technische Informationen zur Erstellung von Audio- und Videomaterial und dem Upload sind im Leitfaden zu finden.<\/p>\n<div>\n<p><a href=\"http:\/\/metaversa.de\/web\/wp-content\/uploads\/2014\/05\/Werner-Bab-1.jpg\"><img loading=\"lazy\" decoding=\"async\" class=\"size-full wp-image-250 alignleft\" src=\"http:\/\/metaversa.de\/web\/wp-content\/uploads\/2014\/05\/Werner-Bab-1.jpg\" alt=\"Werner-Bab-1\" width=\"222\" height=\"232\" \/><\/a>Durch eine Reflexion der deutschen Geschichte arbeiten wir gegen Rechtsextremismus und Rassismus. In der Begegnung der Generationen lernen Jugendliche Geschichte konkret kennen. Das m\u00fcndliche Erz\u00e4hlen individueller Erlebnisse gibt den Jugendlichen einen Einblick in historische Zusammenh\u00e4nge und dar\u00fcber, wie sich diese konkret auf das Alltagsleben der damaligen Generationen ausgewirkt haben.<\/p>\n<p>Die Zeitzeug\/innen finden Kontakt zu Jugendlichen, die ihnen zuh\u00f6ren. Die m\u00fcndlichen Erz\u00e4hlungen als \u00fcberlieferte Geschichte finden durch die Ver\u00f6ffentlichung auf dem Webportal finden eine weitere W\u00fcrdigung.<\/p>\n<\/div>\n<p>Initiiert und durchgef\u00fchrt wird das Projekt von Metaversa e.V.. Bei der technischen Realisierung des Internetportals unterst\u00fctzen uns Shoa.de und das Videoportal kanalB.<\/p>\n<p><img loading=\"lazy\" decoding=\"async\" class=\"size-full wp-image-130 alignright\" src=\"http:\/\/metaversa.de\/web\/wp-content\/uploads\/2014\/05\/Grimme-Preisverleihung.jpg\" alt=\"Grimme Preisverleihung\" width=\"217\" height=\"394\" srcset=\"http:\/\/metaversa.de\/web\/wp-content\/uploads\/2014\/05\/Grimme-Preisverleihung.jpg 217w, http:\/\/metaversa.de\/web\/wp-content\/uploads\/2014\/05\/Grimme-Preisverleihung-165x300.jpg 165w\" sizes=\"auto, (max-width: 217px) 100vw, 217px\" \/>Preise<\/p>\n<ul>\n<li>Grimme Online Award 2008 in der Kategorie &#8222;Wissen und Bildung&#8220;<\/li>\n<li>1. Platz Dieter Baacke Preis<\/li>\n<li>Projekt des Monats Dezember 2007 &#8211; Bundespr\u00fcfstelle f\u00fcr jugendgef\u00e4hrdende Medien<\/li>\n<li>Vorbildliches Projekt &#8211; B\u00fcndnis f\u00fcr Demokratie und Toleranz, gegen Extremismus und Gewalt<\/li>\n<\/ul>\n<p>\u00dcber aktuelle Aktivit\u00e4ten rund um das Webportal informieren wir Sie auf der Homeseite bei\u00a0<a title=\"Zeitzeugengeschichte.de\" href=\"http:\/\/www.zeitzeugengeschichte.de\" target=\"_blank\">zeitzeugengeschichte.de<\/a><\/p>\n<div><\/div>\n<p>Ansprechpartnerin f\u00fcr das Projekt:<br \/>\nBirgit Marzinka<br \/>\nTel: 0 30 \u2013 26 37 92 15<br \/>\nzeitzeugen[at]metaversa.de<br \/>\nBitte das [at] gegen ein @ austauschen!<br \/>\n<a title=\"zeitzeugengeschichte\" href=\"http:\/\/www.zeitzeugengeschichte.de\" target=\"_blank\">www.zeitzeugengeschichte.de<\/a><\/p>\n<p>Kooperationspartner:<\/p>\n<p><a href=\"http:\/\/www.shoa.de\/\" target=\"_blank\">&#8211; Shoa.de<\/a><br \/>\n<a href=\"http:\/\/www.kanalb.de\/\" target=\"_blank\">&#8211; kanalB<\/a><br \/>\n<a title=\"Anne Frank Zentrum Berlin\" href=\"http:\/\/www.annefrank.de\" target=\"_blank\">&#8211; Anne Frank Zentrum (Berlin)<\/a><br \/>\n<a href=\"http:\/\/www.zeitzeugenboerse.de\/\" target=\"_blank\">&#8211; Zeitzeugenb\u00f6rse<\/a><br \/>\n&#8211;\u00a0<a title=\"Offener Kanal Berlin\" href=\"http:\/\/www.okb.de\/\" target=\"_blank\">Offener Kanal Berlin<\/a><br \/>\n<a href=\"http:\/\/www.so69-jugend.de\/\" target=\"_blank\">&#8211; SO 69 &#8211; Jugendmedienklub (Pfefferwerk Stadtkultur gGmbh)<\/a><br \/>\n<a href=\"http:\/\/www.meko-dueppel.de\/\" target=\"_blank\">&#8211; Medienkompetenzzentrum D\u00fcppel<\/a><br \/>\n<a href=\"http:\/\/www.schule-ohne-rassismus.org\/\" target=\"_blank\">&#8211; SOR &#8211; Schule ohne Rassismus &#8211; Schule mit Courage<\/a><br \/>\n<a href=\"http:\/\/berlin.vvn-bda.org\/\" target=\"_blank\">&#8211; VVN Berlin-Pankow<\/a><\/p>\n<\/div>\n<div>\n<p>gef\u00f6rdert von:<\/p>\n<p>Bezirksamt Pankow und\u00a0<a href=\"http:\/\/metaversa.de\/web\/wp-content\/uploads\/2014\/05\/ifsb_logo72dpi.jpg\"><img loading=\"lazy\" decoding=\"async\" class=\"size-full wp-image-139 alignright\" src=\"http:\/\/metaversa.de\/web\/wp-content\/uploads\/2014\/05\/ifsb_logo72dpi.jpg\" alt=\"jfsb_logo.indd\" width=\"113\" height=\"85\" \/><\/a><img loading=\"lazy\" decoding=\"async\" class=\"size-full wp-image-102 alignright\" src=\"http:\/\/metaversa.de\/web\/wp-content\/uploads\/2014\/05\/Civitas72dpi.jpg\" alt=\"Civitas72dpi\" width=\"283\" height=\"87\" \/><\/p>\n<\/div>\n<h2><\/h2>\n<\/div>\n","protected":false},"excerpt":{"rendered":"<p>Das Webportal f\u00fcr Zeitzeugeninterviews Auf der Homepage des Grimme Instituts kann man\u00a0alle Preistr\u00e4ger\u00a0finden, Bilder vom\u00a0Empfang,\u00a0Preisverleihung\u00a0und der\u00a0Feier\u00a0anschauen. Auch die\u00a0Begr\u00fcndung der Jury, warum wir zu den gl\u00fccklichen Gewinnern geh\u00f6ren ist nachzulesen. Weiterhin kann man in der\u00a0Mediathek von 3sat\u00a0das kurze Video anschauen, mit<\/p>\n","protected":false},"author":1,"featured_media":0,"parent":37,"menu_order":0,"comment_status":"closed","ping_status":"closed","template":"","meta":{"jetpack_post_was_ever_published":false,"footnotes":""},"tags":[4,5,3],"class_list":["post-264","page","type-page","status-publish","hentry","tag-internet","tag-schule","tag-zeitzeuginnen"],"jetpack_sharing_enabled":true,"jetpack_shortlink":"https:\/\/wp.me\/P7Se2K-4g","_links":{"self":[{"href":"http:\/\/metaversa.de\/web\/wp-json\/wp\/v2\/pages\/264","targetHints":{"allow":["GET"]}}],"collection":[{"href":"http:\/\/metaversa.de\/web\/wp-json\/wp\/v2\/pages"}],"about":[{"href":"http:\/\/metaversa.de\/web\/wp-json\/wp\/v2\/types\/page"}],"author":[{"embeddable":true,"href":"http:\/\/metaversa.de\/web\/wp-json\/wp\/v2\/users\/1"}],"replies":[{"embeddable":true,"href":"http:\/\/metaversa.de\/web\/wp-json\/wp\/v2\/comments?post=264"}],"version-history":[{"count":3,"href":"http:\/\/metaversa.de\/web\/wp-json\/wp\/v2\/pages\/264\/revisions"}],"predecessor-version":[{"id":481,"href":"http:\/\/metaversa.de\/web\/wp-json\/wp\/v2\/pages\/264\/revisions\/481"}],"up":[{"embeddable":true,"href":"http:\/\/metaversa.de\/web\/wp-json\/wp\/v2\/pages\/37"}],"wp:attachment":[{"href":"http:\/\/metaversa.de\/web\/wp-json\/wp\/v2\/media?parent=264"}],"wp:term":[{"taxonomy":"post_tag","embeddable":true,"href":"http:\/\/metaversa.de\/web\/wp-json\/wp\/v2\/tags?post=264"}],"curies":[{"name":"wp","href":"https:\/\/api.w.org\/{rel}","templated":true}]}}