{"id":21,"date":"2014-04-02T14:55:08","date_gmt":"2014-04-02T12:55:08","guid":{"rendered":"http:\/\/metaversa.de\/web\/?page_id=21"},"modified":"2025-05-06T11:39:36","modified_gmt":"2025-05-06T09:39:36","slug":"team","status":"publish","type":"page","link":"http:\/\/metaversa.de\/web\/team\/","title":{"rendered":"Team"},"content":{"rendered":"<p>Metaversa e.V. besteht aus einem engagierten Team von Medienp\u00e4dagogInnen.<\/p>\n<h2>Michael Lange<\/h2>\n<p><a href=\"http:\/\/metaversa.de\/web\/wp-content\/uploads\/2014\/04\/michael.jpg\"><img loading=\"lazy\" decoding=\"async\" class=\"alignright wp-image-442 size-thumbnail\" src=\"http:\/\/metaversa.de\/web\/wp-content\/uploads\/2014\/04\/michael-150x150.jpg\" alt=\"michael\" width=\"150\" height=\"150\" srcset=\"http:\/\/metaversa.de\/web\/wp-content\/uploads\/2014\/04\/michael-150x150.jpg 150w, http:\/\/metaversa.de\/web\/wp-content\/uploads\/2014\/04\/michael.jpg 200w\" sizes=\"auto, (max-width: 150px) 100vw, 150px\" \/><\/a>Arbeitet als freiberuflicher Medienp\u00e4dagoge in Berlin und Brandenburg. Schwerpunkte sind die Konzeption von Bildungsprojekten im Bereich Social Media und Onlinecommunitys und die Beratung von Bildungstr\u00e4gern zum Einsatz digitaler Medien. In eigenen Modellprojekten wird der Einsatz von Informations- und Kommunikationstechnologien in der Kinder- und Jugendbildung erprobt. F\u00fcr den Landesfachverband Medienbildung Brandenburg e.V. konzipierte er von 2005-2024 Fortbildungsveranstaltungen und organisierte Workshops und Tagungen. Bis 2018 war er au\u00dferdem ehrenamtlich im Vorstand der LAG Medienarbeit Berlin t\u00e4tig. Im &#8222;B\u00fcndnis f\u00fcr Dialog Kremmen e.V.&#8220; setzt er sich f\u00fcr die St\u00e4rkung der Zievilgesellschaft und demokratischer Prozesse ein.<\/p>\n<p>Weblog: <a href=\"http:\/\/www.cyberwizard.de\/\" target=\"blank\" rel=\"noopener\" shape=\"rect\">www.cyberwizard.de<\/a><br \/>\nHomepage: <a href=\"http:\/\/www.michaellange.info\/\" target=\"blank\" rel=\"noopener\" shape=\"rect\">www.michaellange.info<\/a><br \/>\nEmail: lange[at]metaversa.de Bitte das [at] gegen ein @ austauschen!<\/p>\n<h2>Verena Ebel<\/h2>\n<p><img loading=\"lazy\" decoding=\"async\" class=\"alignright wp-image-484 size-thumbnail\" src=\"http:\/\/metaversa.de\/web\/wp-content\/uploads\/2014\/07\/verena-150x150.jpg\" alt=\"\" width=\"150\" height=\"150\" srcset=\"http:\/\/metaversa.de\/web\/wp-content\/uploads\/2014\/07\/verena-150x150.jpg 150w, http:\/\/metaversa.de\/web\/wp-content\/uploads\/2014\/07\/verena.jpg 200w\" sizes=\"auto, (max-width: 150px) 100vw, 150px\" \/>Ist Industriekauffrau, Schauwerbegestalterin, Erzieherin und Sozialarbeiterin\/Sozialp\u00e4dagogin. Sie arbeitet seit vielen Jahren als Medienp\u00e4dagogin in Berlin. Ihre Schwerpunkte sind u.a. Fotografie, digitale Bild- und Videobearbeitung, Internetprojekte mit Kindern, Jugendlichen und MultiplikatorInnen.<\/p>\n<p>Email: ebel[at]metaversa.de Bitte das [at] gegen ein @ austauschen!<\/p>\n<h2>Jenny Roberts<\/h2>\n<p><a href=\"http:\/\/metaversa.de\/web\/wp-content\/uploads\/2014\/04\/jenny.jpg\"><img loading=\"lazy\" decoding=\"async\" class=\"alignright wp-image-441 size-thumbnail\" src=\"http:\/\/metaversa.de\/web\/wp-content\/uploads\/2014\/04\/jenny-150x150.jpg\" alt=\"Jenny Roberts\" width=\"150\" height=\"150\" srcset=\"http:\/\/metaversa.de\/web\/wp-content\/uploads\/2014\/04\/jenny-150x150.jpg 150w, http:\/\/metaversa.de\/web\/wp-content\/uploads\/2014\/04\/jenny.jpg 200w\" sizes=\"auto, (max-width: 150px) 100vw, 150px\" \/><\/a>Kulturwissenschaftlerin und Erzieherin mit den Schwerpunkten Medienp\u00e4dagogik, Interkulturelle und Gendersensible Arbeit. Koordinatorin des Medienkompetenzzentrums Tempelhof-Sch\u00f6neberg, sowie jahrelange T\u00e4tigkeit im Medienkompetenzzentrum Neuk\u00f6lln. Durchf\u00fchrung von Workshops und Projekttagen an Berliner Schulen, Fortbildungen f\u00fcr Eltern, Lehrer_innen und Multiplikator_innen.<\/p>\n<p>Email: roberts[at]metaversa.de\u00a0Bitte das [at] gegen ein @ austauschen!<\/p>\n<h2>Martin Riemer<\/h2>\n<p><img loading=\"lazy\" decoding=\"async\" class=\"wp-image-810 size-thumbnail alignright\" src=\"http:\/\/metaversa.de\/web\/wp-content\/uploads\/2014\/04\/tincon_martin_riemer-150x150.jpg\" alt=\"\" width=\"150\" height=\"150\" srcset=\"http:\/\/metaversa.de\/web\/wp-content\/uploads\/2014\/04\/tincon_martin_riemer-150x150.jpg 150w, http:\/\/metaversa.de\/web\/wp-content\/uploads\/2014\/04\/tincon_martin_riemer-270x270.jpg 270w, http:\/\/metaversa.de\/web\/wp-content\/uploads\/2014\/04\/tincon_martin_riemer-230x230.jpg 230w\" sizes=\"auto, (max-width: 150px) 100vw, 150px\" \/>Unterst\u00fctzt als Medienp\u00e4dagoge alle Beteiligten von Grundschulen dabei, das Lernen der digitalen Epoche in der Schule zu gestalten. Seine Spezialit\u00e4ten:<br \/>\nKurzh\u00f6rspiele in jahrgangs\u00fcbergreifenden Klassen __ eBooks in der Klassenstufe 2 __ Medienerziehung mit dem sozialp\u00e4dagogischen Personal entwickeln __ Innerschulische Fortbildungen __ Kleingruppenprojekte mit Tablets<\/p>\n<p>Email: Erreichbarkeit nicht mehr gew\u00e4hrleistet<\/p>\n<h2>Kirsten Mohri<\/h2>\n<p><a href=\"http:\/\/metaversa.de\/web\/wp-content\/uploads\/2014\/04\/kirsten.jpg\"><img loading=\"lazy\" decoding=\"async\" class=\"alignright wp-image-447 size-thumbnail\" src=\"http:\/\/metaversa.de\/web\/wp-content\/uploads\/2014\/04\/kirsten-150x150.jpg\" alt=\"kirsten\" width=\"150\" height=\"150\" srcset=\"http:\/\/metaversa.de\/web\/wp-content\/uploads\/2014\/04\/kirsten-150x150.jpg 150w, http:\/\/metaversa.de\/web\/wp-content\/uploads\/2014\/04\/kirsten.jpg 200w\" sizes=\"auto, (max-width: 150px) 100vw, 150px\" \/><\/a>Jahrgang 1979. Abgeschlossenes Studium der Sozial- und Theaterp\u00e4dagogik. Sozialp\u00e4dagogische T\u00e4tigkeiten in Witten (Ruhrgebiet), Berlin und Brandenburg. Theater- und Filmprojekte mit Kindern, Jugendlichen und jungen Erwachsenen (z.B. KITA-und Hortkinder, lernbehinderte Azubis, Pflegekinder aus NYC, Strafgefangene). Schwerpunktthemen: Gewalt, Rechtsextremismus, M\u00e4nner-und Frauenbilder, deutsche Geschichte. Ensemblemitglied bei Theaterspiel. Seit 2008 freiberufliche Schauspielerin, Theater- und Medienp\u00e4dagogin.<\/p>\n<p>Homepage:\u00a0<a href=\"http:\/\/mischbatterie.jimdosite.com\" target=\"_blank\" rel=\"noopener noreferrer\">mischbatterie.jimdosite.com<\/a><br \/>\nEmail: mohri[at]metaversa.de\u00a0Bitte das [at] gegen ein @ austauschen!<\/p>\n<h2>Susanne Grunewald<\/h2>\n<p><img loading=\"lazy\" decoding=\"async\" class=\"alignright wp-image-947 size-thumbnail\" src=\"http:\/\/metaversa.de\/web\/wp-content\/uploads\/2018\/02\/robotopia-me_small-150x150.jpg\" alt=\"\" width=\"150\" height=\"150\" srcset=\"http:\/\/metaversa.de\/web\/wp-content\/uploads\/2018\/02\/robotopia-me_small-150x150.jpg 150w, http:\/\/metaversa.de\/web\/wp-content\/uploads\/2018\/02\/robotopia-me_small.jpg 200w\" sizes=\"auto, (max-width: 150px) 100vw, 150px\" \/>ist seit vielen Jahren in der Medienbildung mit Kindern, Jugendlichen und Erwachsenen t\u00e4tig, seit 2013 freiberuflich f\u00fcr verschiedene<br \/>\nInstitutionen und Vereine. Ihr Schwerpunt liegt auf der spielerisch-kreative Auseinandersetzung mit Internet-Technologien in<br \/>\nVerbindung mit politischer und geschlechtersensibler Bildung. Au\u00dferdem arbeitet sie als Organisatorin, Moderatorin und Mediatorin f\u00fcr<br \/>\nBildungseinrichtungen und emanzipatorische Projekte.<\/p>\n<p>Email: grunewald[at]metaversa.de Bitte das [at] gegen ein @ austauschen!<\/p>\n<h2>Rudolf Freundorfer<\/h2>\n<p><img loading=\"lazy\" decoding=\"async\" class=\"alignright wp-image-820 size-thumbnail\" src=\"http:\/\/metaversa.de\/web\/wp-content\/uploads\/2014\/04\/rudolf_freundorfer-150x150.jpg\" alt=\"\" width=\"150\" height=\"150\" srcset=\"http:\/\/metaversa.de\/web\/wp-content\/uploads\/2014\/04\/rudolf_freundorfer-150x150.jpg 150w, http:\/\/metaversa.de\/web\/wp-content\/uploads\/2014\/04\/rudolf_freundorfer-270x270.jpg 270w, http:\/\/metaversa.de\/web\/wp-content\/uploads\/2014\/04\/rudolf_freundorfer-230x230.jpg 230w, http:\/\/metaversa.de\/web\/wp-content\/uploads\/2014\/04\/rudolf_freundorfer.jpg 480w\" sizes=\"auto, (max-width: 150px) 100vw, 150px\" \/>Ist seit 2003 als freiberuflicher Medienp\u00e4dagoge f\u00fcr Institutionen und Schulen in Berlin und Brandenburg t\u00e4tig. Als gelernter Mediengestalter Bild und Ton liegt sein Schwerpunkt auf \u00a0dem filmischen Erz\u00e4hlen in Zeiten von digitalen Medien wie YouTube und SnapChat. Mitarbeiter u. a. im Medienkompetenzzentrum Steglitz-Zehlendorf, dem Institut Jugend Film und Fernsehen Berlin-Brandenburg und Kulturhilfswerk e. V.<\/p>\n<p>Homepage:\u00a0<a href=\"http:\/\/www.kulturhilfswerk.de\" target=\"_blank\" rel=\"noopener noreferrer\">http:\/\/www.kulturhilfswerk.de<\/a><br \/>\nEmail: freundorfer[at]metaversa.de\u00a0Bitte das [at] gegen ein @ austauschen!<\/p>\n<h2>Daniel Abma<\/h2>\n<p><a href=\"http:\/\/metaversa.de\/web\/wp-content\/uploads\/2014\/04\/daniel.jpg\"><img loading=\"lazy\" decoding=\"async\" class=\"alignright wp-image-443 size-thumbnail\" src=\"http:\/\/metaversa.de\/web\/wp-content\/uploads\/2014\/04\/daniel-150x150.jpg\" alt=\"daniel\" width=\"150\" height=\"150\" srcset=\"http:\/\/metaversa.de\/web\/wp-content\/uploads\/2014\/04\/daniel-150x150.jpg 150w, http:\/\/metaversa.de\/web\/wp-content\/uploads\/2014\/04\/daniel.jpg 200w\" sizes=\"auto, (max-width: 150px) 100vw, 150px\" \/><\/a>Daniel Abma, geboren 1978 in Westerbork, Studium der Grundschulp\u00e4dagogik in den Niederlanden. Seit 2004 als freiberuflicher Medienp\u00e4dagoge t\u00e4tig in Berlin und Brandenburg, Arbeitsschwerpunkte: NS-ZeitzeugInnen, Rechtsextremismus gestern und heute, Geschlechterbilder. 2017 absolvierte er sein Regiestudium an der Filmuniversit\u00e4t Babelsberg in Potsdam.<\/p>\n<p>Homepage: <a title=\"www.kamerakultur.de\" href=\"http:\/\/www.kamerakultur.de\/\" target=\"_blank\" rel=\"noopener noreferrer\">www.kamerakultur.de<\/a><br \/>\nEmail: abma[at]metaversa.de Bitte das [at] gegen ein @ austauschen!<\/p>\n<h2>Kerstin Groner<\/h2>\n<p><img loading=\"lazy\" decoding=\"async\" class=\"alignright size-thumbnail wp-image-823\" src=\"http:\/\/metaversa.de\/web\/wp-content\/uploads\/2014\/04\/kerstin_groner-150x150.jpg\" alt=\"\" width=\"150\" height=\"150\" srcset=\"http:\/\/metaversa.de\/web\/wp-content\/uploads\/2014\/04\/kerstin_groner-150x150.jpg 150w, http:\/\/metaversa.de\/web\/wp-content\/uploads\/2014\/04\/kerstin_groner.jpg 200w\" sizes=\"auto, (max-width: 150px) 100vw, 150px\" \/>Hat experimentelle Film- und Mediengestaltung an der Universit\u00e4t der K\u00fcnste Berlin studiert und ihren Meistersch\u00fcler bei Jutta Br\u00fcckner und Thomas Arslan gemacht. Seit 2005 ist sie selbst\u00e4ndig. Sie arbeitet als freie Filmemacherin, Grafikerin, Webdesignerin und Medienp\u00e4dagogin. Sie hat sehr viel Erfahrung kreative Prozesse in Gruppen zu begleiten.<\/p>\n<p>Email: groner[at]metaversa.de Bitte das [at] gegen ein @ austauschen!<\/p>\n<h2>Kathleen Lindner<\/h2>\n<p><a href=\"http:\/\/metaversa.de\/web\/wp-content\/uploads\/2014\/04\/kathleen-1.jpg\"><img loading=\"lazy\" decoding=\"async\" class=\"alignright wp-image-780 size-thumbnail\" src=\"http:\/\/metaversa.de\/web\/wp-content\/uploads\/2014\/04\/kathleen-1-150x150.jpg\" alt=\"Kathleen Lindner\" width=\"150\" height=\"150\" srcset=\"http:\/\/metaversa.de\/web\/wp-content\/uploads\/2014\/04\/kathleen-1-150x150.jpg 150w, http:\/\/metaversa.de\/web\/wp-content\/uploads\/2014\/04\/kathleen-1.jpg 200w\" sizes=\"auto, (max-width: 150px) 100vw, 150px\" \/><\/a>Geboren 1985 in Magdeburg, Studium der Medienbildung an der Otto- von-Guericke Universit\u00e4t Magdeburg. Seit 2013 als freie Medienbildnerin t\u00e4tig in Berlin, Brandenburg. Arbeitsschwerpunkte: Konzepterstellung der Medienbildung und Medienp\u00e4dagogik und deren Durchf\u00fchrung f\u00fcr Kinder, Jugendliche und Erwachsene, Grundschule, Oberschulen, Gymnasien, Cybermobbing, Film-und Fotoprojekte f\u00fcr Kinder-und Jugendliche, Pr\u00e4ventionsarbeit, kreative Medienarbeit und Kommunikationsanalyse im Bereich soziale Medien und Wertebildung mit Film-und Foto.<\/p>\n<p>Homepage: <a title=\"www.echthelle.de\" href=\"http:\/\/www.echthelle.de\/\" target=\"_blank\" rel=\"noopener noreferrer\">www.echthelle.de<\/a><br \/>\nEmail: lindner[at]metaversa.de Bitte das [at] gegen ein @ austauschen!<\/p>\n<h2>Birgit Marzinka<\/h2>\n<p><a href=\"http:\/\/metaversa.de\/web\/wp-content\/uploads\/2014\/04\/birgit.jpg\"><img loading=\"lazy\" decoding=\"async\" class=\"alignright wp-image-446 size-thumbnail\" src=\"http:\/\/metaversa.de\/web\/wp-content\/uploads\/2014\/04\/birgit-150x150.jpg\" alt=\"birgit\" width=\"150\" height=\"150\" srcset=\"http:\/\/metaversa.de\/web\/wp-content\/uploads\/2014\/04\/birgit-150x150.jpg 150w, http:\/\/metaversa.de\/web\/wp-content\/uploads\/2014\/04\/birgit.jpg 200w\" sizes=\"auto, (max-width: 150px) 100vw, 150px\" \/><\/a>Studierte in Heidelberg, Bremen und Mexiko-Stadt Geografie und an der Universit\u00e4t Rostock den Masterstudiengang Medienbildung, arbeitet selbstst\u00e4ndig in der Medienp\u00e4dagogik und in den Bereichen: Bildung in virtuellen R\u00e4umen, E-Learning und Bildungsportale. Sie initiierte und hat die Leitung des Webportals &#8222;zeitzeugengeschichte.de&#8220; inne. Sie entwickelt Projekte, gibt Radio- und Computerworkshops und arbeitet mit Jugendlichen und Erwachsenen. Ihre Themen sind Nationalsozialismus &#8211; Zeitzeugenarbeit (zeitgen\u00f6ssische Geschichte), Rechtsextremismus, Diversity bzw. Migration, Entwicklungszusammenarbeit und Umweltschutz.<\/p>\n<p>Homepage:<a title=\"Medienkultur Berlin\" href=\"http:\/\/www.medienkulturberlin.de\/\" target=\"_blank\" rel=\"noopener noreferrer\" shape=\"rect\"> Medienkultur Berlin <\/a><br \/>\nEmail: marzinka[at]metaversa.de Bitte das [at] gegen ein @ austauschen!<\/p>\n","protected":false},"excerpt":{"rendered":"<p>Metaversa e.V. besteht aus einem engagierten Team von Medienp\u00e4dagogInnen. Michael Lange Arbeitet als freiberuflicher Medienp\u00e4dagoge in Berlin und Brandenburg. Schwerpunkte sind die Konzeption von Bildungsprojekten im Bereich Social Media und Onlinecommunitys und die Beratung von Bildungstr\u00e4gern zum Einsatz digitaler Medien.<\/p>\n","protected":false},"author":1,"featured_media":0,"parent":0,"menu_order":0,"comment_status":"closed","ping_status":"closed","template":"","meta":{"jetpack_post_was_ever_published":false,"footnotes":""},"tags":[],"class_list":["post-21","page","type-page","status-publish","hentry"],"jetpack_sharing_enabled":true,"jetpack_shortlink":"https:\/\/wp.me\/P7Se2K-l","_links":{"self":[{"href":"http:\/\/metaversa.de\/web\/wp-json\/wp\/v2\/pages\/21","targetHints":{"allow":["GET"]}}],"collection":[{"href":"http:\/\/metaversa.de\/web\/wp-json\/wp\/v2\/pages"}],"about":[{"href":"http:\/\/metaversa.de\/web\/wp-json\/wp\/v2\/types\/page"}],"author":[{"embeddable":true,"href":"http:\/\/metaversa.de\/web\/wp-json\/wp\/v2\/users\/1"}],"replies":[{"embeddable":true,"href":"http:\/\/metaversa.de\/web\/wp-json\/wp\/v2\/comments?post=21"}],"version-history":[{"count":38,"href":"http:\/\/metaversa.de\/web\/wp-json\/wp\/v2\/pages\/21\/revisions"}],"predecessor-version":[{"id":1145,"href":"http:\/\/metaversa.de\/web\/wp-json\/wp\/v2\/pages\/21\/revisions\/1145"}],"wp:attachment":[{"href":"http:\/\/metaversa.de\/web\/wp-json\/wp\/v2\/media?parent=21"}],"wp:term":[{"taxonomy":"post_tag","embeddable":true,"href":"http:\/\/metaversa.de\/web\/wp-json\/wp\/v2\/tags?post=21"}],"curies":[{"name":"wp","href":"https:\/\/api.w.org\/{rel}","templated":true}]}}