{"id":17,"date":"2014-04-02T14:49:25","date_gmt":"2014-04-02T12:49:25","guid":{"rendered":"http:\/\/metaversa.de\/web\/?page_id=17"},"modified":"2025-04-20T19:28:17","modified_gmt":"2025-04-20T17:28:17","slug":"partner","status":"publish","type":"page","link":"http:\/\/metaversa.de\/web\/partner\/","title":{"rendered":"Partner"},"content":{"rendered":"<p><strong>Partner und Unterst\u00fctzer<\/strong><\/p>\n<ul>\n<li><a href=\"https:\/\/netti.berlin\">Internetwerkstatt Netti &#8211; Medienkompetenzzentrum Tempelhof-Sch\u00f6neberg<\/a><\/li>\n<li><a href=\"http:\/\/www.lagmedienarbeit.de\/\" target=\"_blank\" rel=\"noopener\">LAG Medienarbeit e.V. Berlin<\/a><\/li>\n<li><a title=\"Shoah.de\" href=\"http:\/\/www.shoah.de\/\" target=\"_blank\" rel=\"noopener\">Shoah.de<\/a><\/li>\n<li><a title=\"kanalB\" href=\"http:\/\/www.kanalb.org\/\" target=\"_blank\" rel=\"noopener\">kanalB<\/a><\/li>\n<li><a title=\"Moskito\" href=\"http:\/\/www.pfefferwerk.de\/pfefferwerk\/index.php\/mos\" target=\"_blank\" rel=\"noopener\">Netzwerkstelle Moskito<\/a><\/li>\n<li><a title=\"Meko D\u00fcppel\" href=\"http:\/\/meko-dueppel.de\/\" target=\"_blank\" rel=\"noopener\">Medienkompetenzzentrum D\u00fcppel<\/a><\/li>\n<li><a title=\"Medienkombinat\" href=\"http:\/\/www.medienkombinat-berlin.de\/\" target=\"_blank\" rel=\"noopener\">Medienkombinat Berlin<\/a><\/li>\n<li><a title=\"LJR-Berlin\" href=\"http:\/\/www.ljr-berlin.de\/\" target=\"_blank\" rel=\"noopener\">Landesjugendring Berlin<\/a><\/li>\n<li><a title=\"Initiative KZ Au\u00dfenlager Lichterfelde\" href=\"http:\/\/www.ikz-lichterfelde.de\/\" target=\"_blank\" rel=\"noopener\">Initiative KZ-Au\u00dfenlager Lichterfelde e.V.<\/a><\/li>\n<li><a title=\"http:\/\/www.stadtgut-blankenfelde.de\/\" href=\"http:\/\/www.stadtgut-blankenfelde.de\/\" target=\"_blank\" rel=\"noopener\">StadtGut Blankenfelde e.V.<\/a><\/li>\n<\/ul>\n<div><strong>Unsere Projekte wurden gef\u00f6rdert von:<\/strong><\/div>\n<div>\n<ul>\n<li><a href=\"http:\/\/award.codeweek.de\" target=\"_blank\" rel=\"noopener\">Code Week Award<\/a><\/li>\n<li><a title=\"www.jugendnetz-berlin.de\" href=\"http:\/\/www.jugendnetz-berlin.de\/\" target=\"_blank\" rel=\"noopener\">jugendnetz-berlin.de<\/a><\/li>\n<li><a title=\"www.mabb.de\" href=\"http:\/\/www.mabb.de\/\" target=\"_blank\" rel=\"noopener\">Medienanstalt Berlin-Brandenburg<\/a><\/li>\n<li><a title=\"www.jfsb.de\" href=\"http:\/\/www.jfsb.de\/\" target=\"_blank\" rel=\"noopener\">Jugend- und Familienstiftung Berlin<\/a><\/li>\n<li><a title=\"www.fonds-soziokultur.de\" href=\"http:\/\/www.fonds-soziokultur.de\/\" target=\"_blank\" rel=\"noopener\">Fonds Soziokultur<\/a><\/li>\n<li><a title=\"www.berlin.de\/sen\/bwf\/\" href=\"http:\/\/www.berlin.de\/sen\/bwf\/\" target=\"_blank\" rel=\"noopener\">Senatsverwaltung f\u00fcr Bildung, Wissenschaft und Forschung<\/a><\/li>\n<li><a title=\"https:\/\/www.kubinaut.de\/de\/finanzen\/berliner-projektfonds-kulturelle-bildung\/\" href=\"https:\/\/www.kubinaut.de\/de\/finanzen\/berliner-projektfonds-kulturelle-bildung\/\" target=\"_blank\" rel=\"noopener\">Berliner Projektfonds Kulturelle Bildung<\/a><\/li>\n<\/ul>\n<\/div>\n","protected":false},"excerpt":{"rendered":"<p>Partner und Unterst\u00fctzer Internetwerkstatt Netti &#8211; Medienkompetenzzentrum Tempelhof-Sch\u00f6neberg LAG Medienarbeit e.V. Berlin Shoah.de kanalB Netzwerkstelle Moskito Medienkompetenzzentrum D\u00fcppel Medienkombinat Berlin Landesjugendring Berlin Initiative KZ-Au\u00dfenlager Lichterfelde e.V. StadtGut Blankenfelde e.V. Unsere Projekte wurden gef\u00f6rdert von: Code Week Award jugendnetz-berlin.de Medienanstalt Berlin-Brandenburg<\/p>\n","protected":false},"author":1,"featured_media":0,"parent":0,"menu_order":0,"comment_status":"closed","ping_status":"closed","template":"","meta":{"jetpack_post_was_ever_published":false,"footnotes":""},"tags":[],"class_list":["post-17","page","type-page","status-publish","hentry"],"jetpack_sharing_enabled":true,"jetpack_shortlink":"https:\/\/wp.me\/P7Se2K-h","_links":{"self":[{"href":"http:\/\/metaversa.de\/web\/wp-json\/wp\/v2\/pages\/17","targetHints":{"allow":["GET"]}}],"collection":[{"href":"http:\/\/metaversa.de\/web\/wp-json\/wp\/v2\/pages"}],"about":[{"href":"http:\/\/metaversa.de\/web\/wp-json\/wp\/v2\/types\/page"}],"author":[{"embeddable":true,"href":"http:\/\/metaversa.de\/web\/wp-json\/wp\/v2\/users\/1"}],"replies":[{"embeddable":true,"href":"http:\/\/metaversa.de\/web\/wp-json\/wp\/v2\/comments?post=17"}],"version-history":[{"count":12,"href":"http:\/\/metaversa.de\/web\/wp-json\/wp\/v2\/pages\/17\/revisions"}],"predecessor-version":[{"id":1141,"href":"http:\/\/metaversa.de\/web\/wp-json\/wp\/v2\/pages\/17\/revisions\/1141"}],"wp:attachment":[{"href":"http:\/\/metaversa.de\/web\/wp-json\/wp\/v2\/media?parent=17"}],"wp:term":[{"taxonomy":"post_tag","embeddable":true,"href":"http:\/\/metaversa.de\/web\/wp-json\/wp\/v2\/tags?post=17"}],"curies":[{"name":"wp","href":"https:\/\/api.w.org\/{rel}","templated":true}]}}