{"id":1065,"date":"2022-09-16T07:32:07","date_gmt":"2022-09-16T05:32:07","guid":{"rendered":"http:\/\/metaversa.de\/web\/?page_id=1065"},"modified":"2024-09-05T08:36:18","modified_gmt":"2024-09-05T06:36:18","slug":"my-message-projekttag-zu-digitaler-kommunikation-fuer-4-6-klassen","status":"publish","type":"page","link":"http:\/\/metaversa.de\/web\/projekte\/medien\/my-message-projekttag-zu-digitaler-kommunikation-fuer-4-6-klassen\/","title":{"rendered":"My Message \u2013 Projekttag zu digitaler Kommunikation f\u00fcr 4.-6. Klassen"},"content":{"rendered":"\n<p>Mit dem sechsst\u00fcndigen Projekttag werden Kinder ert\u00fcchtigt, sich in der digitalen Welt eigenverantwortlich und im Bewusstsein m\u00f6glicher Gefahren zu bewegen. Positive und negative Aspekte der zunehmenden Vernetzung werden spielerisch und in einem gesch\u00fctzten Raum thematisiert.<\/p>\n\n\n\n<p>Nach einer Einf\u00fchrung zu Internet und Onlinekommunikation sprechen wir mit den Sch\u00fcler*innen \u00fcber deren eigene Mediennutzung. Im Anschluss haben Sie die Gelegenheit, Funktionen sozialer Netzwerke bei <a href=\"http:\/\/www.junait.de\">Junait.de<\/a> auszuprobieren.<\/p>\n\n\n\n<p>Junait ist ein simuliertes soziales Netzwerk, um die Sch\u00fcler*innen auf die Gefahren und M\u00f6glichkeiten im Internet vorzubereiten. Dabei werden die grundlegenden Funktionen sozialer Medien vermittelt: Was ist eine Pinnwand? Was sind digitale Freunde? Schnell werden die Kinder mit Gefahren konfrontiert. Pers\u00f6nliche Daten werden verkauft und das Passwort gehackt. Mit einfachen Aufgaben wird ge\u00fcbt, auf allt\u00e4gliche Gefahren im Netz zu reagieren.<\/p>\n\n\n\n<p>Nach einer ausf\u00fchrlichen Auswertung der Aktionen im sozialen Netzwerk, erstellen die Sch\u00fcler*innen eigene Regeln f\u00fcr die Kommunikation in virtuellen R\u00e4umen und gestalten passende Plakate auf Papier oder mit einer App am Tablet.<\/p>\n\n\n\n<p>Wir empfehlen, die Ergebnisse auf einem anschlie\u00dfenden Elternabend zu pr\u00e4sentieren und einen Austausch zwischen Sch\u00fcler*innen und Eltern anzuregen.<\/p>\n\n\n\n<p>Das Konzept f\u00fcr den Projekttag wurde 2018 vom Landesfachverband Medienbildung Brandenburg e.V. (lmb) im Rahmen des Programms &#8222;medienfit&#8220; erstellt.<\/p>\n\n\n\n<p>Download des Konzepts\/Ablaufplans (DOC, 1,7 MB):<\/p>\n\n\n\n<div class=\"wp-block-file\"><a id=\"wp-block-file--media-7e6a5d37-63ad-4a6e-8bb4-0b0bfca189f2\" href=\"http:\/\/metaversa.de\/web\/wp-content\/uploads\/2024\/09\/MyMessage_Projekttag_1_3.doc\">MyMessage_Projekttag_1_3<\/a><a href=\"http:\/\/metaversa.de\/web\/wp-content\/uploads\/2024\/09\/MyMessage_Projekttag_1_3.doc\" class=\"wp-block-file__button wp-element-button\" download aria-describedby=\"wp-block-file--media-7e6a5d37-63ad-4a6e-8bb4-0b0bfca189f2\">Herunterladen<\/a><\/div>\n\n\n\n<p><\/p>\n\n\n\n<figure class=\"wp-block-image size-large\"><img loading=\"lazy\" decoding=\"async\" width=\"1024\" height=\"281\" src=\"http:\/\/metaversa.de\/web\/wp-content\/uploads\/2022\/09\/mymessage_comics-1024x281.jpg\" alt=\"\" class=\"wp-image-1067\" srcset=\"http:\/\/metaversa.de\/web\/wp-content\/uploads\/2022\/09\/mymessage_comics-1024x281.jpg 1024w, http:\/\/metaversa.de\/web\/wp-content\/uploads\/2022\/09\/mymessage_comics-600x165.jpg 600w, http:\/\/metaversa.de\/web\/wp-content\/uploads\/2022\/09\/mymessage_comics-768x211.jpg 768w, http:\/\/metaversa.de\/web\/wp-content\/uploads\/2022\/09\/mymessage_comics-1536x422.jpg 1536w, http:\/\/metaversa.de\/web\/wp-content\/uploads\/2022\/09\/mymessage_comics-2048x563.jpg 2048w\" sizes=\"auto, (max-width: 1024px) 100vw, 1024px\" \/><\/figure>\n","protected":false},"excerpt":{"rendered":"<p>Mit dem sechsst\u00fcndigen Projekttag werden Kinder ert\u00fcchtigt, sich in der digitalen Welt eigenverantwortlich und im Bewusstsein m\u00f6glicher Gefahren zu bewegen. Positive und negative Aspekte der zunehmenden Vernetzung werden spielerisch und in einem gesch\u00fctzten Raum thematisiert. Nach einer Einf\u00fchrung zu Internet<\/p>\n","protected":false},"author":1,"featured_media":0,"parent":305,"menu_order":0,"comment_status":"closed","ping_status":"closed","template":"","meta":{"jetpack_post_was_ever_published":false,"footnotes":""},"tags":[4,5,35],"class_list":["post-1065","page","type-page","status-publish","hentry","tag-internet","tag-schule","tag-soziale-netzwerke"],"jetpack_sharing_enabled":true,"jetpack_shortlink":"https:\/\/wp.me\/P7Se2K-hb","_links":{"self":[{"href":"http:\/\/metaversa.de\/web\/wp-json\/wp\/v2\/pages\/1065","targetHints":{"allow":["GET"]}}],"collection":[{"href":"http:\/\/metaversa.de\/web\/wp-json\/wp\/v2\/pages"}],"about":[{"href":"http:\/\/metaversa.de\/web\/wp-json\/wp\/v2\/types\/page"}],"author":[{"embeddable":true,"href":"http:\/\/metaversa.de\/web\/wp-json\/wp\/v2\/users\/1"}],"replies":[{"embeddable":true,"href":"http:\/\/metaversa.de\/web\/wp-json\/wp\/v2\/comments?post=1065"}],"version-history":[{"count":3,"href":"http:\/\/metaversa.de\/web\/wp-json\/wp\/v2\/pages\/1065\/revisions"}],"predecessor-version":[{"id":1104,"href":"http:\/\/metaversa.de\/web\/wp-json\/wp\/v2\/pages\/1065\/revisions\/1104"}],"up":[{"embeddable":true,"href":"http:\/\/metaversa.de\/web\/wp-json\/wp\/v2\/pages\/305"}],"wp:attachment":[{"href":"http:\/\/metaversa.de\/web\/wp-json\/wp\/v2\/media?parent=1065"}],"wp:term":[{"taxonomy":"post_tag","embeddable":true,"href":"http:\/\/metaversa.de\/web\/wp-json\/wp\/v2\/tags?post=1065"}],"curies":[{"name":"wp","href":"https:\/\/api.w.org\/{rel}","templated":true}]}}