{"id":5,"date":"2015-04-23T17:26:05","date_gmt":"2015-04-23T15:26:05","guid":{"rendered":"http:\/\/metaversa.de\/netzlotsen2\/?page_id=5"},"modified":"2019-08-05T21:23:58","modified_gmt":"2019-08-05T19:23:58","slug":"start","status":"publish","type":"page","link":"http:\/\/metaversa.de\/netzlotsen2\/","title":{"rendered":"Start"},"content":{"rendered":"<p>Vom 12.-16. August 2019 werden Sch\u00fcler*innen der Grundschule Am Hohen Feld w\u00e4hrend einer Projektwoche zu \u201cNetzlotsen\u201d ausgebildet. Es handelt sich dabei um ein intergeneratives Projekt, bei dem auch die Gro\u00dfeltern und Eltern der Sch\u00fclerInnen eingebunden werden.<\/p>\n<p>Ziel des Projekts ist es, den Sch\u00fclerInnen und ihren Gro\u00dfeltern Medienkompetenz zu vermitteln. Durch die Situation selber LehrerIn sein zu k\u00f6nnen, erweitern die Sch\u00fclerInnen ihre sozialen Kompetenzen und lernen Methoden kennen, wie sie anderen zuh\u00f6ren, auf sie eingehen und Wissen weitervermitteln k\u00f6nnen. Die Sch\u00fclerInnen k\u00f6nnen sich mit ihrem neu erworbenen Wissen \u00fcber Nutzung und auch Risiken des Internets als kompetente Kinder und Enkel pr\u00e4sentieren. Aber nicht nur die Gro\u00dfeltern k\u00f6nnen von den Kindern lernen, sondern die Sch\u00fclerInnen haben die M\u00f6glichkeit die Medienwelt der Gro\u00dfeltern kennenzulernen.<\/p>\n<p>An den ersten vier Projekttagen setzen sich die Sch\u00fclerInnen mit den Chancen und Gefahren der Internetkommunikation auseinander, erfahren ein intensives Recherchetraining und lernen die notwendigen Methoden kennen, um ihr Wissen als \u201eNetzlotsen\u201c an andere weiterzugeben. Die Gro\u00dfeltern der Sch\u00fclerInnen nehmen am letzten Projekttag teil. Dann geben die Sch\u00fclerInnen ihr neu erworbenes Wissen an die Gro\u00dfeltern weiter und f\u00fchren mit ihnen ein Internetrecherchetraining durch.<\/p>\n<p>\u201enetzlotsen@\u201c ist ein Projekt der Medienanstalt Berlin-Brandenburg (mabb) und wurde bereits 2011 \u2013 2018 erfolgreich an Grundschulen durchgef\u00fchrt. Beim Wettbewerb \u201eWege ins Netz\u201c des Bundesministeriums f\u00fcr Wirtschaft und Technologie belegte \u201enetzlotsen@wusterhausen\u201c 2011 in der Kategorie \u201eErste Wege ins Netz: Interneteinsteiger begeistern\u201c den 3. Platz. Durch die F\u00f6rderung der mabb entstehen der Grundschule keine Kosten. Das Projekt wird von zwei Medienp\u00e4dagogInnen vor Ort durchgef\u00fchrt.<\/p>\n<p>Kontakt: Michael Lange, lange@metaversa.de.<\/p>\n","protected":false},"excerpt":{"rendered":"<p>Vom 12.-16. August 2019 werden Sch\u00fcler*innen der Grundschule Am Hohen Feld w\u00e4hrend einer Projektwoche zu \u201cNetzlotsen\u201d ausgebildet. Es handelt sich dabei um ein intergeneratives Projekt, bei dem auch die Gro\u00dfeltern und Eltern der Sch\u00fclerInnen eingebunden werden. Ziel des Projekts ist es, den Sch\u00fclerInnen und ihren Gro\u00dfeltern Medienkompetenz zu vermitteln. Durch&#8230;<\/p>\n","protected":false},"author":1,"featured_media":0,"parent":0,"menu_order":0,"comment_status":"closed","ping_status":"closed","template":"","meta":[],"_links":{"self":[{"href":"http:\/\/metaversa.de\/netzlotsen2\/wp-json\/wp\/v2\/pages\/5"}],"collection":[{"href":"http:\/\/metaversa.de\/netzlotsen2\/wp-json\/wp\/v2\/pages"}],"about":[{"href":"http:\/\/metaversa.de\/netzlotsen2\/wp-json\/wp\/v2\/types\/page"}],"author":[{"embeddable":true,"href":"http:\/\/metaversa.de\/netzlotsen2\/wp-json\/wp\/v2\/users\/1"}],"replies":[{"embeddable":true,"href":"http:\/\/metaversa.de\/netzlotsen2\/wp-json\/wp\/v2\/comments?post=5"}],"version-history":[{"count":6,"href":"http:\/\/metaversa.de\/netzlotsen2\/wp-json\/wp\/v2\/pages\/5\/revisions"}],"predecessor-version":[{"id":2357,"href":"http:\/\/metaversa.de\/netzlotsen2\/wp-json\/wp\/v2\/pages\/5\/revisions\/2357"}],"wp:attachment":[{"href":"http:\/\/metaversa.de\/netzlotsen2\/wp-json\/wp\/v2\/media?parent=5"}],"curies":[{"name":"wp","href":"https:\/\/api.w.org\/{rel}","templated":true}]}}